{"id":361,"date":"2025-09-10T00:09:47","date_gmt":"2025-09-09T22:09:47","guid":{"rendered":"https:\/\/www.posk.se\/gavle\/?page_id=361"},"modified":"2025-09-10T00:45:38","modified_gmt":"2025-09-09T22:45:38","slug":"teman","status":"publish","type":"page","link":"https:\/\/www.posk.se\/gavle\/teman\/","title":{"rendered":"Teman"},"content":{"rendered":"<p>Veckorna inf\u00f6r kyrkovalet och under kyrkovalet l\u00e4gger vi ut texter om v\u00e5ra tankar kring tre teman, i \u00e5r \u00e4r det <strong>skogen<\/strong>, <strong>diakonin<\/strong> och <strong>l\u00e4rande<\/strong> som f\u00e5r st\u00e5 i fokus.<\/p>\n<p>&nbsp;<\/p>\n","protected":false},"excerpt":{"rendered":"<p>Veckorna inf\u00f6r kyrkovalet och under kyrkovalet l\u00e4gger vi ut texter om v\u00e5ra tankar kring tre teman, i \u00e5r \u00e4r det skogen, diakonin och l\u00e4rande som f\u00e5r st\u00e5 i fokus. &nbsp;<\/p>\n","protected":false},"author":1391,"featured_media":0,"parent":0,"menu_order":2,"comment_status":"closed","ping_status":"closed","template":"page-templates\/page-sidebar-left.php","meta":{"_acf_changed":false,"footnotes":""},"class_list":["post-361","page","type-page","status-publish","hentry"],"acf":[],"yoast_head":"<!-- This site is optimized with the Yoast SEO plugin v24.9 - https:\/\/yoast.com\/wordpress\/plugins\/seo\/ -->\n<title>Teman - G\u00e4vle<\/title>\n<meta name=\"robots\" content=\"index, follow, max-snippet:-1, max-image-preview:large, max-video-preview:-1\" \/>\n<link rel=\"canonical\" href=\"https:\/\/www.posk.se\/gavle\/teman\/\" \/>\n<meta property=\"og:locale\" content=\"sv_SE\" \/>\n<meta property=\"og:type\" content=\"article\" \/>\n<meta property=\"og:title\" content=\"Teman - G\u00e4vle\" \/>\n<meta property=\"og:description\" content=\"Veckorna inf\u00f6r kyrkovalet och under kyrkovalet l\u00e4gger vi ut texter om v\u00e5ra tankar kring tre teman, i \u00e5r \u00e4r det skogen, diakonin och l\u00e4rande som f\u00e5r st\u00e5 i fokus. &nbsp;\" \/>\n<meta property=\"og:url\" content=\"https:\/\/www.posk.se\/gavle\/teman\/\" \/>\n<meta property=\"og:site_name\" content=\"G\u00e4vle\" \/>\n<meta property=\"article:modified_time\" content=\"2025-09-09T22:45:38+00:00\" \/>\n<meta name=\"twitter:card\" content=\"summary_large_image\" \/>\n<meta name=\"twitter:label1\" content=\"Ber\u00e4knad l\u00e4stid\" \/>\n\t<meta name=\"twitter:data1\" content=\"1 minut\" \/>\n<script type=\"application\/ld+json\" class=\"yoast-schema-graph\">{\"@context\":\"https:\/\/schema.org\",\"@graph\":[{\"@type\":\"WebPage\",\"@id\":\"https:\/\/www.posk.se\/gavle\/teman\/\",\"url\":\"https:\/\/www.posk.se\/gavle\/teman\/\",\"name\":\"Teman - G\u00e4vle\",\"isPartOf\":{\"@id\":\"https:\/\/www.posk.se\/gavle\/#website\"},\"datePublished\":\"2025-09-09T22:09:47+00:00\",\"dateModified\":\"2025-09-09T22:45:38+00:00\",\"breadcrumb\":{\"@id\":\"https:\/\/www.posk.se\/gavle\/teman\/#breadcrumb\"},\"inLanguage\":\"sv-SE\",\"potentialAction\":[{\"@type\":\"ReadAction\",\"target\":[\"https:\/\/www.posk.se\/gavle\/teman\/\"]}]},{\"@type\":\"BreadcrumbList\",\"@id\":\"https:\/\/www.posk.se\/gavle\/teman\/#breadcrumb\",\"itemListElement\":[{\"@type\":\"ListItem\",\"position\":1,\"name\":\"Hem\",\"item\":\"https:\/\/www.posk.se\/gavle\/\"},{\"@type\":\"ListItem\",\"position\":2,\"name\":\"Teman\"}]},{\"@type\":\"WebSite\",\"@id\":\"https:\/\/www.posk.se\/gavle\/#website\",\"url\":\"https:\/\/www.posk.se\/gavle\/\",\"name\":\"G\u00e4vle\",\"description\":\"POSK-grupp i Uppsala stift\",\"potentialAction\":[{\"@type\":\"SearchAction\",\"target\":{\"@type\":\"EntryPoint\",\"urlTemplate\":\"https:\/\/www.posk.se\/gavle\/?s={search_term_string}\"},\"query-input\":{\"@type\":\"PropertyValueSpecification\",\"valueRequired\":true,\"valueName\":\"search_term_string\"}}],\"inLanguage\":\"sv-SE\"}]}<\/script>\n<!-- \/ Yoast SEO plugin. -->","yoast_head_json":{"title":"Teman - G\u00e4vle","robots":{"index":"index","follow":"follow","max-snippet":"max-snippet:-1","max-image-preview":"max-image-preview:large","max-video-preview":"max-video-preview:-1"},"canonical":"https:\/\/www.posk.se\/gavle\/teman\/","og_locale":"sv_SE","og_type":"article","og_title":"Teman - G\u00e4vle","og_description":"Veckorna inf\u00f6r kyrkovalet och under kyrkovalet l\u00e4gger vi ut texter om v\u00e5ra tankar kring tre teman, i \u00e5r \u00e4r det skogen, diakonin och l\u00e4rande som f\u00e5r st\u00e5 i fokus. &nbsp;","og_url":"https:\/\/www.posk.se\/gavle\/teman\/","og_site_name":"G\u00e4vle","article_modified_time":"2025-09-09T22:45:38+00:00","twitter_card":"summary_large_image","twitter_misc":{"Ber\u00e4knad l\u00e4stid":"1 minut"},"schema":{"@context":"https:\/\/schema.org","@graph":[{"@type":"WebPage","@id":"https:\/\/www.posk.se\/gavle\/teman\/","url":"https:\/\/www.posk.se\/gavle\/teman\/","name":"Teman - G\u00e4vle","isPartOf":{"@id":"https:\/\/www.posk.se\/gavle\/#website"},"datePublished":"2025-09-09T22:09:47+00:00","dateModified":"2025-09-09T22:45:38+00:00","breadcrumb":{"@id":"https:\/\/www.posk.se\/gavle\/teman\/#breadcrumb"},"inLanguage":"sv-SE","potentialAction":[{"@type":"ReadAction","target":["https:\/\/www.posk.se\/gavle\/teman\/"]}]},{"@type":"BreadcrumbList","@id":"https:\/\/www.posk.se\/gavle\/teman\/#breadcrumb","itemListElement":[{"@type":"ListItem","position":1,"name":"Hem","item":"https:\/\/www.posk.se\/gavle\/"},{"@type":"ListItem","position":2,"name":"Teman"}]},{"@type":"WebSite","@id":"https:\/\/www.posk.se\/gavle\/#website","url":"https:\/\/www.posk.se\/gavle\/","name":"G\u00e4vle","description":"POSK-grupp i Uppsala stift","potentialAction":[{"@type":"SearchAction","target":{"@type":"EntryPoint","urlTemplate":"https:\/\/www.posk.se\/gavle\/?s={search_term_string}"},"query-input":{"@type":"PropertyValueSpecification","valueRequired":true,"valueName":"search_term_string"}}],"inLanguage":"sv-SE"}]}},"_links":{"self":[{"href":"https:\/\/www.posk.se\/gavle\/wp-json\/wp\/v2\/pages\/361","targetHints":{"allow":["GET"]}}],"collection":[{"href":"https:\/\/www.posk.se\/gavle\/wp-json\/wp\/v2\/pages"}],"about":[{"href":"https:\/\/www.posk.se\/gavle\/wp-json\/wp\/v2\/types\/page"}],"author":[{"embeddable":true,"href":"https:\/\/www.posk.se\/gavle\/wp-json\/wp\/v2\/users\/1391"}],"replies":[{"embeddable":true,"href":"https:\/\/www.posk.se\/gavle\/wp-json\/wp\/v2\/comments?post=361"}],"version-history":[{"count":7,"href":"https:\/\/www.posk.se\/gavle\/wp-json\/wp\/v2\/pages\/361\/revisions"}],"predecessor-version":[{"id":406,"href":"https:\/\/www.posk.se\/gavle\/wp-json\/wp\/v2\/pages\/361\/revisions\/406"}],"wp:attachment":[{"href":"https:\/\/www.posk.se\/gavle\/wp-json\/wp\/v2\/media?parent=361"}],"curies":[{"name":"wp","href":"https:\/\/api.w.org\/{rel}","templated":true}]}}