{"id":184,"date":"2021-09-07T02:16:51","date_gmt":"2021-09-07T00:16:51","guid":{"rendered":"https:\/\/www.posk.se\/gavle\/?page_id=184"},"modified":"2025-09-10T00:23:50","modified_gmt":"2025-09-09T22:23:50","slug":"tema-diakoni","status":"publish","type":"page","link":"https:\/\/www.posk.se\/gavle\/teman\/tema-diakoni\/","title":{"rendered":"Tema 2021: Diakoni"},"content":{"rendered":"<p><strong>GUDS OMSORG INSLUTER OSS ALLA<\/strong><\/p>\n<p><img loading=\"lazy\" decoding=\"async\" class=\"alignnone size-medium wp-image-185\" src=\"https:\/\/www.posk.se\/gavle\/wp-content\/uploads\/sites\/170\/2021\/09\/dag-1-225x300.jpg\" alt=\"\" width=\"225\" height=\"300\" srcset=\"https:\/\/www.posk.se\/gavle\/wp-content\/uploads\/sites\/170\/2021\/09\/dag-1-225x300.jpg 225w, https:\/\/www.posk.se\/gavle\/wp-content\/uploads\/sites\/170\/2021\/09\/dag-1-330x440.jpg 330w, https:\/\/www.posk.se\/gavle\/wp-content\/uploads\/sites\/170\/2021\/09\/dag-1.jpg 480w\" sizes=\"auto, (max-width: 225px) 100vw, 225px\" \/><\/p>\n<p style=\"font-weight: 400\">Diakoni \u00e4r en av kyrkans huvuduppgifter och ett direkt och praktiskt uttryck f\u00f6r v\u00e5r kristna tro.<br \/>\nN\u00e4r samh\u00e4llets skyddsn\u00e4t inte r\u00e4cker till vet vi att kyrkans arbete f\u00f6r och tillsammans med utsatta<br \/>\noch s\u00f6kande m\u00e4nniskor kan vara direkt livsavg\u00f6rande.<\/p>\n<p style=\"font-weight: 400\">Vi \u00e4r POSK, Partipolitiskt Obundna i Svenska kyrkan, i G\u00e4vle.<\/p>\n<p>&nbsp;<\/p>\n<p><img loading=\"lazy\" decoding=\"async\" class=\"alignnone size-medium wp-image-187\" src=\"https:\/\/www.posk.se\/gavle\/wp-content\/uploads\/sites\/170\/2021\/09\/dag-2-269x300.jpg\" alt=\"\" width=\"269\" height=\"300\" srcset=\"https:\/\/www.posk.se\/gavle\/wp-content\/uploads\/sites\/170\/2021\/09\/dag-2-269x300.jpg 269w, https:\/\/www.posk.se\/gavle\/wp-content\/uploads\/sites\/170\/2021\/09\/dag-2-330x368.jpg 330w, https:\/\/www.posk.se\/gavle\/wp-content\/uploads\/sites\/170\/2021\/09\/dag-2.jpg 574w\" sizes=\"auto, (max-width: 269px) 100vw, 269px\" \/><\/p>\n<p style=\"font-weight: 400\">Kyrkan ska finnas d\u00e4r n\u00e4r kriser drabbar enskilda, familjer och hela\u00a0samh\u00e4llet.<br \/>\nD\u00e4rf\u00f6r vill vi s\u00e4rskilt satsa p\u00e5 kyrkans diakonala arbete i dag och i framtiden.<\/p>\n<p style=\"font-weight: 400\">Vi \u00e4r POSK, Partipolitiskt Obundna i Svenska kyrkan, i G\u00e4vle.<\/p>\n<p>&nbsp;<\/p>\n<p><img loading=\"lazy\" decoding=\"async\" class=\"alignnone size-medium wp-image-192\" src=\"https:\/\/www.posk.se\/gavle\/wp-content\/uploads\/sites\/170\/2021\/09\/dag-3-236x300.jpg\" alt=\"\" width=\"236\" height=\"300\" srcset=\"https:\/\/www.posk.se\/gavle\/wp-content\/uploads\/sites\/170\/2021\/09\/dag-3-236x300.jpg 236w, https:\/\/www.posk.se\/gavle\/wp-content\/uploads\/sites\/170\/2021\/09\/dag-3-330x420.jpg 330w, https:\/\/www.posk.se\/gavle\/wp-content\/uploads\/sites\/170\/2021\/09\/dag-3.jpg 503w\" sizes=\"auto, (max-width: 236px) 100vw, 236px\" \/><\/p>\n<p>N\u00e4r allvarliga h\u00e4ndelser intr\u00e4ffar och m\u00e4nniskor beh\u00f6ver n\u00e5got att h\u00e5lla sig till finns kyrkan d\u00e4r. F\u00f6r tr\u00f6st och st\u00f6d. F\u00f6r m\u00e4nsklig kontakt. F\u00f6r ljusburet rum, d\u00e4r man kan samla tankarna. F\u00f6r n\u00e5gon att tala med eller bara sitta tyst tillsammans med. Det \u00e4r en del av kyrkans diakoni.<\/p>\n<p>Vi \u00e4r POSK, Partipolitiskt Obundna i Svenska kyrkan, i G\u00e4vle.<\/p>\n<p>&nbsp;<\/p>\n<p><img loading=\"lazy\" decoding=\"async\" class=\"alignnone size-medium wp-image-194\" src=\"https:\/\/www.posk.se\/gavle\/wp-content\/uploads\/sites\/170\/2021\/09\/dag-4-237x300.jpg\" alt=\"\" width=\"237\" height=\"300\" srcset=\"https:\/\/www.posk.se\/gavle\/wp-content\/uploads\/sites\/170\/2021\/09\/dag-4-237x300.jpg 237w, https:\/\/www.posk.se\/gavle\/wp-content\/uploads\/sites\/170\/2021\/09\/dag-4-330x418.jpg 330w, https:\/\/www.posk.se\/gavle\/wp-content\/uploads\/sites\/170\/2021\/09\/dag-4.jpg 351w\" sizes=\"auto, (max-width: 237px) 100vw, 237px\" \/><\/p>\n<p style=\"font-weight: 400\">Ensam \u00e4r aldrig stark. Livet kan f\u00f6r\u00e4ndras p\u00e5 en sekund. En sorg kan l\u00e4tta men saknaden efter den som funnits och det som varit finns \u00e4nd\u00e5 alltid d\u00e4r.<\/p>\n<p style=\"font-weight: 400\">D\u00e4rf\u00f6r ska kyrkan erbjuda st\u00f6d och hj\u00e4lp till alla som beh\u00f6ver det i b\u00f6n och i m\u00e4nskliga m\u00f6ten.<\/p>\n<p>Vi \u00e4r POSK, Partipolitiskt Obundna i Svenska kyrkan, i G\u00e4vle.<\/p>\n<p>&nbsp;<\/p>\n<p><img loading=\"lazy\" decoding=\"async\" class=\"alignnone size-medium wp-image-195\" src=\"https:\/\/www.posk.se\/gavle\/wp-content\/uploads\/sites\/170\/2021\/09\/dag-5-216x300.jpg\" alt=\"\" width=\"216\" height=\"300\" srcset=\"https:\/\/www.posk.se\/gavle\/wp-content\/uploads\/sites\/170\/2021\/09\/dag-5-216x300.jpg 216w, https:\/\/www.posk.se\/gavle\/wp-content\/uploads\/sites\/170\/2021\/09\/dag-5-736x1024.jpg 736w, https:\/\/www.posk.se\/gavle\/wp-content\/uploads\/sites\/170\/2021\/09\/dag-5-768x1068.jpg 768w, https:\/\/www.posk.se\/gavle\/wp-content\/uploads\/sites\/170\/2021\/09\/dag-5-330x459.jpg 330w, https:\/\/www.posk.se\/gavle\/wp-content\/uploads\/sites\/170\/2021\/09\/dag-5.jpg 796w\" sizes=\"auto, (max-width: 216px) 100vw, 216px\" \/><\/p>\n<p style=\"font-weight: 400\">Att hj\u00e4lpa. Att hj\u00e4lpa till. Att hj\u00e4lpas \u00e5t.<\/p>\n<p style=\"font-weight: 400\">Att lyssna. Att sk\u00e4nka en tanke. Att flera tillsammans f\u00f6rs\u00f6ker reda upp en sv\u00e5r livssituation.<\/p>\n<p style=\"font-weight: 400\">Det \u00e4r diakoni och en av h\u00f6rnstenarna i kyrkans verksamhet. Diakonin g\u00f6r aldrig skillnad p\u00e5 m\u00e4nniskor och den ska finnas och utvecklas b\u00e5de i G\u00e4vle och resten av v\u00e4rlden.<\/p>\n<p>Vi \u00e4r POSK, Partipolitiskt Obundna i Svenska kyrkan, i G\u00e4vle.<\/p>\n<p>&nbsp;<\/p>\n<p><img loading=\"lazy\" decoding=\"async\" class=\"alignnone size-medium wp-image-196\" src=\"https:\/\/www.posk.se\/gavle\/wp-content\/uploads\/sites\/170\/2021\/09\/dag-6-247x300.jpg\" alt=\"\" width=\"247\" height=\"300\" srcset=\"https:\/\/www.posk.se\/gavle\/wp-content\/uploads\/sites\/170\/2021\/09\/dag-6-247x300.jpg 247w, https:\/\/www.posk.se\/gavle\/wp-content\/uploads\/sites\/170\/2021\/09\/dag-6-330x402.jpg 330w, https:\/\/www.posk.se\/gavle\/wp-content\/uploads\/sites\/170\/2021\/09\/dag-6.jpg 526w\" sizes=\"auto, (max-width: 247px) 100vw, 247px\" \/><br \/>\n<em>(Fasadm\u00e5lning av Charlie Granberg)<\/em><\/p>\n<p style=\"font-weight: 400\">En modig kyrka \u00e4r snar till handling.<\/p>\n<p style=\"font-weight: 400\">En handlingskraftig kyrka v\u00e4rnar samh\u00e4llets minsta och mest utsatta.<\/p>\n<p style=\"font-weight: 400\">Det \u00e4r aktiv kristendom, det \u00e4r diakoni, och det \u00e4r en av kyrkans viktigaste uppgifter.<\/p>\n<p>Vi \u00e4r POSK, Partipolitiskt Obundna i Svenska kyrkan, i G\u00e4vle.<\/p>\n<p>&nbsp;<\/p>\n<p><img loading=\"lazy\" decoding=\"async\" class=\"alignnone size-medium wp-image-197\" src=\"https:\/\/www.posk.se\/gavle\/wp-content\/uploads\/sites\/170\/2021\/09\/dag-7-225x300.jpg\" alt=\"\" width=\"225\" height=\"300\" srcset=\"https:\/\/www.posk.se\/gavle\/wp-content\/uploads\/sites\/170\/2021\/09\/dag-7-225x300.jpg 225w, https:\/\/www.posk.se\/gavle\/wp-content\/uploads\/sites\/170\/2021\/09\/dag-7-330x440.jpg 330w, https:\/\/www.posk.se\/gavle\/wp-content\/uploads\/sites\/170\/2021\/09\/dag-7.jpg 480w\" sizes=\"auto, (max-width: 225px) 100vw, 225px\" \/><\/p>\n<p style=\"font-weight: 400\">M\u00e4nskliga m\u00f6ten \u00e4r lika viktiga som m\u00f6tena med Gud.<\/p>\n<p style=\"font-weight: 400\">Det \u00e4r tillsammans med andra och f\u00f6r andra och varandra som vi kristna ska verka.<\/p>\n<p style=\"font-weight: 400\">Solidaritet och omsorg om alla som beh\u00f6ver st\u00f6d och hj\u00e4lp kallas f\u00f6r diakoni i kyrkans v\u00e4rld.<\/p>\n<p style=\"font-weight: 400\">Vi vill att Svenska kyrkan i G\u00e4vle ska forts\u00e4tta med och utveckla sitt modiga diakonala arbete.<\/p>\n<p>Vi \u00e4r POSK, Partipolitiskt Obundna i Svenska kyrkan, i G\u00e4vle.<\/p>\n","protected":false},"excerpt":{"rendered":"<p>GUDS OMSORG INSLUTER OSS ALLA Diakoni \u00e4r en av kyrkans huvuduppgifter och ett direkt och praktiskt uttryck f\u00f6r v\u00e5r kristna tro. N\u00e4r samh\u00e4llets skyddsn\u00e4t inte r\u00e4cker till vet vi att kyrkans arbete f\u00f6r och tillsammans med utsatta och s\u00f6kande m\u00e4nniskor kan vara direkt livsavg\u00f6rande. Vi \u00e4r POSK, Partipolitiskt Obundna i Svenska kyrkan, i G\u00e4vle. &nbsp; [&hellip;]<\/p>\n","protected":false},"author":1391,"featured_media":0,"parent":361,"menu_order":6,"comment_status":"closed","ping_status":"closed","template":"page-templates\/page-sidebar-left.php","meta":{"_acf_changed":false,"footnotes":""},"class_list":["post-184","page","type-page","status-publish","hentry"],"acf":[],"yoast_head":"<!-- This site is optimized with the Yoast SEO plugin v24.9 - https:\/\/yoast.com\/wordpress\/plugins\/seo\/ -->\n<title>Tema 2021: Diakoni - G\u00e4vle<\/title>\n<meta name=\"robots\" content=\"index, follow, max-snippet:-1, max-image-preview:large, max-video-preview:-1\" \/>\n<link rel=\"canonical\" href=\"https:\/\/www.posk.se\/gavle\/teman\/tema-diakoni\/\" \/>\n<meta property=\"og:locale\" content=\"sv_SE\" \/>\n<meta property=\"og:type\" content=\"article\" \/>\n<meta property=\"og:title\" content=\"Tema 2021: Diakoni - G\u00e4vle\" \/>\n<meta property=\"og:description\" content=\"GUDS OMSORG INSLUTER OSS ALLA Diakoni \u00e4r en av kyrkans huvuduppgifter och ett direkt och praktiskt uttryck f\u00f6r v\u00e5r kristna tro. N\u00e4r samh\u00e4llets skyddsn\u00e4t inte r\u00e4cker till vet vi att kyrkans arbete f\u00f6r och tillsammans med utsatta och s\u00f6kande m\u00e4nniskor kan vara direkt livsavg\u00f6rande. Vi \u00e4r POSK, Partipolitiskt Obundna i Svenska kyrkan, i G\u00e4vle. &nbsp; [&hellip;]\" \/>\n<meta property=\"og:url\" content=\"https:\/\/www.posk.se\/gavle\/teman\/tema-diakoni\/\" \/>\n<meta property=\"og:site_name\" content=\"G\u00e4vle\" \/>\n<meta property=\"article:modified_time\" content=\"2025-09-09T22:23:50+00:00\" \/>\n<meta property=\"og:image\" content=\"https:\/\/www.posk.se\/gavle\/wp-content\/uploads\/sites\/170\/2021\/09\/dag-1.jpg\" \/>\n\t<meta property=\"og:image:width\" content=\"480\" \/>\n\t<meta property=\"og:image:height\" content=\"640\" \/>\n\t<meta property=\"og:image:type\" content=\"image\/jpeg\" \/>\n<meta name=\"twitter:card\" content=\"summary_large_image\" \/>\n<meta name=\"twitter:label1\" content=\"Ber\u00e4knad l\u00e4stid\" \/>\n\t<meta name=\"twitter:data1\" content=\"4 minuter\" \/>\n<script type=\"application\/ld+json\" class=\"yoast-schema-graph\">{\"@context\":\"https:\/\/schema.org\",\"@graph\":[{\"@type\":\"WebPage\",\"@id\":\"https:\/\/www.posk.se\/gavle\/teman\/tema-diakoni\/\",\"url\":\"https:\/\/www.posk.se\/gavle\/teman\/tema-diakoni\/\",\"name\":\"Tema 2021: Diakoni - G\u00e4vle\",\"isPartOf\":{\"@id\":\"https:\/\/www.posk.se\/gavle\/#website\"},\"primaryImageOfPage\":{\"@id\":\"https:\/\/www.posk.se\/gavle\/teman\/tema-diakoni\/#primaryimage\"},\"image\":{\"@id\":\"https:\/\/www.posk.se\/gavle\/teman\/tema-diakoni\/#primaryimage\"},\"thumbnailUrl\":\"https:\/\/www.posk.se\/gavle\/wp-content\/uploads\/sites\/170\/2021\/09\/dag-1-225x300.jpg\",\"datePublished\":\"2021-09-07T00:16:51+00:00\",\"dateModified\":\"2025-09-09T22:23:50+00:00\",\"breadcrumb\":{\"@id\":\"https:\/\/www.posk.se\/gavle\/teman\/tema-diakoni\/#breadcrumb\"},\"inLanguage\":\"sv-SE\",\"potentialAction\":[{\"@type\":\"ReadAction\",\"target\":[\"https:\/\/www.posk.se\/gavle\/teman\/tema-diakoni\/\"]}]},{\"@type\":\"ImageObject\",\"inLanguage\":\"sv-SE\",\"@id\":\"https:\/\/www.posk.se\/gavle\/teman\/tema-diakoni\/#primaryimage\",\"url\":\"https:\/\/www.posk.se\/gavle\/wp-content\/uploads\/sites\/170\/2021\/09\/dag-1.jpg\",\"contentUrl\":\"https:\/\/www.posk.se\/gavle\/wp-content\/uploads\/sites\/170\/2021\/09\/dag-1.jpg\",\"width\":480,\"height\":640},{\"@type\":\"BreadcrumbList\",\"@id\":\"https:\/\/www.posk.se\/gavle\/teman\/tema-diakoni\/#breadcrumb\",\"itemListElement\":[{\"@type\":\"ListItem\",\"position\":1,\"name\":\"Hem\",\"item\":\"https:\/\/www.posk.se\/gavle\/\"},{\"@type\":\"ListItem\",\"position\":2,\"name\":\"Teman\",\"item\":\"https:\/\/www.posk.se\/gavle\/teman\/\"},{\"@type\":\"ListItem\",\"position\":3,\"name\":\"Tema 2021: Diakoni\"}]},{\"@type\":\"WebSite\",\"@id\":\"https:\/\/www.posk.se\/gavle\/#website\",\"url\":\"https:\/\/www.posk.se\/gavle\/\",\"name\":\"G\u00e4vle\",\"description\":\"POSK-grupp i Uppsala stift\",\"potentialAction\":[{\"@type\":\"SearchAction\",\"target\":{\"@type\":\"EntryPoint\",\"urlTemplate\":\"https:\/\/www.posk.se\/gavle\/?s={search_term_string}\"},\"query-input\":{\"@type\":\"PropertyValueSpecification\",\"valueRequired\":true,\"valueName\":\"search_term_string\"}}],\"inLanguage\":\"sv-SE\"}]}<\/script>\n<!-- \/ Yoast SEO plugin. -->","yoast_head_json":{"title":"Tema 2021: Diakoni - G\u00e4vle","robots":{"index":"index","follow":"follow","max-snippet":"max-snippet:-1","max-image-preview":"max-image-preview:large","max-video-preview":"max-video-preview:-1"},"canonical":"https:\/\/www.posk.se\/gavle\/teman\/tema-diakoni\/","og_locale":"sv_SE","og_type":"article","og_title":"Tema 2021: Diakoni - G\u00e4vle","og_description":"GUDS OMSORG INSLUTER OSS ALLA Diakoni \u00e4r en av kyrkans huvuduppgifter och ett direkt och praktiskt uttryck f\u00f6r v\u00e5r kristna tro. N\u00e4r samh\u00e4llets skyddsn\u00e4t inte r\u00e4cker till vet vi att kyrkans arbete f\u00f6r och tillsammans med utsatta och s\u00f6kande m\u00e4nniskor kan vara direkt livsavg\u00f6rande. Vi \u00e4r POSK, Partipolitiskt Obundna i Svenska kyrkan, i G\u00e4vle. &nbsp; [&hellip;]","og_url":"https:\/\/www.posk.se\/gavle\/teman\/tema-diakoni\/","og_site_name":"G\u00e4vle","article_modified_time":"2025-09-09T22:23:50+00:00","og_image":[{"width":480,"height":640,"url":"https:\/\/www.posk.se\/gavle\/wp-content\/uploads\/sites\/170\/2021\/09\/dag-1.jpg","type":"image\/jpeg"}],"twitter_card":"summary_large_image","twitter_misc":{"Ber\u00e4knad l\u00e4stid":"4 minuter"},"schema":{"@context":"https:\/\/schema.org","@graph":[{"@type":"WebPage","@id":"https:\/\/www.posk.se\/gavle\/teman\/tema-diakoni\/","url":"https:\/\/www.posk.se\/gavle\/teman\/tema-diakoni\/","name":"Tema 2021: Diakoni - G\u00e4vle","isPartOf":{"@id":"https:\/\/www.posk.se\/gavle\/#website"},"primaryImageOfPage":{"@id":"https:\/\/www.posk.se\/gavle\/teman\/tema-diakoni\/#primaryimage"},"image":{"@id":"https:\/\/www.posk.se\/gavle\/teman\/tema-diakoni\/#primaryimage"},"thumbnailUrl":"https:\/\/www.posk.se\/gavle\/wp-content\/uploads\/sites\/170\/2021\/09\/dag-1-225x300.jpg","datePublished":"2021-09-07T00:16:51+00:00","dateModified":"2025-09-09T22:23:50+00:00","breadcrumb":{"@id":"https:\/\/www.posk.se\/gavle\/teman\/tema-diakoni\/#breadcrumb"},"inLanguage":"sv-SE","potentialAction":[{"@type":"ReadAction","target":["https:\/\/www.posk.se\/gavle\/teman\/tema-diakoni\/"]}]},{"@type":"ImageObject","inLanguage":"sv-SE","@id":"https:\/\/www.posk.se\/gavle\/teman\/tema-diakoni\/#primaryimage","url":"https:\/\/www.posk.se\/gavle\/wp-content\/uploads\/sites\/170\/2021\/09\/dag-1.jpg","contentUrl":"https:\/\/www.posk.se\/gavle\/wp-content\/uploads\/sites\/170\/2021\/09\/dag-1.jpg","width":480,"height":640},{"@type":"BreadcrumbList","@id":"https:\/\/www.posk.se\/gavle\/teman\/tema-diakoni\/#breadcrumb","itemListElement":[{"@type":"ListItem","position":1,"name":"Hem","item":"https:\/\/www.posk.se\/gavle\/"},{"@type":"ListItem","position":2,"name":"Teman","item":"https:\/\/www.posk.se\/gavle\/teman\/"},{"@type":"ListItem","position":3,"name":"Tema 2021: Diakoni"}]},{"@type":"WebSite","@id":"https:\/\/www.posk.se\/gavle\/#website","url":"https:\/\/www.posk.se\/gavle\/","name":"G\u00e4vle","description":"POSK-grupp i Uppsala stift","potentialAction":[{"@type":"SearchAction","target":{"@type":"EntryPoint","urlTemplate":"https:\/\/www.posk.se\/gavle\/?s={search_term_string}"},"query-input":{"@type":"PropertyValueSpecification","valueRequired":true,"valueName":"search_term_string"}}],"inLanguage":"sv-SE"}]}},"_links":{"self":[{"href":"https:\/\/www.posk.se\/gavle\/wp-json\/wp\/v2\/pages\/184","targetHints":{"allow":["GET"]}}],"collection":[{"href":"https:\/\/www.posk.se\/gavle\/wp-json\/wp\/v2\/pages"}],"about":[{"href":"https:\/\/www.posk.se\/gavle\/wp-json\/wp\/v2\/types\/page"}],"author":[{"embeddable":true,"href":"https:\/\/www.posk.se\/gavle\/wp-json\/wp\/v2\/users\/1391"}],"replies":[{"embeddable":true,"href":"https:\/\/www.posk.se\/gavle\/wp-json\/wp\/v2\/comments?post=184"}],"version-history":[{"count":8,"href":"https:\/\/www.posk.se\/gavle\/wp-json\/wp\/v2\/pages\/184\/revisions"}],"predecessor-version":[{"id":367,"href":"https:\/\/www.posk.se\/gavle\/wp-json\/wp\/v2\/pages\/184\/revisions\/367"}],"up":[{"embeddable":true,"href":"https:\/\/www.posk.se\/gavle\/wp-json\/wp\/v2\/pages\/361"}],"wp:attachment":[{"href":"https:\/\/www.posk.se\/gavle\/wp-json\/wp\/v2\/media?parent=184"}],"curies":[{"name":"wp","href":"https:\/\/api.w.org\/{rel}","templated":true}]}}