{"id":142,"date":"2021-08-30T19:51:42","date_gmt":"2021-08-30T17:51:42","guid":{"rendered":"https:\/\/www.posk.se\/gavle\/?page_id=142"},"modified":"2025-09-10T00:23:34","modified_gmt":"2025-09-09T22:23:34","slug":"142-2","status":"publish","type":"page","link":"https:\/\/www.posk.se\/gavle\/teman\/142-2\/","title":{"rendered":"Tema 2021: V\u00e4xande"},"content":{"rendered":"<p><strong>TRONS KRAFT KAN F\u00d6R\u00c4NDRA LIV<\/strong><\/p>\n<p><img loading=\"lazy\" decoding=\"async\" class=\"alignnone size-medium wp-image-143\" src=\"https:\/\/www.posk.se\/gavle\/wp-content\/uploads\/sites\/170\/2021\/08\/240964662-4419770714733032-4243157390141055039-n-300x225.jpg\" alt=\"\" width=\"300\" height=\"225\" srcset=\"https:\/\/www.posk.se\/gavle\/wp-content\/uploads\/sites\/170\/2021\/08\/240964662-4419770714733032-4243157390141055039-n-300x225.jpg 300w, https:\/\/www.posk.se\/gavle\/wp-content\/uploads\/sites\/170\/2021\/08\/240964662-4419770714733032-4243157390141055039-n-1024x768.jpg 1024w, https:\/\/www.posk.se\/gavle\/wp-content\/uploads\/sites\/170\/2021\/08\/240964662-4419770714733032-4243157390141055039-n-768x576.jpg 768w, https:\/\/www.posk.se\/gavle\/wp-content\/uploads\/sites\/170\/2021\/08\/240964662-4419770714733032-4243157390141055039-n-1536x1152.jpg 1536w, https:\/\/www.posk.se\/gavle\/wp-content\/uploads\/sites\/170\/2021\/08\/240964662-4419770714733032-4243157390141055039-n-330x248.jpg 330w, https:\/\/www.posk.se\/gavle\/wp-content\/uploads\/sites\/170\/2021\/08\/240964662-4419770714733032-4243157390141055039-n.jpg 2048w\" sizes=\"auto, (max-width: 300px) 100vw, 300px\" \/><\/p>\n<p>Tron blir aldrig f\u00e4rdig \u2013 och det \u00e4r som det ska.<\/p>\n<p>Kyrkan ska vara ett v\u00e4xthus f\u00f6r alla \u00e5ldrar och f\u00f6r olika behov.<\/p>\n<p>Akademiker och Superhj\u00e4ltar. H\u00f6rselskadade och normalst\u00f6rda. Troende och tvivlande.<\/p>\n<p>Det h\u00e4r vill vi v\u00e4rna och utveckla.<\/p>\n<p>&nbsp;<\/p>\n<p><strong>Vi \u00e4r POSK, Partipolitiskt Obundna i Svenska kyrkan, i G\u00e4vle.<\/strong><\/p>\n<p>&nbsp;<\/p>\n<p><img loading=\"lazy\" decoding=\"async\" class=\"alignnone size-medium wp-image-159\" src=\"https:\/\/www.posk.se\/gavle\/wp-content\/uploads\/sites\/170\/2021\/09\/240593125-4421504794559624-277793720343115066-n-274x300.jpg\" alt=\"\" width=\"274\" height=\"300\" srcset=\"https:\/\/www.posk.se\/gavle\/wp-content\/uploads\/sites\/170\/2021\/09\/240593125-4421504794559624-277793720343115066-n-274x300.jpg 274w, https:\/\/www.posk.se\/gavle\/wp-content\/uploads\/sites\/170\/2021\/09\/240593125-4421504794559624-277793720343115066-n-935x1024.jpg 935w, https:\/\/www.posk.se\/gavle\/wp-content\/uploads\/sites\/170\/2021\/09\/240593125-4421504794559624-277793720343115066-n-768x841.jpg 768w, https:\/\/www.posk.se\/gavle\/wp-content\/uploads\/sites\/170\/2021\/09\/240593125-4421504794559624-277793720343115066-n-330x361.jpg 330w, https:\/\/www.posk.se\/gavle\/wp-content\/uploads\/sites\/170\/2021\/09\/240593125-4421504794559624-277793720343115066-n.jpg 1125w\" sizes=\"auto, (max-width: 274px) 100vw, 274px\" \/><\/p>\n<p>Konfirmandundervisning \u2013 inte som du tror?!<\/p>\n<p>Kyrkan ska satsa p\u00e5 ton\u00e5ringar med metoder som passar unga m\u00e4nniskor idag.<\/p>\n<p>Den som valde bort att konfirmeras p\u00e5 h\u00f6gstadiet ska f\u00e5 nya chanser p\u00e5 gymnasiet.<\/p>\n<p>Det h\u00e4r vill vi v\u00e4rna och utveckla.<\/p>\n<p>&nbsp;<\/p>\n<p><strong>Vi \u00e4r POSK, Partipolitiskt Obundna i Svenska kyrkan, i G\u00e4vle.<\/strong><\/p>\n<p>&nbsp;<\/p>\n<p><img loading=\"lazy\" decoding=\"async\" class=\"alignnone size-medium wp-image-160\" src=\"https:\/\/www.posk.se\/gavle\/wp-content\/uploads\/sites\/170\/2021\/09\/240893665-4425573814152722-2232523307178477887-n-225x300.jpg\" alt=\"\" width=\"225\" height=\"300\" srcset=\"https:\/\/www.posk.se\/gavle\/wp-content\/uploads\/sites\/170\/2021\/09\/240893665-4425573814152722-2232523307178477887-n-225x300.jpg 225w, https:\/\/www.posk.se\/gavle\/wp-content\/uploads\/sites\/170\/2021\/09\/240893665-4425573814152722-2232523307178477887-n-768x1024.jpg 768w, https:\/\/www.posk.se\/gavle\/wp-content\/uploads\/sites\/170\/2021\/09\/240893665-4425573814152722-2232523307178477887-n-1152x1536.jpg 1152w, https:\/\/www.posk.se\/gavle\/wp-content\/uploads\/sites\/170\/2021\/09\/240893665-4425573814152722-2232523307178477887-n-330x440.jpg 330w, https:\/\/www.posk.se\/gavle\/wp-content\/uploads\/sites\/170\/2021\/09\/240893665-4425573814152722-2232523307178477887-n.jpg 1536w\" sizes=\"auto, (max-width: 225px) 100vw, 225px\" \/><\/p>\n<p>V\u00e4xa som vuxen \u2013 att samtala med andra som ocks\u00e5 s\u00f6ker n\u00e5got som h\u00e5ller att leva p\u00e5.<\/p>\n<p>Kyrkan ska vara ett v\u00e4xthus f\u00f6r m\u00e4nniskor i alla \u00e5ldrar och med olika behov.<\/p>\n<p>F\u00f6rel\u00e4sningar och samtalsgrupper. Vuxenkatekumenat och vuxenkonfirmation.<\/p>\n<p>Sj\u00e4lav\u00e5rdssamtal eller andlig v\u00e4gledning tillsammans med en pr\u00e4st eller diakon med tystnadsplikt.<\/p>\n<p>Det h\u00e4r vill vi v\u00e4rna och utveckla.<\/p>\n<p>&nbsp;<\/p>\n<p><strong>Vi \u00e4r POSK, Partipolitiskt Obundna i Svenska kyrkan, i G\u00e4vle.<\/strong><\/p>\n<p>&nbsp;<\/p>\n<p><img loading=\"lazy\" decoding=\"async\" class=\"alignnone size-medium wp-image-169\" src=\"https:\/\/www.posk.se\/gavle\/wp-content\/uploads\/sites\/170\/2021\/09\/241117512-4428891867154250-4007182056676831015-n-225x300.jpg\" alt=\"\" width=\"225\" height=\"300\" srcset=\"https:\/\/www.posk.se\/gavle\/wp-content\/uploads\/sites\/170\/2021\/09\/241117512-4428891867154250-4007182056676831015-n-225x300.jpg 225w, https:\/\/www.posk.se\/gavle\/wp-content\/uploads\/sites\/170\/2021\/09\/241117512-4428891867154250-4007182056676831015-n-768x1024.jpg 768w, https:\/\/www.posk.se\/gavle\/wp-content\/uploads\/sites\/170\/2021\/09\/241117512-4428891867154250-4007182056676831015-n-1152x1536.jpg 1152w, https:\/\/www.posk.se\/gavle\/wp-content\/uploads\/sites\/170\/2021\/09\/241117512-4428891867154250-4007182056676831015-n-330x440.jpg 330w, https:\/\/www.posk.se\/gavle\/wp-content\/uploads\/sites\/170\/2021\/09\/241117512-4428891867154250-4007182056676831015-n.jpg 1536w\" sizes=\"auto, (max-width: 225px) 100vw, 225px\" \/><\/p>\n<p>Vi m\u00e4nniskor beh\u00f6ver en grundl\u00e4ggande tillit till andra m\u00e4nniskor. Den grundl\u00e4ggs tidigt.<\/p>\n<p>Vi beh\u00f6ver ocks\u00e5 en grundl\u00e4ggande tillit till Gud. Den grundl\u00e4ggs lika tidigt.<\/p>\n<p>I kyrkans \u00f6ppna verksamhet kan f\u00f6r\u00e4ldrar f\u00e5 st\u00f6d i att ge sitt barn den tryggheten.<\/p>\n<p>Att be med sitt barn. Att sjunga med sitt barn. H\u00e4r finns ingen \u00e5ldersgr\u00e4ns ner\u00e5t.<\/p>\n<p>Att s\u00e5 sm\u00e5ningom ge barnet ber\u00e4ttelserna om Jesus och Gud som tolkningsnycklar f\u00f6r livet.<\/p>\n<p>P\u00e5 k\u00f6pet kan man v\u00e4xa inuti som f\u00f6r\u00e4lder och vuxen ocks\u00e5.<\/p>\n<p>Det vill vi v\u00e4rna och utveckla.<\/p>\n<p>&nbsp;<\/p>\n<p><strong>Vi \u00e4r POSK, Partipolitiskt Obundna i Svenska kyrkan, i G\u00e4vle.<\/strong><\/p>\n<p>&nbsp;<\/p>\n<p><img loading=\"lazy\" decoding=\"async\" class=\"alignnone size-medium wp-image-178\" src=\"https:\/\/www.posk.se\/gavle\/wp-content\/uploads\/sites\/170\/2021\/09\/241311839-4432059496837487-2326685148323212569-n-225x300.jpg\" alt=\"\" width=\"225\" height=\"300\" srcset=\"https:\/\/www.posk.se\/gavle\/wp-content\/uploads\/sites\/170\/2021\/09\/241311839-4432059496837487-2326685148323212569-n-225x300.jpg 225w, https:\/\/www.posk.se\/gavle\/wp-content\/uploads\/sites\/170\/2021\/09\/241311839-4432059496837487-2326685148323212569-n-768x1024.jpg 768w, https:\/\/www.posk.se\/gavle\/wp-content\/uploads\/sites\/170\/2021\/09\/241311839-4432059496837487-2326685148323212569-n-1152x1536.jpg 1152w, https:\/\/www.posk.se\/gavle\/wp-content\/uploads\/sites\/170\/2021\/09\/241311839-4432059496837487-2326685148323212569-n-330x440.jpg 330w, https:\/\/www.posk.se\/gavle\/wp-content\/uploads\/sites\/170\/2021\/09\/241311839-4432059496837487-2326685148323212569-n.jpg 1536w\" sizes=\"auto, (max-width: 225px) 100vw, 225px\" \/><\/p>\n<p>Kunskapsniv\u00e5n om kristen tro \u00e4r i allm\u00e4nhet l\u00e5g i Sverige idag.<\/p>\n<p>D\u00e5 \u00e4r det l\u00e4tt f\u00f6r f\u00f6rdomar och l\u00f6gner att spridas som \u201dalternativa sanningar\u201d.<\/p>\n<p>En f\u00f6rdom \u00e4r att kristen tro och vetenskap inte skulle g\u00e5 att kombinera.<\/p>\n<p>En annan f\u00f6rdom \u00e4r att kristna \u00e4r homofoba och reaktion\u00e4ra i st\u00f6rsta allm\u00e4nhet.<\/p>\n<p>F\u00f6rel\u00e4sningar och samtalsgrupper. Vuxenkatekumenat och konfirmandgrupper f\u00f6r vuxna.<\/p>\n<p>Undervisning om vad kristen tro faktiskt \u00e4r idag beh\u00f6ver spridas.<\/p>\n<p>Det h\u00e4r vill vi v\u00e4rna och utveckla.<\/p>\n<p>&nbsp;<\/p>\n<p><strong>Vi \u00e4r POSK, Partipolitiskt Obundna i Svenska kyrkan, i G\u00e4vle.<\/strong><\/p>\n<p>&nbsp;<\/p>\n<p><img loading=\"lazy\" decoding=\"async\" class=\"alignnone size-medium wp-image-180\" src=\"https:\/\/www.posk.se\/gavle\/wp-content\/uploads\/sites\/170\/2021\/09\/241286712-4435246526518784-3077164048473339922-n-300x253.jpg\" alt=\"\" width=\"300\" height=\"253\" srcset=\"https:\/\/www.posk.se\/gavle\/wp-content\/uploads\/sites\/170\/2021\/09\/241286712-4435246526518784-3077164048473339922-n-300x253.jpg 300w, https:\/\/www.posk.se\/gavle\/wp-content\/uploads\/sites\/170\/2021\/09\/241286712-4435246526518784-3077164048473339922-n-1024x865.jpg 1024w, https:\/\/www.posk.se\/gavle\/wp-content\/uploads\/sites\/170\/2021\/09\/241286712-4435246526518784-3077164048473339922-n-768x649.jpg 768w, https:\/\/www.posk.se\/gavle\/wp-content\/uploads\/sites\/170\/2021\/09\/241286712-4435246526518784-3077164048473339922-n-330x279.jpg 330w, https:\/\/www.posk.se\/gavle\/wp-content\/uploads\/sites\/170\/2021\/09\/241286712-4435246526518784-3077164048473339922-n.jpg 1125w\" sizes=\"auto, (max-width: 300px) 100vw, 300px\" \/><\/p>\n<p>Det \u00e4r inte alltid l\u00e4tt att leva.<\/p>\n<p>Livet kan g\u00e5 s\u00f6nder, om vi drabbas: sjukdom eller sorg, olycka eller svek,<\/p>\n<p>separation eller missbruk. Annat som kan h\u00e4nda.<\/p>\n<p>Kyrkan ska finnas n\u00e4r krisen drabbar.<\/p>\n<p>Att v\u00e4xa som m\u00e4nniska genom samtal med en sj\u00e4lav\u00e5rdare eller psykoterapeut.<\/p>\n<p>Familjer\u00e5dgivningen och Samtalsakuten. Sjukhuskyrkan och H\u00f6gskolekyrkan.<\/p>\n<p>Kyrkan p\u00e5 h\u00e4ktet och i f\u00e4ngelset. Sj\u00e4lav\u00e5rdssamtal med en diakon eller pr\u00e4st.<\/p>\n<p>Sorgegrupper och Jourhavande pr\u00f6st, 112. Det \u00e4r n\u00e4stan alltid gratis.<\/p>\n<p>Det h\u00e4r vill vi v\u00e4rna och utveckla.<\/p>\n<p>&nbsp;<\/p>\n<p><strong>Vi \u00e4r POSK, Partipolitiskt Obundna I Svenska Kyrkan, i G\u00e4vle.<\/strong><\/p>\n<p>&nbsp;<\/p>\n<p><img loading=\"lazy\" decoding=\"async\" class=\"alignnone size-medium wp-image-182\" src=\"https:\/\/www.posk.se\/gavle\/wp-content\/uploads\/sites\/170\/2021\/09\/241488223-4438277952882308-470713259417472146-n-225x300.jpg\" alt=\"\" width=\"225\" height=\"300\" srcset=\"https:\/\/www.posk.se\/gavle\/wp-content\/uploads\/sites\/170\/2021\/09\/241488223-4438277952882308-470713259417472146-n-225x300.jpg 225w, https:\/\/www.posk.se\/gavle\/wp-content\/uploads\/sites\/170\/2021\/09\/241488223-4438277952882308-470713259417472146-n-768x1024.jpg 768w, https:\/\/www.posk.se\/gavle\/wp-content\/uploads\/sites\/170\/2021\/09\/241488223-4438277952882308-470713259417472146-n-1152x1536.jpg 1152w, https:\/\/www.posk.se\/gavle\/wp-content\/uploads\/sites\/170\/2021\/09\/241488223-4438277952882308-470713259417472146-n-330x440.jpg 330w, https:\/\/www.posk.se\/gavle\/wp-content\/uploads\/sites\/170\/2021\/09\/241488223-4438277952882308-470713259417472146-n.jpg 1536w\" sizes=\"auto, (max-width: 225px) 100vw, 225px\" \/><\/p>\n<p>Kyrkorna i G\u00e4vle ska forts\u00e4tta att fira gudstj\u00e4nst p\u00e5 m\u00e5nga olika s\u00e4tt:<\/p>\n<p>Generationsm\u00e4ssa, Tomasm\u00e4ssa, Familjem\u00e4ssa, Veckom\u00e4ssa, Sinnesrom\u00e4ssa,<\/p>\n<p>Lunchm\u00e4ssa, Regnb\u00e5gsm\u00e4ssa, M\u00e4ssa f\u00f6r framtid, Temam\u00e4ssa\u2026\u2026.<\/p>\n<p>Ocks\u00e5 H\u00f6gm\u00e4ssa med mer \u00e4n 2000 \u00e5r gamla r\u00f6tter.<\/p>\n<p>Gudstj\u00e4nst &#8211; en v\u00e4xtplats f\u00f6r olika \u00e5ldrar tillsammans.<\/p>\n<p>Olika uttryck. Olika tider. Varenda s\u00f6ndag. I en kyrka n\u00e4ra dig.<\/p>\n<p>Det h\u00e4r vill vi v\u00e4rna och utveckla.<\/p>\n<p>&nbsp;<\/p>\n<p><strong>Vi \u00e4r POSK, Partipolitiskt Obundna i Svenska kyrkan, i G\u00e4vle<\/strong><\/p>\n<p><strong>\u00a0<\/strong><\/p>\n","protected":false},"excerpt":{"rendered":"<p>TRONS KRAFT KAN F\u00d6R\u00c4NDRA LIV Tron blir aldrig f\u00e4rdig \u2013 och det \u00e4r som det ska. Kyrkan ska vara ett v\u00e4xthus f\u00f6r alla \u00e5ldrar och f\u00f6r olika behov. Akademiker och Superhj\u00e4ltar. H\u00f6rselskadade och normalst\u00f6rda. Troende och tvivlande. Det h\u00e4r vill vi v\u00e4rna och utveckla. &nbsp; Vi \u00e4r POSK, Partipolitiskt Obundna i Svenska kyrkan, i G\u00e4vle. [&hellip;]<\/p>\n","protected":false},"author":1391,"featured_media":0,"parent":361,"menu_order":5,"comment_status":"closed","ping_status":"closed","template":"page-templates\/page-sidebar-left.php","meta":{"_acf_changed":false,"footnotes":""},"class_list":["post-142","page","type-page","status-publish","hentry"],"acf":[],"yoast_head":"<!-- This site is optimized with the Yoast SEO plugin v24.9 - https:\/\/yoast.com\/wordpress\/plugins\/seo\/ -->\n<title>Tema 2021: V\u00e4xande - G\u00e4vle<\/title>\n<meta name=\"robots\" content=\"index, follow, max-snippet:-1, max-image-preview:large, max-video-preview:-1\" \/>\n<link rel=\"canonical\" href=\"https:\/\/www.posk.se\/gavle\/teman\/142-2\/\" \/>\n<meta property=\"og:locale\" content=\"sv_SE\" \/>\n<meta property=\"og:type\" content=\"article\" \/>\n<meta property=\"og:title\" content=\"Tema 2021: V\u00e4xande - G\u00e4vle\" \/>\n<meta property=\"og:description\" content=\"TRONS KRAFT KAN F\u00d6R\u00c4NDRA LIV Tron blir aldrig f\u00e4rdig \u2013 och det \u00e4r som det ska. Kyrkan ska vara ett v\u00e4xthus f\u00f6r alla \u00e5ldrar och f\u00f6r olika behov. Akademiker och Superhj\u00e4ltar. H\u00f6rselskadade och normalst\u00f6rda. Troende och tvivlande. Det h\u00e4r vill vi v\u00e4rna och utveckla. &nbsp; Vi \u00e4r POSK, Partipolitiskt Obundna i Svenska kyrkan, i G\u00e4vle. [&hellip;]\" \/>\n<meta property=\"og:url\" content=\"https:\/\/www.posk.se\/gavle\/teman\/142-2\/\" \/>\n<meta property=\"og:site_name\" content=\"G\u00e4vle\" \/>\n<meta property=\"article:modified_time\" content=\"2025-09-09T22:23:34+00:00\" \/>\n<meta property=\"og:image\" content=\"https:\/\/www.posk.se\/gavle\/wp-content\/uploads\/sites\/170\/2021\/08\/240964662-4419770714733032-4243157390141055039-n.jpg\" \/>\n\t<meta property=\"og:image:width\" content=\"2048\" \/>\n\t<meta property=\"og:image:height\" content=\"1536\" \/>\n\t<meta property=\"og:image:type\" content=\"image\/jpeg\" \/>\n<meta name=\"twitter:card\" content=\"summary_large_image\" \/>\n<meta name=\"twitter:label1\" content=\"Ber\u00e4knad l\u00e4stid\" \/>\n\t<meta name=\"twitter:data1\" content=\"4 minuter\" \/>\n<script type=\"application\/ld+json\" class=\"yoast-schema-graph\">{\"@context\":\"https:\/\/schema.org\",\"@graph\":[{\"@type\":\"WebPage\",\"@id\":\"https:\/\/www.posk.se\/gavle\/teman\/142-2\/\",\"url\":\"https:\/\/www.posk.se\/gavle\/teman\/142-2\/\",\"name\":\"Tema 2021: V\u00e4xande - G\u00e4vle\",\"isPartOf\":{\"@id\":\"https:\/\/www.posk.se\/gavle\/#website\"},\"primaryImageOfPage\":{\"@id\":\"https:\/\/www.posk.se\/gavle\/teman\/142-2\/#primaryimage\"},\"image\":{\"@id\":\"https:\/\/www.posk.se\/gavle\/teman\/142-2\/#primaryimage\"},\"thumbnailUrl\":\"https:\/\/www.posk.se\/gavle\/wp-content\/uploads\/sites\/170\/2021\/08\/240964662-4419770714733032-4243157390141055039-n-300x225.jpg\",\"datePublished\":\"2021-08-30T17:51:42+00:00\",\"dateModified\":\"2025-09-09T22:23:34+00:00\",\"breadcrumb\":{\"@id\":\"https:\/\/www.posk.se\/gavle\/teman\/142-2\/#breadcrumb\"},\"inLanguage\":\"sv-SE\",\"potentialAction\":[{\"@type\":\"ReadAction\",\"target\":[\"https:\/\/www.posk.se\/gavle\/teman\/142-2\/\"]}]},{\"@type\":\"ImageObject\",\"inLanguage\":\"sv-SE\",\"@id\":\"https:\/\/www.posk.se\/gavle\/teman\/142-2\/#primaryimage\",\"url\":\"https:\/\/www.posk.se\/gavle\/wp-content\/uploads\/sites\/170\/2021\/08\/240964662-4419770714733032-4243157390141055039-n.jpg\",\"contentUrl\":\"https:\/\/www.posk.se\/gavle\/wp-content\/uploads\/sites\/170\/2021\/08\/240964662-4419770714733032-4243157390141055039-n.jpg\",\"width\":2048,\"height\":1536},{\"@type\":\"BreadcrumbList\",\"@id\":\"https:\/\/www.posk.se\/gavle\/teman\/142-2\/#breadcrumb\",\"itemListElement\":[{\"@type\":\"ListItem\",\"position\":1,\"name\":\"Hem\",\"item\":\"https:\/\/www.posk.se\/gavle\/\"},{\"@type\":\"ListItem\",\"position\":2,\"name\":\"Teman\",\"item\":\"https:\/\/www.posk.se\/gavle\/teman\/\"},{\"@type\":\"ListItem\",\"position\":3,\"name\":\"Tema 2021: V\u00e4xande\"}]},{\"@type\":\"WebSite\",\"@id\":\"https:\/\/www.posk.se\/gavle\/#website\",\"url\":\"https:\/\/www.posk.se\/gavle\/\",\"name\":\"G\u00e4vle\",\"description\":\"POSK-grupp i Uppsala stift\",\"potentialAction\":[{\"@type\":\"SearchAction\",\"target\":{\"@type\":\"EntryPoint\",\"urlTemplate\":\"https:\/\/www.posk.se\/gavle\/?s={search_term_string}\"},\"query-input\":{\"@type\":\"PropertyValueSpecification\",\"valueRequired\":true,\"valueName\":\"search_term_string\"}}],\"inLanguage\":\"sv-SE\"}]}<\/script>\n<!-- \/ Yoast SEO plugin. -->","yoast_head_json":{"title":"Tema 2021: V\u00e4xande - G\u00e4vle","robots":{"index":"index","follow":"follow","max-snippet":"max-snippet:-1","max-image-preview":"max-image-preview:large","max-video-preview":"max-video-preview:-1"},"canonical":"https:\/\/www.posk.se\/gavle\/teman\/142-2\/","og_locale":"sv_SE","og_type":"article","og_title":"Tema 2021: V\u00e4xande - G\u00e4vle","og_description":"TRONS KRAFT KAN F\u00d6R\u00c4NDRA LIV Tron blir aldrig f\u00e4rdig \u2013 och det \u00e4r som det ska. Kyrkan ska vara ett v\u00e4xthus f\u00f6r alla \u00e5ldrar och f\u00f6r olika behov. Akademiker och Superhj\u00e4ltar. H\u00f6rselskadade och normalst\u00f6rda. Troende och tvivlande. Det h\u00e4r vill vi v\u00e4rna och utveckla. &nbsp; Vi \u00e4r POSK, Partipolitiskt Obundna i Svenska kyrkan, i G\u00e4vle. [&hellip;]","og_url":"https:\/\/www.posk.se\/gavle\/teman\/142-2\/","og_site_name":"G\u00e4vle","article_modified_time":"2025-09-09T22:23:34+00:00","og_image":[{"width":2048,"height":1536,"url":"https:\/\/www.posk.se\/gavle\/wp-content\/uploads\/sites\/170\/2021\/08\/240964662-4419770714733032-4243157390141055039-n.jpg","type":"image\/jpeg"}],"twitter_card":"summary_large_image","twitter_misc":{"Ber\u00e4knad l\u00e4stid":"4 minuter"},"schema":{"@context":"https:\/\/schema.org","@graph":[{"@type":"WebPage","@id":"https:\/\/www.posk.se\/gavle\/teman\/142-2\/","url":"https:\/\/www.posk.se\/gavle\/teman\/142-2\/","name":"Tema 2021: V\u00e4xande - G\u00e4vle","isPartOf":{"@id":"https:\/\/www.posk.se\/gavle\/#website"},"primaryImageOfPage":{"@id":"https:\/\/www.posk.se\/gavle\/teman\/142-2\/#primaryimage"},"image":{"@id":"https:\/\/www.posk.se\/gavle\/teman\/142-2\/#primaryimage"},"thumbnailUrl":"https:\/\/www.posk.se\/gavle\/wp-content\/uploads\/sites\/170\/2021\/08\/240964662-4419770714733032-4243157390141055039-n-300x225.jpg","datePublished":"2021-08-30T17:51:42+00:00","dateModified":"2025-09-09T22:23:34+00:00","breadcrumb":{"@id":"https:\/\/www.posk.se\/gavle\/teman\/142-2\/#breadcrumb"},"inLanguage":"sv-SE","potentialAction":[{"@type":"ReadAction","target":["https:\/\/www.posk.se\/gavle\/teman\/142-2\/"]}]},{"@type":"ImageObject","inLanguage":"sv-SE","@id":"https:\/\/www.posk.se\/gavle\/teman\/142-2\/#primaryimage","url":"https:\/\/www.posk.se\/gavle\/wp-content\/uploads\/sites\/170\/2021\/08\/240964662-4419770714733032-4243157390141055039-n.jpg","contentUrl":"https:\/\/www.posk.se\/gavle\/wp-content\/uploads\/sites\/170\/2021\/08\/240964662-4419770714733032-4243157390141055039-n.jpg","width":2048,"height":1536},{"@type":"BreadcrumbList","@id":"https:\/\/www.posk.se\/gavle\/teman\/142-2\/#breadcrumb","itemListElement":[{"@type":"ListItem","position":1,"name":"Hem","item":"https:\/\/www.posk.se\/gavle\/"},{"@type":"ListItem","position":2,"name":"Teman","item":"https:\/\/www.posk.se\/gavle\/teman\/"},{"@type":"ListItem","position":3,"name":"Tema 2021: V\u00e4xande"}]},{"@type":"WebSite","@id":"https:\/\/www.posk.se\/gavle\/#website","url":"https:\/\/www.posk.se\/gavle\/","name":"G\u00e4vle","description":"POSK-grupp i Uppsala stift","potentialAction":[{"@type":"SearchAction","target":{"@type":"EntryPoint","urlTemplate":"https:\/\/www.posk.se\/gavle\/?s={search_term_string}"},"query-input":{"@type":"PropertyValueSpecification","valueRequired":true,"valueName":"search_term_string"}}],"inLanguage":"sv-SE"}]}},"_links":{"self":[{"href":"https:\/\/www.posk.se\/gavle\/wp-json\/wp\/v2\/pages\/142","targetHints":{"allow":["GET"]}}],"collection":[{"href":"https:\/\/www.posk.se\/gavle\/wp-json\/wp\/v2\/pages"}],"about":[{"href":"https:\/\/www.posk.se\/gavle\/wp-json\/wp\/v2\/types\/page"}],"author":[{"embeddable":true,"href":"https:\/\/www.posk.se\/gavle\/wp-json\/wp\/v2\/users\/1391"}],"replies":[{"embeddable":true,"href":"https:\/\/www.posk.se\/gavle\/wp-json\/wp\/v2\/comments?post=142"}],"version-history":[{"count":13,"href":"https:\/\/www.posk.se\/gavle\/wp-json\/wp\/v2\/pages\/142\/revisions"}],"predecessor-version":[{"id":366,"href":"https:\/\/www.posk.se\/gavle\/wp-json\/wp\/v2\/pages\/142\/revisions\/366"}],"up":[{"embeddable":true,"href":"https:\/\/www.posk.se\/gavle\/wp-json\/wp\/v2\/pages\/361"}],"wp:attachment":[{"href":"https:\/\/www.posk.se\/gavle\/wp-json\/wp\/v2\/media?parent=142"}],"curies":[{"name":"wp","href":"https:\/\/api.w.org\/{rel}","templated":true}]}}