{"id":449,"date":"2021-02-15T11:22:06","date_gmt":"2021-02-15T10:22:06","guid":{"rendered":"https:\/\/www.posk.se\/folkungabygden\/?page_id=449"},"modified":"2025-06-23T14:21:22","modified_gmt":"2025-06-23T12:21:22","slug":"overgripande","status":"publish","type":"page","link":"https:\/\/www.posk.se\/folkungabygden\/om-oss\/overgripande\/","title":{"rendered":"\u00d6vergripande"},"content":{"rendered":"<p><strong>INFORMATION KYRKOVALET SEPT. 2025:<\/strong><\/p>\n<p><a href=\"https:\/\/www.posk.se\/folkungabygden\/wp-content\/uploads\/sites\/69\/2025\/05\/vision-och-program-2026-2029.docx\">Vision och program 2026-2029<\/a><\/p>\n<p><a href=\"https:\/\/www.posk.se\/folkungabygden\/wp-content\/uploads\/sites\/69\/2025\/05\/kortprogram-av-vision-2026-2029.docx\">Kortprogram av vision 2026-2029<\/a><\/p>\n<p><a href=\"https:\/\/www.posk.se\/folkungabygden\/wp-content\/uploads\/sites\/69\/2025\/05\/smaskrifter-fran-posk.docx\">Sm\u00e5skrifter fr\u00e5n POSK<\/a><\/p>\n<p><a href=\"https:\/\/www.posk.se\/folkungabygden\/wp-content\/uploads\/sites\/69\/2025\/05\/information-kyrkoval-2025-frabn-riks-posk.docx\">Information-Kyrkoval 2025 fr\u00e5n Riks POSK<\/a><\/p>\n<p><strong>INFORMATION KYRKOVALET 2021,SE NEDAN:<\/strong><\/p>\n<p><a href=\"https:\/\/www.posk.se\/folkungabygden\/wp-content\/uploads\/sites\/69\/2021\/09\/linkopingsstift-i-kt-nr-35-21.pdf\">Link\u00f6pingsstift i KT nr 35-21<\/a><\/p>\n<p><a href=\"https:\/\/www.posk.se\/folkungabygden\/wp-content\/uploads\/sites\/69\/2021\/09\/posk-och-sap-i-kt-nr-35-21.pdf\">Posk och SAP i KT nr 35-21<\/a> Nr nio och tio<\/p>\n<p><a href=\"https:\/\/www.posk.se\/folkungabygden\/wp-content\/uploads\/sites\/69\/2021\/08\/sju-och-atta-grupperna-i-valet-i-linkopingsstift.pdf\">Sju och \u00e5tta grupper i valet i Link\u00f6pingsstift<\/a><\/p>\n<p><a href=\"https:\/\/www.posk.se\/folkungabygden\/wp-content\/uploads\/sites\/69\/2021\/08\/sex-av-tio-grupper-i-valet-i-linkopingsstifr.pdf\">Sex av tio grupper i valet i Link\u00f6pingsstift publ i KT<\/a><\/p>\n<p><a href=\"https:\/\/www.posk.se\/folkungabygden\/wp-content\/uploads\/sites\/69\/2021\/02\/svensk-kyrkan-demokratin-folkkyrkan.pdf\">Svensk kyrkan-demokratin-folkkyrkan<\/a><\/p>\n","protected":false},"excerpt":{"rendered":"<p>INFORMATION KYRKOVALET SEPT. 2025: Vision och program 2026-2029 Kortprogram av vision 2026-2029 Sm\u00e5skrifter fr\u00e5n POSK Information-Kyrkoval 2025 fr\u00e5n Riks POSK INFORMATION KYRKOVALET 2021,SE NEDAN: Link\u00f6pingsstift i KT nr 35-21 Posk och SAP i KT nr 35-21 Nr nio och tio Sju och \u00e5tta grupper i valet i Link\u00f6pingsstift Sex av tio grupper i valet i [&hellip;]<\/p>\n","protected":false},"author":1,"featured_media":0,"parent":1082,"menu_order":2,"comment_status":"closed","ping_status":"closed","template":"page-templates\/page-sidebar-left.php","meta":{"_acf_changed":false,"footnotes":""},"class_list":["post-449","page","type-page","status-publish","hentry"],"acf":[],"yoast_head":"<!-- This site is optimized with the Yoast SEO plugin v24.9 - https:\/\/yoast.com\/wordpress\/plugins\/seo\/ -->\n<title>\u00d6vergripande - Folkungabygden<\/title>\n<meta name=\"robots\" content=\"index, follow, max-snippet:-1, max-image-preview:large, max-video-preview:-1\" \/>\n<link rel=\"canonical\" href=\"https:\/\/www.posk.se\/folkungabygden\/om-oss\/overgripande\/\" \/>\n<meta property=\"og:locale\" content=\"sv_SE\" \/>\n<meta property=\"og:type\" content=\"article\" \/>\n<meta property=\"og:title\" content=\"\u00d6vergripande - Folkungabygden\" \/>\n<meta property=\"og:description\" content=\"INFORMATION KYRKOVALET SEPT. 2025: Vision och program 2026-2029 Kortprogram av vision 2026-2029 Sm\u00e5skrifter fr\u00e5n POSK Information-Kyrkoval 2025 fr\u00e5n Riks POSK INFORMATION KYRKOVALET 2021,SE NEDAN: Link\u00f6pingsstift i KT nr 35-21 Posk och SAP i KT nr 35-21 Nr nio och tio Sju och \u00e5tta grupper i valet i Link\u00f6pingsstift Sex av tio grupper i valet i [&hellip;]\" \/>\n<meta property=\"og:url\" content=\"https:\/\/www.posk.se\/folkungabygden\/om-oss\/overgripande\/\" \/>\n<meta property=\"og:site_name\" content=\"Folkungabygden\" \/>\n<meta property=\"article:modified_time\" content=\"2025-06-23T12:21:22+00:00\" \/>\n<meta name=\"twitter:card\" content=\"summary_large_image\" \/>\n<meta name=\"twitter:label1\" content=\"Ber\u00e4knad l\u00e4stid\" \/>\n\t<meta name=\"twitter:data1\" content=\"1 minut\" \/>\n<script type=\"application\/ld+json\" class=\"yoast-schema-graph\">{\"@context\":\"https:\/\/schema.org\",\"@graph\":[{\"@type\":\"WebPage\",\"@id\":\"https:\/\/www.posk.se\/folkungabygden\/om-oss\/overgripande\/\",\"url\":\"https:\/\/www.posk.se\/folkungabygden\/om-oss\/overgripande\/\",\"name\":\"\u00d6vergripande - Folkungabygden\",\"isPartOf\":{\"@id\":\"https:\/\/www.posk.se\/folkungabygden\/#website\"},\"datePublished\":\"2021-02-15T10:22:06+00:00\",\"dateModified\":\"2025-06-23T12:21:22+00:00\",\"breadcrumb\":{\"@id\":\"https:\/\/www.posk.se\/folkungabygden\/om-oss\/overgripande\/#breadcrumb\"},\"inLanguage\":\"sv-SE\",\"potentialAction\":[{\"@type\":\"ReadAction\",\"target\":[\"https:\/\/www.posk.se\/folkungabygden\/om-oss\/overgripande\/\"]}]},{\"@type\":\"BreadcrumbList\",\"@id\":\"https:\/\/www.posk.se\/folkungabygden\/om-oss\/overgripande\/#breadcrumb\",\"itemListElement\":[{\"@type\":\"ListItem\",\"position\":1,\"name\":\"Hem\",\"item\":\"https:\/\/www.posk.se\/folkungabygden\/\"},{\"@type\":\"ListItem\",\"position\":2,\"name\":\"Om oss\",\"item\":\"https:\/\/www.posk.se\/folkungabygden\/om-oss\/\"},{\"@type\":\"ListItem\",\"position\":3,\"name\":\"\u00d6vergripande\"}]},{\"@type\":\"WebSite\",\"@id\":\"https:\/\/www.posk.se\/folkungabygden\/#website\",\"url\":\"https:\/\/www.posk.se\/folkungabygden\/\",\"name\":\"Folkungabygden\",\"description\":\"POSK-grupp i Link\u00f6pings stift\",\"potentialAction\":[{\"@type\":\"SearchAction\",\"target\":{\"@type\":\"EntryPoint\",\"urlTemplate\":\"https:\/\/www.posk.se\/folkungabygden\/?s={search_term_string}\"},\"query-input\":{\"@type\":\"PropertyValueSpecification\",\"valueRequired\":true,\"valueName\":\"search_term_string\"}}],\"inLanguage\":\"sv-SE\"}]}<\/script>\n<!-- \/ Yoast SEO plugin. -->","yoast_head_json":{"title":"\u00d6vergripande - Folkungabygden","robots":{"index":"index","follow":"follow","max-snippet":"max-snippet:-1","max-image-preview":"max-image-preview:large","max-video-preview":"max-video-preview:-1"},"canonical":"https:\/\/www.posk.se\/folkungabygden\/om-oss\/overgripande\/","og_locale":"sv_SE","og_type":"article","og_title":"\u00d6vergripande - Folkungabygden","og_description":"INFORMATION KYRKOVALET SEPT. 2025: Vision och program 2026-2029 Kortprogram av vision 2026-2029 Sm\u00e5skrifter fr\u00e5n POSK Information-Kyrkoval 2025 fr\u00e5n Riks POSK INFORMATION KYRKOVALET 2021,SE NEDAN: Link\u00f6pingsstift i KT nr 35-21 Posk och SAP i KT nr 35-21 Nr nio och tio Sju och \u00e5tta grupper i valet i Link\u00f6pingsstift Sex av tio grupper i valet i [&hellip;]","og_url":"https:\/\/www.posk.se\/folkungabygden\/om-oss\/overgripande\/","og_site_name":"Folkungabygden","article_modified_time":"2025-06-23T12:21:22+00:00","twitter_card":"summary_large_image","twitter_misc":{"Ber\u00e4knad l\u00e4stid":"1 minut"},"schema":{"@context":"https:\/\/schema.org","@graph":[{"@type":"WebPage","@id":"https:\/\/www.posk.se\/folkungabygden\/om-oss\/overgripande\/","url":"https:\/\/www.posk.se\/folkungabygden\/om-oss\/overgripande\/","name":"\u00d6vergripande - Folkungabygden","isPartOf":{"@id":"https:\/\/www.posk.se\/folkungabygden\/#website"},"datePublished":"2021-02-15T10:22:06+00:00","dateModified":"2025-06-23T12:21:22+00:00","breadcrumb":{"@id":"https:\/\/www.posk.se\/folkungabygden\/om-oss\/overgripande\/#breadcrumb"},"inLanguage":"sv-SE","potentialAction":[{"@type":"ReadAction","target":["https:\/\/www.posk.se\/folkungabygden\/om-oss\/overgripande\/"]}]},{"@type":"BreadcrumbList","@id":"https:\/\/www.posk.se\/folkungabygden\/om-oss\/overgripande\/#breadcrumb","itemListElement":[{"@type":"ListItem","position":1,"name":"Hem","item":"https:\/\/www.posk.se\/folkungabygden\/"},{"@type":"ListItem","position":2,"name":"Om oss","item":"https:\/\/www.posk.se\/folkungabygden\/om-oss\/"},{"@type":"ListItem","position":3,"name":"\u00d6vergripande"}]},{"@type":"WebSite","@id":"https:\/\/www.posk.se\/folkungabygden\/#website","url":"https:\/\/www.posk.se\/folkungabygden\/","name":"Folkungabygden","description":"POSK-grupp i Link\u00f6pings stift","potentialAction":[{"@type":"SearchAction","target":{"@type":"EntryPoint","urlTemplate":"https:\/\/www.posk.se\/folkungabygden\/?s={search_term_string}"},"query-input":{"@type":"PropertyValueSpecification","valueRequired":true,"valueName":"search_term_string"}}],"inLanguage":"sv-SE"}]}},"_links":{"self":[{"href":"https:\/\/www.posk.se\/folkungabygden\/wp-json\/wp\/v2\/pages\/449","targetHints":{"allow":["GET"]}}],"collection":[{"href":"https:\/\/www.posk.se\/folkungabygden\/wp-json\/wp\/v2\/pages"}],"about":[{"href":"https:\/\/www.posk.se\/folkungabygden\/wp-json\/wp\/v2\/types\/page"}],"author":[{"embeddable":true,"href":"https:\/\/www.posk.se\/folkungabygden\/wp-json\/wp\/v2\/users\/1"}],"replies":[{"embeddable":true,"href":"https:\/\/www.posk.se\/folkungabygden\/wp-json\/wp\/v2\/comments?post=449"}],"version-history":[{"count":21,"href":"https:\/\/www.posk.se\/folkungabygden\/wp-json\/wp\/v2\/pages\/449\/revisions"}],"predecessor-version":[{"id":1153,"href":"https:\/\/www.posk.se\/folkungabygden\/wp-json\/wp\/v2\/pages\/449\/revisions\/1153"}],"up":[{"embeddable":true,"href":"https:\/\/www.posk.se\/folkungabygden\/wp-json\/wp\/v2\/pages\/1082"}],"wp:attachment":[{"href":"https:\/\/www.posk.se\/folkungabygden\/wp-json\/wp\/v2\/media?parent=449"}],"curies":[{"name":"wp","href":"https:\/\/api.w.org\/{rel}","templated":true}]}}