{"id":486,"date":"2025-10-14T19:20:09","date_gmt":"2025-10-14T17:20:09","guid":{"rendered":"https:\/\/www.posk.se\/finspang\/?page_id=486"},"modified":"2026-03-23T19:57:14","modified_gmt":"2026-03-23T18:57:14","slug":"fortroendevalda-2026-2029","status":"publish","type":"page","link":"https:\/\/www.posk.se\/finspang\/fortroendevalda-2026-2029\/","title":{"rendered":"F\u00f6rtroendevalda 2026-2029"},"content":{"rendered":"<p><b>Kyrkofullm\u00e4ktige<\/b><br \/>\n<em>Ordinarie ledam\u00f6ter<\/em><br \/>\nG\u00f6sta Johansson [<a href=\"https:\/\/www.posk.se\/finspang\/kandidatpresentationer\/gosta-johansson\/\">&gt;<\/a>]<br \/>\nRebecca Lewis [<a href=\"https:\/\/www.posk.se\/finspang\/kandidatpresentationer\/rebecca-lewis\/\">&gt;<\/a>]<br \/>\nHelena Hellstr\u00f6m [<a href=\"https:\/\/www.posk.se\/finspang\/kandidatpresentationer\/helena-hellstrom\/\">&gt;<\/a>]<br \/>\nThord Eriksson [<a href=\"https:\/\/www.posk.se\/finspang\/kandidatpresentationer\/thord-eriksson\/\">&gt;<\/a>]<br \/>\nSarah Eriksson [<a href=\"https:\/\/www.posk.se\/finspang\/kandidatpresentationer\/sarah-eriksson\/\">&gt;<\/a>]<br \/>\nYvonne Fransson [<a href=\"https:\/\/www.posk.se\/finspang\/kandidatpresentationer\/yvonne-fransson\/\">&gt;<\/a>]<br \/>\nPer-Inge Jansson [<a href=\"https:\/\/www.posk.se\/finspang\/kandidatpresentationer\/per-inge-jansson\/\">&gt;<\/a>]<br \/>\nKristina Strand [<a href=\"https:\/\/www.posk.se\/finspang\/kandidatpresentationer\/kristina-strand\/\">&gt;<\/a>]<br \/>\nMarianne Persson<br \/>\nAnders Bygghammar [<a href=\"https:\/\/www.posk.se\/finspang\/kandidatpresentationer\/anders-bygghammar\/\">&gt;<\/a>]<br \/>\nMaria Gustafsson<\/p>\n<p><em>Ers\u00e4ttare<\/em><br \/>\n1. Gunilla Arnryd<br \/>\n2. Stefan Carlsson [<a href=\"https:\/\/www.posk.se\/finspang\/kandidatpresentationer\/stefan-carlsson\/\">&gt;<\/a>]<br \/>\n3. Leif Fransson<br \/>\n4. Per-Olof Arnryd<br \/>\n5. Kjerstin Bygghammar<br \/>\n6. G\u00f6ran Arvidsson<\/p>\n<p>.<\/p>\n<p><b>Kyrkofullm\u00e4ktiges presidium<\/b><br \/>\nTord Eriksson, 1:e vice ordf\u00f6rande, ledamot<\/p>\n<p><b>Kyrkofullm\u00e4ktiges valberedning<\/b><br \/>\nG\u00f6ran Arvidsson, ledamot<br \/>\nAnders Bygghammar, ledamot<\/p>\n<p><b>Kyrkor\u00e5det<\/b><br \/>\n<em>Ordinarie ledam\u00f6ter<\/em><br \/>\nG\u00f6sta Johansson<br \/>\nHelena Hellstr\u00f6m<br \/>\nKristna Strand<br \/>\nRebecca Lewis<\/p>\n<p><em>Ers\u00e4ttare<\/em><br \/>\n1. Yvonne Fransson<br \/>\n2. Sarah Eriksson<\/p>\n<p><b>Kyrkor\u00e5dets presidium<\/b><br \/>\nG\u00f6sta Johansson, ordf\u00f6rande, ledamot<\/p>\n<p><b>Valn\u00e4mnd<\/b><br \/>\nMaria Gustafsson 1:e vice Ordf\u00f6rande<\/p>\n<p>Leif Fransson, ledamot<\/p>\n<p>Per-Olof Arnryd, ers\u00e4ttare<\/p>\n<p><strong>Ombud f\u00f6r Skao Svenska kyrkans arbetsgivarorganisation i Link\u00f6pings stift\u00a0<\/strong>(<a href=\"https:\/\/www.skao.se\/\" target=\"_blank\" rel=\"noopener noreferrer\">&gt;&gt;<\/a>)<br \/>\nG\u00f6sta Johansson, ordinarie<br \/>\nRebecca Lewis, ers\u00e4ttare<\/p>\n<p>K\u00e4lla: <a href=\"https:\/\/kyrkoval.svenskakyrkan.se\/Valresultat2025\/slutg\/Visning\/Resultat\/Forsamling.aspx?StiftID=3&amp;ValomradeId=12681&amp;ValtypId=8\" target=\"_blank\" rel=\"noopener\">Valresultat<\/a> (<em>kyrkoval.svenskakyrkan.se<\/em>)<\/p>\n<hr \/>\n<p style=\"text-align: right\">Verktyg f\u00f6r ber\u00e4kning av indirekta val<br \/>\n<a href=\"https:\/\/www.svenskakyrkan.se\/valwebben\/indirekta-val\" target=\"_blank\" rel=\"noopener\">L\u00e4s mer<\/a> {<a href=\"https:\/\/webapp.svenskakyrkan.se\/miscapp\/v1\/client\/indirektaval\/#\/?stiftId=1\" target=\"_blank\" rel=\"noopener\">Verktyget<\/a>}<\/p>\n","protected":false},"excerpt":{"rendered":"<p>Kyrkofullm\u00e4ktige Ordinarie ledam\u00f6ter G\u00f6sta Johansson [&gt;] Rebecca Lewis [&gt;] Helena Hellstr\u00f6m [&gt;] Thord Eriksson [&gt;] Sarah Eriksson [&gt;] Yvonne Fransson [&gt;] Per-Inge Jansson [&gt;] Kristina Strand [&gt;] Marianne Persson Anders Bygghammar [&gt;] Maria Gustafsson Ers\u00e4ttare 1. Gunilla Arnryd 2. Stefan Carlsson [&gt;] 3. Leif Fransson 4. Per-Olof Arnryd 5. Kjerstin Bygghammar 6. G\u00f6ran Arvidsson . [&hellip;]<\/p>\n","protected":false},"author":104,"featured_media":437,"parent":0,"menu_order":1,"comment_status":"closed","ping_status":"closed","template":"page-templates\/page-sidebar-left.php","meta":{"_acf_changed":false,"footnotes":""},"class_list":["post-486","page","type-page","status-publish","has-post-thumbnail","hentry"],"acf":[],"yoast_head":"<!-- This site is optimized with the Yoast SEO plugin v24.9 - https:\/\/yoast.com\/wordpress\/plugins\/seo\/ -->\n<title>F\u00f6rtroendevalda 2026-2029 - Finsp\u00e5ng<\/title>\n<meta name=\"robots\" content=\"index, follow, max-snippet:-1, max-image-preview:large, max-video-preview:-1\" \/>\n<link rel=\"canonical\" href=\"https:\/\/www.posk.se\/finspang\/fortroendevalda-2026-2029\/\" \/>\n<meta property=\"og:locale\" content=\"sv_SE\" \/>\n<meta property=\"og:type\" content=\"article\" \/>\n<meta property=\"og:title\" content=\"F\u00f6rtroendevalda 2026-2029 - Finsp\u00e5ng\" \/>\n<meta property=\"og:description\" content=\"Kyrkofullm\u00e4ktige Ordinarie ledam\u00f6ter G\u00f6sta Johansson [&gt;] Rebecca Lewis [&gt;] Helena Hellstr\u00f6m [&gt;] Thord Eriksson [&gt;] Sarah Eriksson [&gt;] Yvonne Fransson [&gt;] Per-Inge Jansson [&gt;] Kristina Strand [&gt;] Marianne Persson Anders Bygghammar [&gt;] Maria Gustafsson Ers\u00e4ttare 1. Gunilla Arnryd 2. Stefan Carlsson [&gt;] 3. Leif Fransson 4. Per-Olof Arnryd 5. Kjerstin Bygghammar 6. G\u00f6ran Arvidsson . [&hellip;]\" \/>\n<meta property=\"og:url\" content=\"https:\/\/www.posk.se\/finspang\/fortroendevalda-2026-2029\/\" \/>\n<meta property=\"og:site_name\" content=\"Finsp\u00e5ng\" \/>\n<meta property=\"article:modified_time\" content=\"2026-03-23T18:57:14+00:00\" \/>\n<meta property=\"og:image\" content=\"https:\/\/www.posk.se\/finspang\/wp-content\/uploads\/sites\/68\/2025\/06\/posk-gruppfoto-2025-6378-2-scaled-e1749583778512.jpg\" \/>\n\t<meta property=\"og:image:width\" content=\"2560\" \/>\n\t<meta property=\"og:image:height\" content=\"964\" \/>\n\t<meta property=\"og:image:type\" content=\"image\/jpeg\" \/>\n<meta name=\"twitter:card\" content=\"summary_large_image\" \/>\n<meta name=\"twitter:label1\" content=\"Ber\u00e4knad l\u00e4stid\" \/>\n\t<meta name=\"twitter:data1\" content=\"1 minut\" \/>\n<script type=\"application\/ld+json\" class=\"yoast-schema-graph\">{\"@context\":\"https:\/\/schema.org\",\"@graph\":[{\"@type\":\"WebPage\",\"@id\":\"https:\/\/www.posk.se\/finspang\/fortroendevalda-2026-2029\/\",\"url\":\"https:\/\/www.posk.se\/finspang\/fortroendevalda-2026-2029\/\",\"name\":\"F\u00f6rtroendevalda 2026-2029 - Finsp\u00e5ng\",\"isPartOf\":{\"@id\":\"https:\/\/www.posk.se\/finspang\/#website\"},\"primaryImageOfPage\":{\"@id\":\"https:\/\/www.posk.se\/finspang\/fortroendevalda-2026-2029\/#primaryimage\"},\"image\":{\"@id\":\"https:\/\/www.posk.se\/finspang\/fortroendevalda-2026-2029\/#primaryimage\"},\"thumbnailUrl\":\"https:\/\/www.posk.se\/finspang\/wp-content\/uploads\/sites\/68\/2025\/06\/posk-gruppfoto-2025-6378-2-scaled-e1749583778512.jpg\",\"datePublished\":\"2025-10-14T17:20:09+00:00\",\"dateModified\":\"2026-03-23T18:57:14+00:00\",\"breadcrumb\":{\"@id\":\"https:\/\/www.posk.se\/finspang\/fortroendevalda-2026-2029\/#breadcrumb\"},\"inLanguage\":\"sv-SE\",\"potentialAction\":[{\"@type\":\"ReadAction\",\"target\":[\"https:\/\/www.posk.se\/finspang\/fortroendevalda-2026-2029\/\"]}]},{\"@type\":\"ImageObject\",\"inLanguage\":\"sv-SE\",\"@id\":\"https:\/\/www.posk.se\/finspang\/fortroendevalda-2026-2029\/#primaryimage\",\"url\":\"https:\/\/www.posk.se\/finspang\/wp-content\/uploads\/sites\/68\/2025\/06\/posk-gruppfoto-2025-6378-2-scaled-e1749583778512.jpg\",\"contentUrl\":\"https:\/\/www.posk.se\/finspang\/wp-content\/uploads\/sites\/68\/2025\/06\/posk-gruppfoto-2025-6378-2-scaled-e1749583778512.jpg\",\"width\":2560,\"height\":964},{\"@type\":\"BreadcrumbList\",\"@id\":\"https:\/\/www.posk.se\/finspang\/fortroendevalda-2026-2029\/#breadcrumb\",\"itemListElement\":[{\"@type\":\"ListItem\",\"position\":1,\"name\":\"Hem\",\"item\":\"https:\/\/www.posk.se\/finspang\/\"},{\"@type\":\"ListItem\",\"position\":2,\"name\":\"F\u00f6rtroendevalda 2026-2029\"}]},{\"@type\":\"WebSite\",\"@id\":\"https:\/\/www.posk.se\/finspang\/#website\",\"url\":\"https:\/\/www.posk.se\/finspang\/\",\"name\":\"Finsp\u00e5ng\",\"description\":\"POSK-grupp i Link\u00f6pings stift\",\"potentialAction\":[{\"@type\":\"SearchAction\",\"target\":{\"@type\":\"EntryPoint\",\"urlTemplate\":\"https:\/\/www.posk.se\/finspang\/?s={search_term_string}\"},\"query-input\":{\"@type\":\"PropertyValueSpecification\",\"valueRequired\":true,\"valueName\":\"search_term_string\"}}],\"inLanguage\":\"sv-SE\"}]}<\/script>\n<!-- \/ Yoast SEO plugin. -->","yoast_head_json":{"title":"F\u00f6rtroendevalda 2026-2029 - Finsp\u00e5ng","robots":{"index":"index","follow":"follow","max-snippet":"max-snippet:-1","max-image-preview":"max-image-preview:large","max-video-preview":"max-video-preview:-1"},"canonical":"https:\/\/www.posk.se\/finspang\/fortroendevalda-2026-2029\/","og_locale":"sv_SE","og_type":"article","og_title":"F\u00f6rtroendevalda 2026-2029 - Finsp\u00e5ng","og_description":"Kyrkofullm\u00e4ktige Ordinarie ledam\u00f6ter G\u00f6sta Johansson [&gt;] Rebecca Lewis [&gt;] Helena Hellstr\u00f6m [&gt;] Thord Eriksson [&gt;] Sarah Eriksson [&gt;] Yvonne Fransson [&gt;] Per-Inge Jansson [&gt;] Kristina Strand [&gt;] Marianne Persson Anders Bygghammar [&gt;] Maria Gustafsson Ers\u00e4ttare 1. Gunilla Arnryd 2. Stefan Carlsson [&gt;] 3. Leif Fransson 4. Per-Olof Arnryd 5. Kjerstin Bygghammar 6. G\u00f6ran Arvidsson . [&hellip;]","og_url":"https:\/\/www.posk.se\/finspang\/fortroendevalda-2026-2029\/","og_site_name":"Finsp\u00e5ng","article_modified_time":"2026-03-23T18:57:14+00:00","og_image":[{"width":2560,"height":964,"url":"https:\/\/www.posk.se\/finspang\/wp-content\/uploads\/sites\/68\/2025\/06\/posk-gruppfoto-2025-6378-2-scaled-e1749583778512.jpg","type":"image\/jpeg"}],"twitter_card":"summary_large_image","twitter_misc":{"Ber\u00e4knad l\u00e4stid":"1 minut"},"schema":{"@context":"https:\/\/schema.org","@graph":[{"@type":"WebPage","@id":"https:\/\/www.posk.se\/finspang\/fortroendevalda-2026-2029\/","url":"https:\/\/www.posk.se\/finspang\/fortroendevalda-2026-2029\/","name":"F\u00f6rtroendevalda 2026-2029 - Finsp\u00e5ng","isPartOf":{"@id":"https:\/\/www.posk.se\/finspang\/#website"},"primaryImageOfPage":{"@id":"https:\/\/www.posk.se\/finspang\/fortroendevalda-2026-2029\/#primaryimage"},"image":{"@id":"https:\/\/www.posk.se\/finspang\/fortroendevalda-2026-2029\/#primaryimage"},"thumbnailUrl":"https:\/\/www.posk.se\/finspang\/wp-content\/uploads\/sites\/68\/2025\/06\/posk-gruppfoto-2025-6378-2-scaled-e1749583778512.jpg","datePublished":"2025-10-14T17:20:09+00:00","dateModified":"2026-03-23T18:57:14+00:00","breadcrumb":{"@id":"https:\/\/www.posk.se\/finspang\/fortroendevalda-2026-2029\/#breadcrumb"},"inLanguage":"sv-SE","potentialAction":[{"@type":"ReadAction","target":["https:\/\/www.posk.se\/finspang\/fortroendevalda-2026-2029\/"]}]},{"@type":"ImageObject","inLanguage":"sv-SE","@id":"https:\/\/www.posk.se\/finspang\/fortroendevalda-2026-2029\/#primaryimage","url":"https:\/\/www.posk.se\/finspang\/wp-content\/uploads\/sites\/68\/2025\/06\/posk-gruppfoto-2025-6378-2-scaled-e1749583778512.jpg","contentUrl":"https:\/\/www.posk.se\/finspang\/wp-content\/uploads\/sites\/68\/2025\/06\/posk-gruppfoto-2025-6378-2-scaled-e1749583778512.jpg","width":2560,"height":964},{"@type":"BreadcrumbList","@id":"https:\/\/www.posk.se\/finspang\/fortroendevalda-2026-2029\/#breadcrumb","itemListElement":[{"@type":"ListItem","position":1,"name":"Hem","item":"https:\/\/www.posk.se\/finspang\/"},{"@type":"ListItem","position":2,"name":"F\u00f6rtroendevalda 2026-2029"}]},{"@type":"WebSite","@id":"https:\/\/www.posk.se\/finspang\/#website","url":"https:\/\/www.posk.se\/finspang\/","name":"Finsp\u00e5ng","description":"POSK-grupp i Link\u00f6pings stift","potentialAction":[{"@type":"SearchAction","target":{"@type":"EntryPoint","urlTemplate":"https:\/\/www.posk.se\/finspang\/?s={search_term_string}"},"query-input":{"@type":"PropertyValueSpecification","valueRequired":true,"valueName":"search_term_string"}}],"inLanguage":"sv-SE"}]}},"_links":{"self":[{"href":"https:\/\/www.posk.se\/finspang\/wp-json\/wp\/v2\/pages\/486","targetHints":{"allow":["GET"]}}],"collection":[{"href":"https:\/\/www.posk.se\/finspang\/wp-json\/wp\/v2\/pages"}],"about":[{"href":"https:\/\/www.posk.se\/finspang\/wp-json\/wp\/v2\/types\/page"}],"author":[{"embeddable":true,"href":"https:\/\/www.posk.se\/finspang\/wp-json\/wp\/v2\/users\/104"}],"replies":[{"embeddable":true,"href":"https:\/\/www.posk.se\/finspang\/wp-json\/wp\/v2\/comments?post=486"}],"version-history":[{"count":34,"href":"https:\/\/www.posk.se\/finspang\/wp-json\/wp\/v2\/pages\/486\/revisions"}],"predecessor-version":[{"id":523,"href":"https:\/\/www.posk.se\/finspang\/wp-json\/wp\/v2\/pages\/486\/revisions\/523"}],"wp:featuredmedia":[{"embeddable":true,"href":"https:\/\/www.posk.se\/finspang\/wp-json\/wp\/v2\/media\/437"}],"wp:attachment":[{"href":"https:\/\/www.posk.se\/finspang\/wp-json\/wp\/v2\/media?parent=486"}],"curies":[{"name":"wp","href":"https:\/\/api.w.org\/{rel}","templated":true}]}}