{"id":408,"date":"2025-05-30T19:05:43","date_gmt":"2025-05-30T17:05:43","guid":{"rendered":"https:\/\/www.posk.se\/finspang\/?page_id=408"},"modified":"2025-05-30T19:07:49","modified_gmt":"2025-05-30T17:07:49","slug":"omoss","status":"publish","type":"page","link":"https:\/\/www.posk.se\/finspang\/omoss\/","title":{"rendered":"Om oss"},"content":{"rendered":"<p><em>H\u00e4r \u00e4r vi en stark r\u00f6st f\u00f6r en kyrka fri fr\u00e5n partipolitik, d\u00e4r engagemanget i kyrkan ist\u00e4llet f\u00e5r styra.<\/em><\/p>\n<p>\u2013 <em>Vi tror p\u00e5 tillv\u00e4xt och en ny generation i Svenska kyrkan. Du kan vara med och p\u00e5verka!<\/em><\/p>\n<p><i>\u2013 Vi har id\u00e9erna f\u00f6r framtiden och vill leda utvecklingen i riktning mot en kyrka som rymmer m\u00e5ngfald och pr\u00e4glas av respekt.<\/i><\/p>\n<p>Om du \u00e4r intresserad av att veta mer om POSK och dyl., s\u00e5 h\u00f6r g\u00e4rna av dig till oss f\u00f6r mer information.<\/p>\n<p>Kontakta oss | <a href=\"https:\/\/www.posk.se\/finspang\/bli-medlem\/\">Bli medlem<\/a> .<\/p>\n<p>\u201dKontaktuppgifter\u201d<\/p>\n","protected":false},"excerpt":{"rendered":"<p>H\u00e4r \u00e4r vi en stark r\u00f6st f\u00f6r en kyrka fri fr\u00e5n partipolitik, d\u00e4r engagemanget i kyrkan ist\u00e4llet f\u00e5r styra. \u2013 Vi tror p\u00e5 tillv\u00e4xt och en ny generation i Svenska kyrkan. Du kan vara med och p\u00e5verka! \u2013 Vi har id\u00e9erna f\u00f6r framtiden och vill leda utvecklingen i riktning mot en kyrka som rymmer m\u00e5ngfald [&hellip;]<\/p>\n","protected":false},"author":104,"featured_media":0,"parent":0,"menu_order":3,"comment_status":"closed","ping_status":"closed","template":"page-templates\/page-sidebar-left.php","meta":{"_acf_changed":false,"footnotes":""},"class_list":["post-408","page","type-page","status-publish","hentry"],"acf":[],"yoast_head":"<!-- This site is optimized with the Yoast SEO plugin v24.9 - https:\/\/yoast.com\/wordpress\/plugins\/seo\/ -->\n<title>Om oss - Finsp\u00e5ng<\/title>\n<meta name=\"robots\" content=\"index, follow, max-snippet:-1, max-image-preview:large, max-video-preview:-1\" \/>\n<link rel=\"canonical\" href=\"https:\/\/www.posk.se\/finspang\/omoss\/\" \/>\n<meta property=\"og:locale\" content=\"sv_SE\" \/>\n<meta property=\"og:type\" content=\"article\" \/>\n<meta property=\"og:title\" content=\"Om oss - Finsp\u00e5ng\" \/>\n<meta property=\"og:description\" content=\"H\u00e4r \u00e4r vi en stark r\u00f6st f\u00f6r en kyrka fri fr\u00e5n partipolitik, d\u00e4r engagemanget i kyrkan ist\u00e4llet f\u00e5r styra. \u2013 Vi tror p\u00e5 tillv\u00e4xt och en ny generation i Svenska kyrkan. Du kan vara med och p\u00e5verka! \u2013 Vi har id\u00e9erna f\u00f6r framtiden och vill leda utvecklingen i riktning mot en kyrka som rymmer m\u00e5ngfald [&hellip;]\" \/>\n<meta property=\"og:url\" content=\"https:\/\/www.posk.se\/finspang\/omoss\/\" \/>\n<meta property=\"og:site_name\" content=\"Finsp\u00e5ng\" \/>\n<meta property=\"article:modified_time\" content=\"2025-05-30T17:07:49+00:00\" \/>\n<meta name=\"twitter:card\" content=\"summary_large_image\" \/>\n<meta name=\"twitter:label1\" content=\"Ber\u00e4knad l\u00e4stid\" \/>\n\t<meta name=\"twitter:data1\" content=\"1 minut\" \/>\n<script type=\"application\/ld+json\" class=\"yoast-schema-graph\">{\"@context\":\"https:\/\/schema.org\",\"@graph\":[{\"@type\":\"WebPage\",\"@id\":\"https:\/\/www.posk.se\/finspang\/omoss\/\",\"url\":\"https:\/\/www.posk.se\/finspang\/omoss\/\",\"name\":\"Om oss - Finsp\u00e5ng\",\"isPartOf\":{\"@id\":\"https:\/\/www.posk.se\/finspang\/#website\"},\"datePublished\":\"2025-05-30T17:05:43+00:00\",\"dateModified\":\"2025-05-30T17:07:49+00:00\",\"breadcrumb\":{\"@id\":\"https:\/\/www.posk.se\/finspang\/omoss\/#breadcrumb\"},\"inLanguage\":\"sv-SE\",\"potentialAction\":[{\"@type\":\"ReadAction\",\"target\":[\"https:\/\/www.posk.se\/finspang\/omoss\/\"]}]},{\"@type\":\"BreadcrumbList\",\"@id\":\"https:\/\/www.posk.se\/finspang\/omoss\/#breadcrumb\",\"itemListElement\":[{\"@type\":\"ListItem\",\"position\":1,\"name\":\"Hem\",\"item\":\"https:\/\/www.posk.se\/finspang\/\"},{\"@type\":\"ListItem\",\"position\":2,\"name\":\"Om oss\"}]},{\"@type\":\"WebSite\",\"@id\":\"https:\/\/www.posk.se\/finspang\/#website\",\"url\":\"https:\/\/www.posk.se\/finspang\/\",\"name\":\"Finsp\u00e5ng\",\"description\":\"POSK-grupp i Link\u00f6pings stift\",\"potentialAction\":[{\"@type\":\"SearchAction\",\"target\":{\"@type\":\"EntryPoint\",\"urlTemplate\":\"https:\/\/www.posk.se\/finspang\/?s={search_term_string}\"},\"query-input\":{\"@type\":\"PropertyValueSpecification\",\"valueRequired\":true,\"valueName\":\"search_term_string\"}}],\"inLanguage\":\"sv-SE\"}]}<\/script>\n<!-- \/ Yoast SEO plugin. -->","yoast_head_json":{"title":"Om oss - Finsp\u00e5ng","robots":{"index":"index","follow":"follow","max-snippet":"max-snippet:-1","max-image-preview":"max-image-preview:large","max-video-preview":"max-video-preview:-1"},"canonical":"https:\/\/www.posk.se\/finspang\/omoss\/","og_locale":"sv_SE","og_type":"article","og_title":"Om oss - Finsp\u00e5ng","og_description":"H\u00e4r \u00e4r vi en stark r\u00f6st f\u00f6r en kyrka fri fr\u00e5n partipolitik, d\u00e4r engagemanget i kyrkan ist\u00e4llet f\u00e5r styra. \u2013 Vi tror p\u00e5 tillv\u00e4xt och en ny generation i Svenska kyrkan. Du kan vara med och p\u00e5verka! \u2013 Vi har id\u00e9erna f\u00f6r framtiden och vill leda utvecklingen i riktning mot en kyrka som rymmer m\u00e5ngfald [&hellip;]","og_url":"https:\/\/www.posk.se\/finspang\/omoss\/","og_site_name":"Finsp\u00e5ng","article_modified_time":"2025-05-30T17:07:49+00:00","twitter_card":"summary_large_image","twitter_misc":{"Ber\u00e4knad l\u00e4stid":"1 minut"},"schema":{"@context":"https:\/\/schema.org","@graph":[{"@type":"WebPage","@id":"https:\/\/www.posk.se\/finspang\/omoss\/","url":"https:\/\/www.posk.se\/finspang\/omoss\/","name":"Om oss - Finsp\u00e5ng","isPartOf":{"@id":"https:\/\/www.posk.se\/finspang\/#website"},"datePublished":"2025-05-30T17:05:43+00:00","dateModified":"2025-05-30T17:07:49+00:00","breadcrumb":{"@id":"https:\/\/www.posk.se\/finspang\/omoss\/#breadcrumb"},"inLanguage":"sv-SE","potentialAction":[{"@type":"ReadAction","target":["https:\/\/www.posk.se\/finspang\/omoss\/"]}]},{"@type":"BreadcrumbList","@id":"https:\/\/www.posk.se\/finspang\/omoss\/#breadcrumb","itemListElement":[{"@type":"ListItem","position":1,"name":"Hem","item":"https:\/\/www.posk.se\/finspang\/"},{"@type":"ListItem","position":2,"name":"Om oss"}]},{"@type":"WebSite","@id":"https:\/\/www.posk.se\/finspang\/#website","url":"https:\/\/www.posk.se\/finspang\/","name":"Finsp\u00e5ng","description":"POSK-grupp i Link\u00f6pings stift","potentialAction":[{"@type":"SearchAction","target":{"@type":"EntryPoint","urlTemplate":"https:\/\/www.posk.se\/finspang\/?s={search_term_string}"},"query-input":{"@type":"PropertyValueSpecification","valueRequired":true,"valueName":"search_term_string"}}],"inLanguage":"sv-SE"}]}},"_links":{"self":[{"href":"https:\/\/www.posk.se\/finspang\/wp-json\/wp\/v2\/pages\/408","targetHints":{"allow":["GET"]}}],"collection":[{"href":"https:\/\/www.posk.se\/finspang\/wp-json\/wp\/v2\/pages"}],"about":[{"href":"https:\/\/www.posk.se\/finspang\/wp-json\/wp\/v2\/types\/page"}],"author":[{"embeddable":true,"href":"https:\/\/www.posk.se\/finspang\/wp-json\/wp\/v2\/users\/104"}],"replies":[{"embeddable":true,"href":"https:\/\/www.posk.se\/finspang\/wp-json\/wp\/v2\/comments?post=408"}],"version-history":[{"count":5,"href":"https:\/\/www.posk.se\/finspang\/wp-json\/wp\/v2\/pages\/408\/revisions"}],"predecessor-version":[{"id":413,"href":"https:\/\/www.posk.se\/finspang\/wp-json\/wp\/v2\/pages\/408\/revisions\/413"}],"wp:attachment":[{"href":"https:\/\/www.posk.se\/finspang\/wp-json\/wp\/v2\/media?parent=408"}],"curies":[{"name":"wp","href":"https:\/\/api.w.org\/{rel}","templated":true}]}}