{"id":344,"date":"2025-03-16T21:20:42","date_gmt":"2025-03-16T20:20:42","guid":{"rendered":"https:\/\/www.posk.se\/finspang\/?page_id=344"},"modified":"2026-03-23T19:51:43","modified_gmt":"2026-03-23T18:51:43","slug":"styrelse-och-funktionarer","status":"publish","type":"page","link":"https:\/\/www.posk.se\/finspang\/omoss\/styrelse-och-funktionarer\/","title":{"rendered":"Styrelse och Funktion\u00e4rer"},"content":{"rendered":"<p>Ordf\u00f6rande : Helena Hellstr\u00f6m<\/p>\n<p>V. ordf\u00f6rande: Per-Inge Jansson<\/p>\n<p>Sekreterare: Rebecca Lewis<\/p>\n<p>Kass\u00f6r: Anders Bygghammar<\/p>\n<p>Ledamot: Yvonne Fransson<\/p>\n<p>Ledamot: Marianne Persson<\/p>\n<p>Ledamot: Bj\u00f6rn Arvidsson<\/p>\n<p>Suppleant:\u00a0 Maria Gustafsson<\/p>\n<p>Web och sociala medier: Bj\u00f6rn Arvidsson<\/p>\n<p>&nbsp;<\/p>\n<p>&nbsp;<\/p>\n<p>&nbsp;<\/p>\n","protected":false},"excerpt":{"rendered":"<p>Ordf\u00f6rande : Helena Hellstr\u00f6m V. ordf\u00f6rande: Per-Inge Jansson Sekreterare: Rebecca Lewis Kass\u00f6r: Anders Bygghammar Ledamot: Yvonne Fransson Ledamot: Marianne Persson Ledamot: Bj\u00f6rn Arvidsson Suppleant:\u00a0 Maria Gustafsson Web och sociala medier: Bj\u00f6rn Arvidsson &nbsp; &nbsp; &nbsp;<\/p>\n","protected":false},"author":1928,"featured_media":0,"parent":408,"menu_order":2,"comment_status":"closed","ping_status":"closed","template":"page-templates\/page-sidebar-left.php","meta":{"_acf_changed":false,"footnotes":""},"class_list":["post-344","page","type-page","status-publish","hentry"],"acf":[],"yoast_head":"<!-- This site is optimized with the Yoast SEO plugin v24.9 - https:\/\/yoast.com\/wordpress\/plugins\/seo\/ -->\n<title>Styrelse och Funktion\u00e4rer - Finsp\u00e5ng<\/title>\n<meta name=\"robots\" content=\"index, follow, max-snippet:-1, max-image-preview:large, max-video-preview:-1\" \/>\n<link rel=\"canonical\" href=\"https:\/\/www.posk.se\/finspang\/omoss\/styrelse-och-funktionarer\/\" \/>\n<meta property=\"og:locale\" content=\"sv_SE\" \/>\n<meta property=\"og:type\" content=\"article\" \/>\n<meta property=\"og:title\" content=\"Styrelse och Funktion\u00e4rer - Finsp\u00e5ng\" \/>\n<meta property=\"og:description\" content=\"Ordf\u00f6rande : Helena Hellstr\u00f6m V. ordf\u00f6rande: Per-Inge Jansson Sekreterare: Rebecca Lewis Kass\u00f6r: Anders Bygghammar Ledamot: Yvonne Fransson Ledamot: Marianne Persson Ledamot: Bj\u00f6rn Arvidsson Suppleant:\u00a0 Maria Gustafsson Web och sociala medier: Bj\u00f6rn Arvidsson &nbsp; &nbsp; &nbsp;\" \/>\n<meta property=\"og:url\" content=\"https:\/\/www.posk.se\/finspang\/omoss\/styrelse-och-funktionarer\/\" \/>\n<meta property=\"og:site_name\" content=\"Finsp\u00e5ng\" \/>\n<meta property=\"article:modified_time\" content=\"2026-03-23T18:51:43+00:00\" \/>\n<meta name=\"twitter:card\" content=\"summary_large_image\" \/>\n<meta name=\"twitter:label1\" content=\"Ber\u00e4knad l\u00e4stid\" \/>\n\t<meta name=\"twitter:data1\" content=\"1 minut\" \/>\n<script type=\"application\/ld+json\" class=\"yoast-schema-graph\">{\"@context\":\"https:\/\/schema.org\",\"@graph\":[{\"@type\":\"WebPage\",\"@id\":\"https:\/\/www.posk.se\/finspang\/omoss\/styrelse-och-funktionarer\/\",\"url\":\"https:\/\/www.posk.se\/finspang\/omoss\/styrelse-och-funktionarer\/\",\"name\":\"Styrelse och Funktion\u00e4rer - Finsp\u00e5ng\",\"isPartOf\":{\"@id\":\"https:\/\/www.posk.se\/finspang\/#website\"},\"datePublished\":\"2025-03-16T20:20:42+00:00\",\"dateModified\":\"2026-03-23T18:51:43+00:00\",\"breadcrumb\":{\"@id\":\"https:\/\/www.posk.se\/finspang\/omoss\/styrelse-och-funktionarer\/#breadcrumb\"},\"inLanguage\":\"sv-SE\",\"potentialAction\":[{\"@type\":\"ReadAction\",\"target\":[\"https:\/\/www.posk.se\/finspang\/omoss\/styrelse-och-funktionarer\/\"]}]},{\"@type\":\"BreadcrumbList\",\"@id\":\"https:\/\/www.posk.se\/finspang\/omoss\/styrelse-och-funktionarer\/#breadcrumb\",\"itemListElement\":[{\"@type\":\"ListItem\",\"position\":1,\"name\":\"Hem\",\"item\":\"https:\/\/www.posk.se\/finspang\/\"},{\"@type\":\"ListItem\",\"position\":2,\"name\":\"Om oss\",\"item\":\"https:\/\/www.posk.se\/finspang\/omoss\/\"},{\"@type\":\"ListItem\",\"position\":3,\"name\":\"Styrelse och Funktion\u00e4rer\"}]},{\"@type\":\"WebSite\",\"@id\":\"https:\/\/www.posk.se\/finspang\/#website\",\"url\":\"https:\/\/www.posk.se\/finspang\/\",\"name\":\"Finsp\u00e5ng\",\"description\":\"POSK-grupp i Link\u00f6pings stift\",\"potentialAction\":[{\"@type\":\"SearchAction\",\"target\":{\"@type\":\"EntryPoint\",\"urlTemplate\":\"https:\/\/www.posk.se\/finspang\/?s={search_term_string}\"},\"query-input\":{\"@type\":\"PropertyValueSpecification\",\"valueRequired\":true,\"valueName\":\"search_term_string\"}}],\"inLanguage\":\"sv-SE\"}]}<\/script>\n<!-- \/ Yoast SEO plugin. -->","yoast_head_json":{"title":"Styrelse och Funktion\u00e4rer - Finsp\u00e5ng","robots":{"index":"index","follow":"follow","max-snippet":"max-snippet:-1","max-image-preview":"max-image-preview:large","max-video-preview":"max-video-preview:-1"},"canonical":"https:\/\/www.posk.se\/finspang\/omoss\/styrelse-och-funktionarer\/","og_locale":"sv_SE","og_type":"article","og_title":"Styrelse och Funktion\u00e4rer - Finsp\u00e5ng","og_description":"Ordf\u00f6rande : Helena Hellstr\u00f6m V. ordf\u00f6rande: Per-Inge Jansson Sekreterare: Rebecca Lewis Kass\u00f6r: Anders Bygghammar Ledamot: Yvonne Fransson Ledamot: Marianne Persson Ledamot: Bj\u00f6rn Arvidsson Suppleant:\u00a0 Maria Gustafsson Web och sociala medier: Bj\u00f6rn Arvidsson &nbsp; &nbsp; &nbsp;","og_url":"https:\/\/www.posk.se\/finspang\/omoss\/styrelse-och-funktionarer\/","og_site_name":"Finsp\u00e5ng","article_modified_time":"2026-03-23T18:51:43+00:00","twitter_card":"summary_large_image","twitter_misc":{"Ber\u00e4knad l\u00e4stid":"1 minut"},"schema":{"@context":"https:\/\/schema.org","@graph":[{"@type":"WebPage","@id":"https:\/\/www.posk.se\/finspang\/omoss\/styrelse-och-funktionarer\/","url":"https:\/\/www.posk.se\/finspang\/omoss\/styrelse-och-funktionarer\/","name":"Styrelse och Funktion\u00e4rer - Finsp\u00e5ng","isPartOf":{"@id":"https:\/\/www.posk.se\/finspang\/#website"},"datePublished":"2025-03-16T20:20:42+00:00","dateModified":"2026-03-23T18:51:43+00:00","breadcrumb":{"@id":"https:\/\/www.posk.se\/finspang\/omoss\/styrelse-och-funktionarer\/#breadcrumb"},"inLanguage":"sv-SE","potentialAction":[{"@type":"ReadAction","target":["https:\/\/www.posk.se\/finspang\/omoss\/styrelse-och-funktionarer\/"]}]},{"@type":"BreadcrumbList","@id":"https:\/\/www.posk.se\/finspang\/omoss\/styrelse-och-funktionarer\/#breadcrumb","itemListElement":[{"@type":"ListItem","position":1,"name":"Hem","item":"https:\/\/www.posk.se\/finspang\/"},{"@type":"ListItem","position":2,"name":"Om oss","item":"https:\/\/www.posk.se\/finspang\/omoss\/"},{"@type":"ListItem","position":3,"name":"Styrelse och Funktion\u00e4rer"}]},{"@type":"WebSite","@id":"https:\/\/www.posk.se\/finspang\/#website","url":"https:\/\/www.posk.se\/finspang\/","name":"Finsp\u00e5ng","description":"POSK-grupp i Link\u00f6pings stift","potentialAction":[{"@type":"SearchAction","target":{"@type":"EntryPoint","urlTemplate":"https:\/\/www.posk.se\/finspang\/?s={search_term_string}"},"query-input":{"@type":"PropertyValueSpecification","valueRequired":true,"valueName":"search_term_string"}}],"inLanguage":"sv-SE"}]}},"_links":{"self":[{"href":"https:\/\/www.posk.se\/finspang\/wp-json\/wp\/v2\/pages\/344","targetHints":{"allow":["GET"]}}],"collection":[{"href":"https:\/\/www.posk.se\/finspang\/wp-json\/wp\/v2\/pages"}],"about":[{"href":"https:\/\/www.posk.se\/finspang\/wp-json\/wp\/v2\/types\/page"}],"author":[{"embeddable":true,"href":"https:\/\/www.posk.se\/finspang\/wp-json\/wp\/v2\/users\/1928"}],"replies":[{"embeddable":true,"href":"https:\/\/www.posk.se\/finspang\/wp-json\/wp\/v2\/comments?post=344"}],"version-history":[{"count":4,"href":"https:\/\/www.posk.se\/finspang\/wp-json\/wp\/v2\/pages\/344\/revisions"}],"predecessor-version":[{"id":527,"href":"https:\/\/www.posk.se\/finspang\/wp-json\/wp\/v2\/pages\/344\/revisions\/527"}],"up":[{"embeddable":true,"href":"https:\/\/www.posk.se\/finspang\/wp-json\/wp\/v2\/pages\/408"}],"wp:attachment":[{"href":"https:\/\/www.posk.se\/finspang\/wp-json\/wp\/v2\/media?parent=344"}],"curies":[{"name":"wp","href":"https:\/\/api.w.org\/{rel}","templated":true}]}}