{"id":61,"date":"2025-09-04T10:55:10","date_gmt":"2025-09-04T08:55:10","guid":{"rendered":"https:\/\/www.posk.se\/farsta\/?page_id=61"},"modified":"2025-09-04T17:29:08","modified_gmt":"2025-09-04T15:29:08","slug":"britt-wennberg","status":"publish","type":"page","link":"https:\/\/www.posk.se\/farsta\/britt-wennberg\/","title":{"rendered":"Britt Wennberg"},"content":{"rendered":"<figure id=\"attachment_62\" aria-describedby=\"caption-attachment-62\" style=\"width: 211px\" class=\"wp-caption alignnone\"><img loading=\"lazy\" decoding=\"async\" class=\"size-medium wp-image-62\" src=\"https:\/\/www.posk.se\/farsta\/wp-content\/uploads\/sites\/295\/2025\/09\/bild-211x300.jpeg\" alt=\"\" width=\"211\" height=\"300\" srcset=\"https:\/\/www.posk.se\/farsta\/wp-content\/uploads\/sites\/295\/2025\/09\/bild-211x300.jpeg 211w, https:\/\/www.posk.se\/farsta\/wp-content\/uploads\/sites\/295\/2025\/09\/bild-330x468.jpeg 330w, https:\/\/www.posk.se\/farsta\/wp-content\/uploads\/sites\/295\/2025\/09\/bild.jpeg 451w\" sizes=\"auto, (max-width: 211px) 100vw, 211px\" \/><figcaption id=\"caption-attachment-62\" class=\"wp-caption-text\">Britt Wennberg<\/figcaption><\/figure>\n<p>Stort engagemang f\u00f6r musik i kyrkan.<\/p>\n<p>Musik f\u00f6renar, ett fundament i f\u00f6rsamlingarbetet.<\/p>\n","protected":false},"excerpt":{"rendered":"<p>Stort engagemang f\u00f6r musik i kyrkan. Musik f\u00f6renar, ett fundament i f\u00f6rsamlingarbetet.<\/p>\n","protected":false},"author":1968,"featured_media":0,"parent":0,"menu_order":0,"comment_status":"closed","ping_status":"closed","template":"page-templates\/page-sidebar-left.php","meta":{"_acf_changed":false,"footnotes":""},"class_list":["post-61","page","type-page","status-publish","hentry"],"acf":[],"yoast_head":"<!-- This site is optimized with the Yoast SEO plugin v24.9 - https:\/\/yoast.com\/wordpress\/plugins\/seo\/ -->\n<title>Britt Wennberg - Farsta<\/title>\n<meta name=\"robots\" content=\"index, follow, max-snippet:-1, max-image-preview:large, max-video-preview:-1\" \/>\n<link rel=\"canonical\" href=\"https:\/\/www.posk.se\/farsta\/britt-wennberg\/\" \/>\n<meta property=\"og:locale\" content=\"sv_SE\" \/>\n<meta property=\"og:type\" content=\"article\" \/>\n<meta property=\"og:title\" content=\"Britt Wennberg - Farsta\" \/>\n<meta property=\"og:description\" content=\"Stort engagemang f\u00f6r musik i kyrkan. Musik f\u00f6renar, ett fundament i f\u00f6rsamlingarbetet.\" \/>\n<meta property=\"og:url\" content=\"https:\/\/www.posk.se\/farsta\/britt-wennberg\/\" \/>\n<meta property=\"og:site_name\" content=\"Farsta\" \/>\n<meta property=\"article:modified_time\" content=\"2025-09-04T15:29:08+00:00\" \/>\n<meta property=\"og:image\" content=\"https:\/\/www.posk.se\/farsta\/wp-content\/uploads\/sites\/295\/2025\/09\/bild.jpeg\" \/>\n\t<meta property=\"og:image:width\" content=\"451\" \/>\n\t<meta property=\"og:image:height\" content=\"640\" \/>\n\t<meta property=\"og:image:type\" content=\"image\/jpeg\" \/>\n<meta name=\"twitter:card\" content=\"summary_large_image\" \/>\n<meta name=\"twitter:label1\" content=\"Ber\u00e4knad l\u00e4stid\" \/>\n\t<meta name=\"twitter:data1\" content=\"1 minut\" \/>\n<script type=\"application\/ld+json\" class=\"yoast-schema-graph\">{\"@context\":\"https:\/\/schema.org\",\"@graph\":[{\"@type\":\"WebPage\",\"@id\":\"https:\/\/www.posk.se\/farsta\/britt-wennberg\/\",\"url\":\"https:\/\/www.posk.se\/farsta\/britt-wennberg\/\",\"name\":\"Britt Wennberg - Farsta\",\"isPartOf\":{\"@id\":\"https:\/\/www.posk.se\/farsta\/#website\"},\"primaryImageOfPage\":{\"@id\":\"https:\/\/www.posk.se\/farsta\/britt-wennberg\/#primaryimage\"},\"image\":{\"@id\":\"https:\/\/www.posk.se\/farsta\/britt-wennberg\/#primaryimage\"},\"thumbnailUrl\":\"https:\/\/www.posk.se\/farsta\/wp-content\/uploads\/sites\/295\/2025\/09\/bild-211x300.jpeg\",\"datePublished\":\"2025-09-04T08:55:10+00:00\",\"dateModified\":\"2025-09-04T15:29:08+00:00\",\"breadcrumb\":{\"@id\":\"https:\/\/www.posk.se\/farsta\/britt-wennberg\/#breadcrumb\"},\"inLanguage\":\"sv-SE\",\"potentialAction\":[{\"@type\":\"ReadAction\",\"target\":[\"https:\/\/www.posk.se\/farsta\/britt-wennberg\/\"]}]},{\"@type\":\"ImageObject\",\"inLanguage\":\"sv-SE\",\"@id\":\"https:\/\/www.posk.se\/farsta\/britt-wennberg\/#primaryimage\",\"url\":\"https:\/\/www.posk.se\/farsta\/wp-content\/uploads\/sites\/295\/2025\/09\/bild.jpeg\",\"contentUrl\":\"https:\/\/www.posk.se\/farsta\/wp-content\/uploads\/sites\/295\/2025\/09\/bild.jpeg\",\"width\":451,\"height\":640,\"caption\":\"Britt Wennberg\"},{\"@type\":\"BreadcrumbList\",\"@id\":\"https:\/\/www.posk.se\/farsta\/britt-wennberg\/#breadcrumb\",\"itemListElement\":[{\"@type\":\"ListItem\",\"position\":1,\"name\":\"Hem\",\"item\":\"https:\/\/www.posk.se\/farsta\/\"},{\"@type\":\"ListItem\",\"position\":2,\"name\":\"Britt Wennberg\"}]},{\"@type\":\"WebSite\",\"@id\":\"https:\/\/www.posk.se\/farsta\/#website\",\"url\":\"https:\/\/www.posk.se\/farsta\/\",\"name\":\"Farsta\",\"description\":\"POSK-grupp i Stockholms stift\",\"potentialAction\":[{\"@type\":\"SearchAction\",\"target\":{\"@type\":\"EntryPoint\",\"urlTemplate\":\"https:\/\/www.posk.se\/farsta\/?s={search_term_string}\"},\"query-input\":{\"@type\":\"PropertyValueSpecification\",\"valueRequired\":true,\"valueName\":\"search_term_string\"}}],\"inLanguage\":\"sv-SE\"}]}<\/script>\n<!-- \/ Yoast SEO plugin. -->","yoast_head_json":{"title":"Britt Wennberg - Farsta","robots":{"index":"index","follow":"follow","max-snippet":"max-snippet:-1","max-image-preview":"max-image-preview:large","max-video-preview":"max-video-preview:-1"},"canonical":"https:\/\/www.posk.se\/farsta\/britt-wennberg\/","og_locale":"sv_SE","og_type":"article","og_title":"Britt Wennberg - Farsta","og_description":"Stort engagemang f\u00f6r musik i kyrkan. Musik f\u00f6renar, ett fundament i f\u00f6rsamlingarbetet.","og_url":"https:\/\/www.posk.se\/farsta\/britt-wennberg\/","og_site_name":"Farsta","article_modified_time":"2025-09-04T15:29:08+00:00","og_image":[{"width":451,"height":640,"url":"https:\/\/www.posk.se\/farsta\/wp-content\/uploads\/sites\/295\/2025\/09\/bild.jpeg","type":"image\/jpeg"}],"twitter_card":"summary_large_image","twitter_misc":{"Ber\u00e4knad l\u00e4stid":"1 minut"},"schema":{"@context":"https:\/\/schema.org","@graph":[{"@type":"WebPage","@id":"https:\/\/www.posk.se\/farsta\/britt-wennberg\/","url":"https:\/\/www.posk.se\/farsta\/britt-wennberg\/","name":"Britt Wennberg - Farsta","isPartOf":{"@id":"https:\/\/www.posk.se\/farsta\/#website"},"primaryImageOfPage":{"@id":"https:\/\/www.posk.se\/farsta\/britt-wennberg\/#primaryimage"},"image":{"@id":"https:\/\/www.posk.se\/farsta\/britt-wennberg\/#primaryimage"},"thumbnailUrl":"https:\/\/www.posk.se\/farsta\/wp-content\/uploads\/sites\/295\/2025\/09\/bild-211x300.jpeg","datePublished":"2025-09-04T08:55:10+00:00","dateModified":"2025-09-04T15:29:08+00:00","breadcrumb":{"@id":"https:\/\/www.posk.se\/farsta\/britt-wennberg\/#breadcrumb"},"inLanguage":"sv-SE","potentialAction":[{"@type":"ReadAction","target":["https:\/\/www.posk.se\/farsta\/britt-wennberg\/"]}]},{"@type":"ImageObject","inLanguage":"sv-SE","@id":"https:\/\/www.posk.se\/farsta\/britt-wennberg\/#primaryimage","url":"https:\/\/www.posk.se\/farsta\/wp-content\/uploads\/sites\/295\/2025\/09\/bild.jpeg","contentUrl":"https:\/\/www.posk.se\/farsta\/wp-content\/uploads\/sites\/295\/2025\/09\/bild.jpeg","width":451,"height":640,"caption":"Britt Wennberg"},{"@type":"BreadcrumbList","@id":"https:\/\/www.posk.se\/farsta\/britt-wennberg\/#breadcrumb","itemListElement":[{"@type":"ListItem","position":1,"name":"Hem","item":"https:\/\/www.posk.se\/farsta\/"},{"@type":"ListItem","position":2,"name":"Britt Wennberg"}]},{"@type":"WebSite","@id":"https:\/\/www.posk.se\/farsta\/#website","url":"https:\/\/www.posk.se\/farsta\/","name":"Farsta","description":"POSK-grupp i Stockholms stift","potentialAction":[{"@type":"SearchAction","target":{"@type":"EntryPoint","urlTemplate":"https:\/\/www.posk.se\/farsta\/?s={search_term_string}"},"query-input":{"@type":"PropertyValueSpecification","valueRequired":true,"valueName":"search_term_string"}}],"inLanguage":"sv-SE"}]}},"_links":{"self":[{"href":"https:\/\/www.posk.se\/farsta\/wp-json\/wp\/v2\/pages\/61","targetHints":{"allow":["GET"]}}],"collection":[{"href":"https:\/\/www.posk.se\/farsta\/wp-json\/wp\/v2\/pages"}],"about":[{"href":"https:\/\/www.posk.se\/farsta\/wp-json\/wp\/v2\/types\/page"}],"author":[{"embeddable":true,"href":"https:\/\/www.posk.se\/farsta\/wp-json\/wp\/v2\/users\/1968"}],"replies":[{"embeddable":true,"href":"https:\/\/www.posk.se\/farsta\/wp-json\/wp\/v2\/comments?post=61"}],"version-history":[{"count":4,"href":"https:\/\/www.posk.se\/farsta\/wp-json\/wp\/v2\/pages\/61\/revisions"}],"predecessor-version":[{"id":73,"href":"https:\/\/www.posk.se\/farsta\/wp-json\/wp\/v2\/pages\/61\/revisions\/73"}],"wp:attachment":[{"href":"https:\/\/www.posk.se\/farsta\/wp-json\/wp\/v2\/media?parent=61"}],"curies":[{"name":"wp","href":"https:\/\/api.w.org\/{rel}","templated":true}]}}