{"id":57,"date":"2025-09-04T10:44:39","date_gmt":"2025-09-04T08:44:39","guid":{"rendered":"https:\/\/www.posk.se\/farsta\/?page_id=57"},"modified":"2025-09-04T18:01:08","modified_gmt":"2025-09-04T16:01:08","slug":"peter-oberg","status":"publish","type":"page","link":"https:\/\/www.posk.se\/farsta\/peter-oberg\/","title":{"rendered":"Peter \u00d6berg"},"content":{"rendered":"<p><img loading=\"lazy\" decoding=\"async\" class=\"size-medium wp-image-54\" src=\"https:\/\/www.posk.se\/farsta\/wp-content\/uploads\/sites\/295\/2025\/09\/img-1478-300x294.jpeg\" alt=\"\" width=\"300\" height=\"294\" srcset=\"https:\/\/www.posk.se\/farsta\/wp-content\/uploads\/sites\/295\/2025\/09\/img-1478-300x294.jpeg 300w, https:\/\/www.posk.se\/farsta\/wp-content\/uploads\/sites\/295\/2025\/09\/img-1478-1024x1005.jpeg 1024w, https:\/\/www.posk.se\/farsta\/wp-content\/uploads\/sites\/295\/2025\/09\/img-1478-768x754.jpeg 768w, https:\/\/www.posk.se\/farsta\/wp-content\/uploads\/sites\/295\/2025\/09\/img-1478-1536x1508.jpeg 1536w, https:\/\/www.posk.se\/farsta\/wp-content\/uploads\/sites\/295\/2025\/09\/img-1478-330x324.jpeg 330w, https:\/\/www.posk.se\/farsta\/wp-content\/uploads\/sites\/295\/2025\/09\/img-1478.jpeg 1738w\" sizes=\"auto, (max-width: 300px) 100vw, 300px\" \/><\/p>\n<p>Peter \u00d6berg Kyrkovalskandidat med erfarenhet, eftertanke och ett starkt engagemang f\u00f6r en stabil och sj\u00e4lvst\u00e4ndig kyrka<\/p>\n<p>Jag st\u00e4ller upp i kyrkovalet d\u00e4rf\u00f6r att jag brinner f\u00f6r Svenska kyrkans framtid \u2013 en framtid som bygger p\u00e5 tro, ansvar och kontinuitet.<\/p>\n<p>Med m\u00e5nga \u00e5rs erfarenhet av arbete inom och i samverkan med kyrkan har jag f\u00e5tt en djup f\u00f6rst\u00e5else f\u00f6r dess roll i samh\u00e4llet, dess utmaningar och dess m\u00f6jligheter. Jag tror p\u00e5 en kyrka som st\u00e5r tryggt i sin tro och tradition, samtidigt som den \u00e4r \u00f6ppen f\u00f6r samtal och n\u00e4rvarande i m\u00e4nniskors liv \u2013 i vardag och i kris.<\/p>\n<p>Min drivkraft \u00e4r att bidra till en kyrka som \u00e4r:<br \/>\n\u2022\u00a0\u00a0\u00a0\u00a0Stabil \u2013 d\u00e4r beslut grundas i l\u00e5ngsiktighet, inte i kortsiktiga opinioner.<br \/>\n\u2022\u00a0\u00a0\u00a0\u00a0Sj\u00e4lvst\u00e4ndig \u2013 fri fr\u00e5n partipolitisk p\u00e5verkan, med fokus p\u00e5 kyrkans uppdrag.<br \/>\n\u2022\u00a0\u00a0\u00a0\u00a0Kunnig och ansvarstagande \u2013 d\u00e4r f\u00f6rvaltning och verksamhet bygger p\u00e5 insikt, erfarenhet och respekt f\u00f6r det kyrkliga sammanhanget.<br \/>\n\u2022\u00a0\u00a0\u00a0\u00a0\u00d6ppen och trogen sin grund \u2013 med en tydlig r\u00f6st i samh\u00e4llet, rotad i evangeliet.<\/p>\n<p>Jag ser mitt engagemang som en m\u00f6jlighet att vara en del i n\u00e5got st\u00f6rre \u2013 att tillsammans med andra trygga kyrkans v\u00e4g fram\u00e5t med omsorg, trofasthet och ansvar.<\/p>\n<p>Jag hoppas p\u00e5 ditt f\u00f6rtroende i \u00e5rets kyrkoval.<br \/>\nTillsammans kan vi st\u00e5 upp f\u00f6r en kyrka som b\u00e5de b\u00e4r och st\u00e5r stadigt<\/p>\n<p>&nbsp;<\/p>\n","protected":false},"excerpt":{"rendered":"<p>Peter \u00d6berg Kyrkovalskandidat med erfarenhet, eftertanke och ett starkt engagemang f\u00f6r en stabil och sj\u00e4lvst\u00e4ndig kyrka Jag st\u00e4ller upp i kyrkovalet d\u00e4rf\u00f6r att jag brinner f\u00f6r Svenska kyrkans framtid \u2013 en framtid som bygger p\u00e5 tro, ansvar och kontinuitet. Med m\u00e5nga \u00e5rs erfarenhet av arbete inom och i samverkan med kyrkan har jag f\u00e5tt en [&hellip;]<\/p>\n","protected":false},"author":1968,"featured_media":0,"parent":0,"menu_order":3,"comment_status":"closed","ping_status":"closed","template":"page-templates\/page-sidebar-left.php","meta":{"_acf_changed":false,"footnotes":""},"class_list":["post-57","page","type-page","status-publish","hentry"],"acf":[],"yoast_head":"<!-- This site is optimized with the Yoast SEO plugin v24.9 - https:\/\/yoast.com\/wordpress\/plugins\/seo\/ -->\n<title>Peter \u00d6berg - Farsta<\/title>\n<meta name=\"description\" content=\"Kyrkovalskandidat med erfarenhet, eftertanke och ett starkt engagemang f\u00f6r en stabil och sj\u00e4lvst\u00e4ndig kyrkaJag st\u00e4ller upp i kyrkovalet d\u00e4rf\u00f6r att jag brinner f\u00f6r Svenska kyrkans framtid \u2013 en framtid som bygger p\u00e5 tro, ansvar och kontinuitet.Med m\u00e5nga \u00e5rs erfarenhet av arbete inom och i samverkan med kyrkan har jag f\u00e5tt en djup f\u00f6rst\u00e5else f\u00f6r dess roll i samh\u00e4llet, dess utmaningar och dess m\u00f6jligheter. Jag tror p\u00e5 en kyrka som st\u00e5r tryggt i sin tro och tradition, samtidigt som den \u00e4r \u00f6ppen f\u00f6r samtal och n\u00e4rvarande i m\u00e4nniskors liv \u2013 i vardag och i kris.Min drivkraft \u00e4r att bidra till en kyrka som \u00e4r:\u00a0\u00a0\u00a0\u00a0\u2022\u00a0\u00a0\u00a0\u00a0Stabil \u2013 d\u00e4r beslut grundas i l\u00e5ngsiktighet, inte i kortsiktiga opinioner.\u00a0\u00a0\u00a0\u00a0\u2022\u00a0\u00a0\u00a0\u00a0Sj\u00e4lvst\u00e4ndig \u2013 fri fr\u00e5n partipolitisk p\u00e5verkan, med fokus p\u00e5 kyrkans uppdrag.\u00a0\u00a0\u00a0\u00a0\u2022\u00a0\u00a0\u00a0\u00a0Kunnig och ansvarstagande \u2013 d\u00e4r f\u00f6rvaltning och verksamhet bygger p\u00e5 insikt, erfarenhet och respekt f\u00f6r det kyrkliga sammanhanget.\u00a0\u00a0\u00a0\u00a0\u2022\u00a0\u00a0\u00a0\u00a0\u00d6ppen och trogen sin grund \u2013 med en tydlig r\u00f6st i samh\u00e4llet, rotad i evangeliet.Jag ser mitt engagemang som en m\u00f6jlighet att vara en del i n\u00e5got st\u00f6rre \u2013 att tillsammans med andra trygga kyrkans v\u00e4g fram\u00e5t med omsorg, trofasthet och ansvar.Jag hoppas p\u00e5 ditt f\u00f6rtroende i \u00e5rets kyrkoval.Tillsammans kan vi st\u00e5 upp f\u00f6r en kyrka som b\u00e5de b\u00e4r och st\u00e5r stadigt\" \/>\n<meta name=\"robots\" content=\"index, follow, max-snippet:-1, max-image-preview:large, max-video-preview:-1\" \/>\n<link rel=\"canonical\" href=\"https:\/\/www.posk.se\/farsta\/peter-oberg\/\" \/>\n<meta property=\"og:locale\" content=\"sv_SE\" \/>\n<meta property=\"og:type\" content=\"article\" \/>\n<meta property=\"og:title\" content=\"Peter \u00d6berg - Farsta\" \/>\n<meta property=\"og:description\" content=\"Kyrkovalskandidat med erfarenhet, eftertanke och ett starkt engagemang f\u00f6r en stabil och sj\u00e4lvst\u00e4ndig kyrkaJag st\u00e4ller upp i kyrkovalet d\u00e4rf\u00f6r att jag brinner f\u00f6r Svenska kyrkans framtid \u2013 en framtid som bygger p\u00e5 tro, ansvar och kontinuitet.Med m\u00e5nga \u00e5rs erfarenhet av arbete inom och i samverkan med kyrkan har jag f\u00e5tt en djup f\u00f6rst\u00e5else f\u00f6r dess roll i samh\u00e4llet, dess utmaningar och dess m\u00f6jligheter. Jag tror p\u00e5 en kyrka som st\u00e5r tryggt i sin tro och tradition, samtidigt som den \u00e4r \u00f6ppen f\u00f6r samtal och n\u00e4rvarande i m\u00e4nniskors liv \u2013 i vardag och i kris.Min drivkraft \u00e4r att bidra till en kyrka som \u00e4r:\u00a0\u00a0\u00a0\u00a0\u2022\u00a0\u00a0\u00a0\u00a0Stabil \u2013 d\u00e4r beslut grundas i l\u00e5ngsiktighet, inte i kortsiktiga opinioner.\u00a0\u00a0\u00a0\u00a0\u2022\u00a0\u00a0\u00a0\u00a0Sj\u00e4lvst\u00e4ndig \u2013 fri fr\u00e5n partipolitisk p\u00e5verkan, med fokus p\u00e5 kyrkans uppdrag.\u00a0\u00a0\u00a0\u00a0\u2022\u00a0\u00a0\u00a0\u00a0Kunnig och ansvarstagande \u2013 d\u00e4r f\u00f6rvaltning och verksamhet bygger p\u00e5 insikt, erfarenhet och respekt f\u00f6r det kyrkliga sammanhanget.\u00a0\u00a0\u00a0\u00a0\u2022\u00a0\u00a0\u00a0\u00a0\u00d6ppen och trogen sin grund \u2013 med en tydlig r\u00f6st i samh\u00e4llet, rotad i evangeliet.Jag ser mitt engagemang som en m\u00f6jlighet att vara en del i n\u00e5got st\u00f6rre \u2013 att tillsammans med andra trygga kyrkans v\u00e4g fram\u00e5t med omsorg, trofasthet och ansvar.Jag hoppas p\u00e5 ditt f\u00f6rtroende i \u00e5rets kyrkoval.Tillsammans kan vi st\u00e5 upp f\u00f6r en kyrka som b\u00e5de b\u00e4r och st\u00e5r stadigt\" \/>\n<meta property=\"og:url\" content=\"https:\/\/www.posk.se\/farsta\/peter-oberg\/\" \/>\n<meta property=\"og:site_name\" content=\"Farsta\" \/>\n<meta property=\"article:modified_time\" content=\"2025-09-04T16:01:08+00:00\" \/>\n<meta property=\"og:image\" content=\"https:\/\/www.posk.se\/farsta\/wp-content\/uploads\/sites\/295\/2025\/09\/img-1478.jpeg\" \/>\n\t<meta property=\"og:image:width\" content=\"1738\" \/>\n\t<meta property=\"og:image:height\" content=\"1706\" \/>\n\t<meta property=\"og:image:type\" content=\"image\/jpeg\" \/>\n<meta name=\"twitter:card\" content=\"summary_large_image\" \/>\n<meta name=\"twitter:label1\" content=\"Ber\u00e4knad l\u00e4stid\" \/>\n\t<meta name=\"twitter:data1\" content=\"2 minuter\" \/>\n<script type=\"application\/ld+json\" class=\"yoast-schema-graph\">{\"@context\":\"https:\/\/schema.org\",\"@graph\":[{\"@type\":\"WebPage\",\"@id\":\"https:\/\/www.posk.se\/farsta\/peter-oberg\/\",\"url\":\"https:\/\/www.posk.se\/farsta\/peter-oberg\/\",\"name\":\"Peter \u00d6berg - Farsta\",\"isPartOf\":{\"@id\":\"https:\/\/www.posk.se\/farsta\/#website\"},\"primaryImageOfPage\":{\"@id\":\"https:\/\/www.posk.se\/farsta\/peter-oberg\/#primaryimage\"},\"image\":{\"@id\":\"https:\/\/www.posk.se\/farsta\/peter-oberg\/#primaryimage\"},\"thumbnailUrl\":\"https:\/\/www.posk.se\/farsta\/wp-content\/uploads\/sites\/295\/2025\/09\/img-1478-300x294.jpeg\",\"datePublished\":\"2025-09-04T08:44:39+00:00\",\"dateModified\":\"2025-09-04T16:01:08+00:00\",\"description\":\"Kyrkovalskandidat med erfarenhet, eftertanke och ett starkt engagemang f\u00f6r en stabil och sj\u00e4lvst\u00e4ndig kyrkaJag st\u00e4ller upp i kyrkovalet d\u00e4rf\u00f6r att jag brinner f\u00f6r Svenska kyrkans framtid \u2013 en framtid som bygger p\u00e5 tro, ansvar och kontinuitet.Med m\u00e5nga \u00e5rs erfarenhet av arbete inom och i samverkan med kyrkan har jag f\u00e5tt en djup f\u00f6rst\u00e5else f\u00f6r dess roll i samh\u00e4llet, dess utmaningar och dess m\u00f6jligheter. Jag tror p\u00e5 en kyrka som st\u00e5r tryggt i sin tro och tradition, samtidigt som den \u00e4r \u00f6ppen f\u00f6r samtal och n\u00e4rvarande i m\u00e4nniskors liv \u2013 i vardag och i kris.Min drivkraft \u00e4r att bidra till en kyrka som \u00e4r:\u00a0\u00a0\u00a0\u00a0\u2022\u00a0\u00a0\u00a0\u00a0Stabil \u2013 d\u00e4r beslut grundas i l\u00e5ngsiktighet, inte i kortsiktiga opinioner.\u00a0\u00a0\u00a0\u00a0\u2022\u00a0\u00a0\u00a0\u00a0Sj\u00e4lvst\u00e4ndig \u2013 fri fr\u00e5n partipolitisk p\u00e5verkan, med fokus p\u00e5 kyrkans uppdrag.\u00a0\u00a0\u00a0\u00a0\u2022\u00a0\u00a0\u00a0\u00a0Kunnig och ansvarstagande \u2013 d\u00e4r f\u00f6rvaltning och verksamhet bygger p\u00e5 insikt, erfarenhet och respekt f\u00f6r det kyrkliga sammanhanget.\u00a0\u00a0\u00a0\u00a0\u2022\u00a0\u00a0\u00a0\u00a0\u00d6ppen och trogen sin grund \u2013 med en tydlig r\u00f6st i samh\u00e4llet, rotad i evangeliet.Jag ser mitt engagemang som en m\u00f6jlighet att vara en del i n\u00e5got st\u00f6rre \u2013 att tillsammans med andra trygga kyrkans v\u00e4g fram\u00e5t med omsorg, trofasthet och ansvar.Jag hoppas p\u00e5 ditt f\u00f6rtroende i \u00e5rets kyrkoval.Tillsammans kan vi st\u00e5 upp f\u00f6r en kyrka som b\u00e5de b\u00e4r och st\u00e5r stadigt\",\"breadcrumb\":{\"@id\":\"https:\/\/www.posk.se\/farsta\/peter-oberg\/#breadcrumb\"},\"inLanguage\":\"sv-SE\",\"potentialAction\":[{\"@type\":\"ReadAction\",\"target\":[\"https:\/\/www.posk.se\/farsta\/peter-oberg\/\"]}]},{\"@type\":\"ImageObject\",\"inLanguage\":\"sv-SE\",\"@id\":\"https:\/\/www.posk.se\/farsta\/peter-oberg\/#primaryimage\",\"url\":\"https:\/\/www.posk.se\/farsta\/wp-content\/uploads\/sites\/295\/2025\/09\/img-1478.jpeg\",\"contentUrl\":\"https:\/\/www.posk.se\/farsta\/wp-content\/uploads\/sites\/295\/2025\/09\/img-1478.jpeg\",\"width\":1738,\"height\":1706,\"caption\":\"Peter \u00d6berg\"},{\"@type\":\"BreadcrumbList\",\"@id\":\"https:\/\/www.posk.se\/farsta\/peter-oberg\/#breadcrumb\",\"itemListElement\":[{\"@type\":\"ListItem\",\"position\":1,\"name\":\"Hem\",\"item\":\"https:\/\/www.posk.se\/farsta\/\"},{\"@type\":\"ListItem\",\"position\":2,\"name\":\"Peter \u00d6berg\"}]},{\"@type\":\"WebSite\",\"@id\":\"https:\/\/www.posk.se\/farsta\/#website\",\"url\":\"https:\/\/www.posk.se\/farsta\/\",\"name\":\"Farsta\",\"description\":\"POSK-grupp i Stockholms stift\",\"potentialAction\":[{\"@type\":\"SearchAction\",\"target\":{\"@type\":\"EntryPoint\",\"urlTemplate\":\"https:\/\/www.posk.se\/farsta\/?s={search_term_string}\"},\"query-input\":{\"@type\":\"PropertyValueSpecification\",\"valueRequired\":true,\"valueName\":\"search_term_string\"}}],\"inLanguage\":\"sv-SE\"}]}<\/script>\n<!-- \/ Yoast SEO plugin. -->","yoast_head_json":{"title":"Peter \u00d6berg - Farsta","description":"Kyrkovalskandidat med erfarenhet, eftertanke och ett starkt engagemang f\u00f6r en stabil och sj\u00e4lvst\u00e4ndig kyrkaJag st\u00e4ller upp i kyrkovalet d\u00e4rf\u00f6r att jag brinner f\u00f6r Svenska kyrkans framtid \u2013 en framtid som bygger p\u00e5 tro, ansvar och kontinuitet.Med m\u00e5nga \u00e5rs erfarenhet av arbete inom och i samverkan med kyrkan har jag f\u00e5tt en djup f\u00f6rst\u00e5else f\u00f6r dess roll i samh\u00e4llet, dess utmaningar och dess m\u00f6jligheter. Jag tror p\u00e5 en kyrka som st\u00e5r tryggt i sin tro och tradition, samtidigt som den \u00e4r \u00f6ppen f\u00f6r samtal och n\u00e4rvarande i m\u00e4nniskors liv \u2013 i vardag och i kris.Min drivkraft \u00e4r att bidra till en kyrka som \u00e4r:\u00a0\u00a0\u00a0\u00a0\u2022\u00a0\u00a0\u00a0\u00a0Stabil \u2013 d\u00e4r beslut grundas i l\u00e5ngsiktighet, inte i kortsiktiga opinioner.\u00a0\u00a0\u00a0\u00a0\u2022\u00a0\u00a0\u00a0\u00a0Sj\u00e4lvst\u00e4ndig \u2013 fri fr\u00e5n partipolitisk p\u00e5verkan, med fokus p\u00e5 kyrkans uppdrag.\u00a0\u00a0\u00a0\u00a0\u2022\u00a0\u00a0\u00a0\u00a0Kunnig och ansvarstagande \u2013 d\u00e4r f\u00f6rvaltning och verksamhet bygger p\u00e5 insikt, erfarenhet och respekt f\u00f6r det kyrkliga sammanhanget.\u00a0\u00a0\u00a0\u00a0\u2022\u00a0\u00a0\u00a0\u00a0\u00d6ppen och trogen sin grund \u2013 med en tydlig r\u00f6st i samh\u00e4llet, rotad i evangeliet.Jag ser mitt engagemang som en m\u00f6jlighet att vara en del i n\u00e5got st\u00f6rre \u2013 att tillsammans med andra trygga kyrkans v\u00e4g fram\u00e5t med omsorg, trofasthet och ansvar.Jag hoppas p\u00e5 ditt f\u00f6rtroende i \u00e5rets kyrkoval.Tillsammans kan vi st\u00e5 upp f\u00f6r en kyrka som b\u00e5de b\u00e4r och st\u00e5r stadigt","robots":{"index":"index","follow":"follow","max-snippet":"max-snippet:-1","max-image-preview":"max-image-preview:large","max-video-preview":"max-video-preview:-1"},"canonical":"https:\/\/www.posk.se\/farsta\/peter-oberg\/","og_locale":"sv_SE","og_type":"article","og_title":"Peter \u00d6berg - Farsta","og_description":"Kyrkovalskandidat med erfarenhet, eftertanke och ett starkt engagemang f\u00f6r en stabil och sj\u00e4lvst\u00e4ndig kyrkaJag st\u00e4ller upp i kyrkovalet d\u00e4rf\u00f6r att jag brinner f\u00f6r Svenska kyrkans framtid \u2013 en framtid som bygger p\u00e5 tro, ansvar och kontinuitet.Med m\u00e5nga \u00e5rs erfarenhet av arbete inom och i samverkan med kyrkan har jag f\u00e5tt en djup f\u00f6rst\u00e5else f\u00f6r dess roll i samh\u00e4llet, dess utmaningar och dess m\u00f6jligheter. Jag tror p\u00e5 en kyrka som st\u00e5r tryggt i sin tro och tradition, samtidigt som den \u00e4r \u00f6ppen f\u00f6r samtal och n\u00e4rvarande i m\u00e4nniskors liv \u2013 i vardag och i kris.Min drivkraft \u00e4r att bidra till en kyrka som \u00e4r:\u00a0\u00a0\u00a0\u00a0\u2022\u00a0\u00a0\u00a0\u00a0Stabil \u2013 d\u00e4r beslut grundas i l\u00e5ngsiktighet, inte i kortsiktiga opinioner.\u00a0\u00a0\u00a0\u00a0\u2022\u00a0\u00a0\u00a0\u00a0Sj\u00e4lvst\u00e4ndig \u2013 fri fr\u00e5n partipolitisk p\u00e5verkan, med fokus p\u00e5 kyrkans uppdrag.\u00a0\u00a0\u00a0\u00a0\u2022\u00a0\u00a0\u00a0\u00a0Kunnig och ansvarstagande \u2013 d\u00e4r f\u00f6rvaltning och verksamhet bygger p\u00e5 insikt, erfarenhet och respekt f\u00f6r det kyrkliga sammanhanget.\u00a0\u00a0\u00a0\u00a0\u2022\u00a0\u00a0\u00a0\u00a0\u00d6ppen och trogen sin grund \u2013 med en tydlig r\u00f6st i samh\u00e4llet, rotad i evangeliet.Jag ser mitt engagemang som en m\u00f6jlighet att vara en del i n\u00e5got st\u00f6rre \u2013 att tillsammans med andra trygga kyrkans v\u00e4g fram\u00e5t med omsorg, trofasthet och ansvar.Jag hoppas p\u00e5 ditt f\u00f6rtroende i \u00e5rets kyrkoval.Tillsammans kan vi st\u00e5 upp f\u00f6r en kyrka som b\u00e5de b\u00e4r och st\u00e5r stadigt","og_url":"https:\/\/www.posk.se\/farsta\/peter-oberg\/","og_site_name":"Farsta","article_modified_time":"2025-09-04T16:01:08+00:00","og_image":[{"width":1738,"height":1706,"url":"https:\/\/www.posk.se\/farsta\/wp-content\/uploads\/sites\/295\/2025\/09\/img-1478.jpeg","type":"image\/jpeg"}],"twitter_card":"summary_large_image","twitter_misc":{"Ber\u00e4knad l\u00e4stid":"2 minuter"},"schema":{"@context":"https:\/\/schema.org","@graph":[{"@type":"WebPage","@id":"https:\/\/www.posk.se\/farsta\/peter-oberg\/","url":"https:\/\/www.posk.se\/farsta\/peter-oberg\/","name":"Peter \u00d6berg - Farsta","isPartOf":{"@id":"https:\/\/www.posk.se\/farsta\/#website"},"primaryImageOfPage":{"@id":"https:\/\/www.posk.se\/farsta\/peter-oberg\/#primaryimage"},"image":{"@id":"https:\/\/www.posk.se\/farsta\/peter-oberg\/#primaryimage"},"thumbnailUrl":"https:\/\/www.posk.se\/farsta\/wp-content\/uploads\/sites\/295\/2025\/09\/img-1478-300x294.jpeg","datePublished":"2025-09-04T08:44:39+00:00","dateModified":"2025-09-04T16:01:08+00:00","description":"Kyrkovalskandidat med erfarenhet, eftertanke och ett starkt engagemang f\u00f6r en stabil och sj\u00e4lvst\u00e4ndig kyrkaJag st\u00e4ller upp i kyrkovalet d\u00e4rf\u00f6r att jag brinner f\u00f6r Svenska kyrkans framtid \u2013 en framtid som bygger p\u00e5 tro, ansvar och kontinuitet.Med m\u00e5nga \u00e5rs erfarenhet av arbete inom och i samverkan med kyrkan har jag f\u00e5tt en djup f\u00f6rst\u00e5else f\u00f6r dess roll i samh\u00e4llet, dess utmaningar och dess m\u00f6jligheter. Jag tror p\u00e5 en kyrka som st\u00e5r tryggt i sin tro och tradition, samtidigt som den \u00e4r \u00f6ppen f\u00f6r samtal och n\u00e4rvarande i m\u00e4nniskors liv \u2013 i vardag och i kris.Min drivkraft \u00e4r att bidra till en kyrka som \u00e4r:\u00a0\u00a0\u00a0\u00a0\u2022\u00a0\u00a0\u00a0\u00a0Stabil \u2013 d\u00e4r beslut grundas i l\u00e5ngsiktighet, inte i kortsiktiga opinioner.\u00a0\u00a0\u00a0\u00a0\u2022\u00a0\u00a0\u00a0\u00a0Sj\u00e4lvst\u00e4ndig \u2013 fri fr\u00e5n partipolitisk p\u00e5verkan, med fokus p\u00e5 kyrkans uppdrag.\u00a0\u00a0\u00a0\u00a0\u2022\u00a0\u00a0\u00a0\u00a0Kunnig och ansvarstagande \u2013 d\u00e4r f\u00f6rvaltning och verksamhet bygger p\u00e5 insikt, erfarenhet och respekt f\u00f6r det kyrkliga sammanhanget.\u00a0\u00a0\u00a0\u00a0\u2022\u00a0\u00a0\u00a0\u00a0\u00d6ppen och trogen sin grund \u2013 med en tydlig r\u00f6st i samh\u00e4llet, rotad i evangeliet.Jag ser mitt engagemang som en m\u00f6jlighet att vara en del i n\u00e5got st\u00f6rre \u2013 att tillsammans med andra trygga kyrkans v\u00e4g fram\u00e5t med omsorg, trofasthet och ansvar.Jag hoppas p\u00e5 ditt f\u00f6rtroende i \u00e5rets kyrkoval.Tillsammans kan vi st\u00e5 upp f\u00f6r en kyrka som b\u00e5de b\u00e4r och st\u00e5r stadigt","breadcrumb":{"@id":"https:\/\/www.posk.se\/farsta\/peter-oberg\/#breadcrumb"},"inLanguage":"sv-SE","potentialAction":[{"@type":"ReadAction","target":["https:\/\/www.posk.se\/farsta\/peter-oberg\/"]}]},{"@type":"ImageObject","inLanguage":"sv-SE","@id":"https:\/\/www.posk.se\/farsta\/peter-oberg\/#primaryimage","url":"https:\/\/www.posk.se\/farsta\/wp-content\/uploads\/sites\/295\/2025\/09\/img-1478.jpeg","contentUrl":"https:\/\/www.posk.se\/farsta\/wp-content\/uploads\/sites\/295\/2025\/09\/img-1478.jpeg","width":1738,"height":1706,"caption":"Peter \u00d6berg"},{"@type":"BreadcrumbList","@id":"https:\/\/www.posk.se\/farsta\/peter-oberg\/#breadcrumb","itemListElement":[{"@type":"ListItem","position":1,"name":"Hem","item":"https:\/\/www.posk.se\/farsta\/"},{"@type":"ListItem","position":2,"name":"Peter \u00d6berg"}]},{"@type":"WebSite","@id":"https:\/\/www.posk.se\/farsta\/#website","url":"https:\/\/www.posk.se\/farsta\/","name":"Farsta","description":"POSK-grupp i Stockholms stift","potentialAction":[{"@type":"SearchAction","target":{"@type":"EntryPoint","urlTemplate":"https:\/\/www.posk.se\/farsta\/?s={search_term_string}"},"query-input":{"@type":"PropertyValueSpecification","valueRequired":true,"valueName":"search_term_string"}}],"inLanguage":"sv-SE"}]}},"_links":{"self":[{"href":"https:\/\/www.posk.se\/farsta\/wp-json\/wp\/v2\/pages\/57","targetHints":{"allow":["GET"]}}],"collection":[{"href":"https:\/\/www.posk.se\/farsta\/wp-json\/wp\/v2\/pages"}],"about":[{"href":"https:\/\/www.posk.se\/farsta\/wp-json\/wp\/v2\/types\/page"}],"author":[{"embeddable":true,"href":"https:\/\/www.posk.se\/farsta\/wp-json\/wp\/v2\/users\/1968"}],"replies":[{"embeddable":true,"href":"https:\/\/www.posk.se\/farsta\/wp-json\/wp\/v2\/comments?post=57"}],"version-history":[{"count":4,"href":"https:\/\/www.posk.se\/farsta\/wp-json\/wp\/v2\/pages\/57\/revisions"}],"predecessor-version":[{"id":82,"href":"https:\/\/www.posk.se\/farsta\/wp-json\/wp\/v2\/pages\/57\/revisions\/82"}],"wp:attachment":[{"href":"https:\/\/www.posk.se\/farsta\/wp-json\/wp\/v2\/media?parent=57"}],"curies":[{"name":"wp","href":"https:\/\/api.w.org\/{rel}","templated":true}]}}