{"id":5,"date":"2025-02-19T15:31:16","date_gmt":"2025-02-19T14:31:16","guid":{"rendered":"https:\/\/www.posk.se\/farsta\/?page_id=5"},"modified":"2025-09-04T18:00:28","modified_gmt":"2025-09-04T16:00:28","slug":"startsidan","status":"publish","type":"page","link":"https:\/\/www.posk.se\/farsta\/","title":{"rendered":"Startsidan"},"content":{"rendered":"<p class=\"p1\"><b><img loading=\"lazy\" decoding=\"async\" class=\"alignnone size-medium wp-image-76\" src=\"https:\/\/www.posk.se\/farsta\/wp-content\/uploads\/sites\/295\/2025\/09\/dscf8950-ute-3-redigerad-300x188.jpg\" alt=\"\" width=\"300\" height=\"188\" srcset=\"https:\/\/www.posk.se\/farsta\/wp-content\/uploads\/sites\/295\/2025\/09\/dscf8950-ute-3-redigerad-300x188.jpg 300w, https:\/\/www.posk.se\/farsta\/wp-content\/uploads\/sites\/295\/2025\/09\/dscf8950-ute-3-redigerad-1024x640.jpg 1024w, https:\/\/www.posk.se\/farsta\/wp-content\/uploads\/sites\/295\/2025\/09\/dscf8950-ute-3-redigerad-768x480.jpg 768w, https:\/\/www.posk.se\/farsta\/wp-content\/uploads\/sites\/295\/2025\/09\/dscf8950-ute-3-redigerad-330x206.jpg 330w, https:\/\/www.posk.se\/farsta\/wp-content\/uploads\/sites\/295\/2025\/09\/dscf8950-ute-3-redigerad.jpg 1396w\" sizes=\"auto, (max-width: 300px) 100vw, 300px\" \/><\/b><\/p>\n<p class=\"p1\"><b>Vi tar kyrkan in i framtiden \u2013 med hj\u00e4rta och ansvar!<\/b><b><\/b><\/p>\n<p class=\"p2\">POSK Farsta vill ha en \u00f6ppen, levande kyrka d\u00e4r tro m\u00f6ter engagemang och d\u00e4r varje m\u00e4nniska f\u00e5r plats. Vi s\u00e4ger nej till partipolitik i kyrkan \u2013 och ja till medm\u00e4nsklighet, h\u00e5llbarhet och lokal f\u00f6rankring.<\/p>\n<p class=\"p2\">\u2705 Mer plats f\u00f6r barn, unga och ideella<\/p>\n<p class=\"p2\">\u2705 En kyrka f\u00f6r b\u00e5de troende och s\u00f6kare<\/p>\n<p class=\"p2\">\u2705 Kloka beslut f\u00f6r framtidens kyrka<\/p>\n<p class=\"p1\"><b>R\u00f6sta p\u00e5 POSK i Farsta \u2013 f\u00f6r en fri kyrka med framtidstro!<\/b><\/p>\n<h4 class=\"&quot;kyrkovalet_se&quot;\">Kontaktperson:<\/h4>\n<p>Lars Jakobsson<br \/>\n<a href=\"mailto:lars.jakobsson@telia.com\">lars.jakobsson@telia.com<\/a><br \/>\n070-848 91 85<\/p>\n","protected":false},"excerpt":{"rendered":"<p>Vi tar kyrkan in i framtiden \u2013 med hj\u00e4rta och ansvar! POSK Farsta vill ha en \u00f6ppen, levande kyrka d\u00e4r tro m\u00f6ter engagemang och d\u00e4r varje m\u00e4nniska f\u00e5r plats. Vi s\u00e4ger nej till partipolitik i kyrkan \u2013 och ja till medm\u00e4nsklighet, h\u00e5llbarhet och lokal f\u00f6rankring. \u2705 Mer plats f\u00f6r barn, unga och ideella \u2705 En [&hellip;]<\/p>\n","protected":false},"author":91,"featured_media":0,"parent":0,"menu_order":0,"comment_status":"closed","ping_status":"closed","template":"page-templates\/page-sidebar-left.php","meta":{"_acf_changed":false,"footnotes":""},"class_list":["post-5","page","type-page","status-publish","hentry"],"acf":[],"yoast_head":"<!-- This site is optimized with the Yoast SEO plugin v24.9 - https:\/\/yoast.com\/wordpress\/plugins\/seo\/ -->\n<title>Startsidan - Farsta<\/title>\n<meta name=\"robots\" content=\"index, follow, max-snippet:-1, max-image-preview:large, max-video-preview:-1\" \/>\n<link rel=\"canonical\" href=\"https:\/\/www.posk.se\/farsta\/\" \/>\n<meta property=\"og:locale\" content=\"sv_SE\" \/>\n<meta property=\"og:type\" content=\"article\" \/>\n<meta property=\"og:title\" content=\"Startsidan - Farsta\" \/>\n<meta property=\"og:description\" content=\"Vi tar kyrkan in i framtiden \u2013 med hj\u00e4rta och ansvar! POSK Farsta vill ha en \u00f6ppen, levande kyrka d\u00e4r tro m\u00f6ter engagemang och d\u00e4r varje m\u00e4nniska f\u00e5r plats. Vi s\u00e4ger nej till partipolitik i kyrkan \u2013 och ja till medm\u00e4nsklighet, h\u00e5llbarhet och lokal f\u00f6rankring. \u2705 Mer plats f\u00f6r barn, unga och ideella \u2705 En [&hellip;]\" \/>\n<meta property=\"og:url\" content=\"https:\/\/www.posk.se\/farsta\/\" \/>\n<meta property=\"og:site_name\" content=\"Farsta\" \/>\n<meta property=\"article:modified_time\" content=\"2025-09-04T16:00:28+00:00\" \/>\n<meta property=\"og:image\" content=\"https:\/\/www.posk.se\/farsta\/wp-content\/uploads\/sites\/295\/2025\/09\/dscf8950-ute-3-redigerad.jpg\" \/>\n\t<meta property=\"og:image:width\" content=\"1396\" \/>\n\t<meta property=\"og:image:height\" content=\"873\" \/>\n\t<meta property=\"og:image:type\" content=\"image\/jpeg\" \/>\n<meta name=\"twitter:card\" content=\"summary_large_image\" \/>\n<meta name=\"twitter:label1\" content=\"Ber\u00e4knad l\u00e4stid\" \/>\n\t<meta name=\"twitter:data1\" content=\"1 minut\" \/>\n<script type=\"application\/ld+json\" class=\"yoast-schema-graph\">{\"@context\":\"https:\/\/schema.org\",\"@graph\":[{\"@type\":\"WebPage\",\"@id\":\"https:\/\/www.posk.se\/farsta\/\",\"url\":\"https:\/\/www.posk.se\/farsta\/\",\"name\":\"Startsidan - Farsta\",\"isPartOf\":{\"@id\":\"https:\/\/www.posk.se\/farsta\/#website\"},\"primaryImageOfPage\":{\"@id\":\"https:\/\/www.posk.se\/farsta\/#primaryimage\"},\"image\":{\"@id\":\"https:\/\/www.posk.se\/farsta\/#primaryimage\"},\"thumbnailUrl\":\"https:\/\/www.posk.se\/farsta\/wp-content\/uploads\/sites\/295\/2025\/09\/dscf8950-ute-3-redigerad-300x188.jpg\",\"datePublished\":\"2025-02-19T14:31:16+00:00\",\"dateModified\":\"2025-09-04T16:00:28+00:00\",\"breadcrumb\":{\"@id\":\"https:\/\/www.posk.se\/farsta\/#breadcrumb\"},\"inLanguage\":\"sv-SE\",\"potentialAction\":[{\"@type\":\"ReadAction\",\"target\":[\"https:\/\/www.posk.se\/farsta\/\"]}]},{\"@type\":\"ImageObject\",\"inLanguage\":\"sv-SE\",\"@id\":\"https:\/\/www.posk.se\/farsta\/#primaryimage\",\"url\":\"https:\/\/www.posk.se\/farsta\/wp-content\/uploads\/sites\/295\/2025\/09\/dscf8950-ute-3-redigerad.jpg\",\"contentUrl\":\"https:\/\/www.posk.se\/farsta\/wp-content\/uploads\/sites\/295\/2025\/09\/dscf8950-ute-3-redigerad.jpg\",\"width\":1396,\"height\":873},{\"@type\":\"BreadcrumbList\",\"@id\":\"https:\/\/www.posk.se\/farsta\/#breadcrumb\",\"itemListElement\":[{\"@type\":\"ListItem\",\"position\":1,\"name\":\"Hem\",\"item\":\"https:\/\/www.posk.se\/farsta\/\"},{\"@type\":\"ListItem\",\"position\":2,\"name\":\"Startsidan\"}]},{\"@type\":\"WebSite\",\"@id\":\"https:\/\/www.posk.se\/farsta\/#website\",\"url\":\"https:\/\/www.posk.se\/farsta\/\",\"name\":\"Farsta\",\"description\":\"POSK-grupp i Stockholms stift\",\"potentialAction\":[{\"@type\":\"SearchAction\",\"target\":{\"@type\":\"EntryPoint\",\"urlTemplate\":\"https:\/\/www.posk.se\/farsta\/?s={search_term_string}\"},\"query-input\":{\"@type\":\"PropertyValueSpecification\",\"valueRequired\":true,\"valueName\":\"search_term_string\"}}],\"inLanguage\":\"sv-SE\"}]}<\/script>\n<!-- \/ Yoast SEO plugin. -->","yoast_head_json":{"title":"Startsidan - Farsta","robots":{"index":"index","follow":"follow","max-snippet":"max-snippet:-1","max-image-preview":"max-image-preview:large","max-video-preview":"max-video-preview:-1"},"canonical":"https:\/\/www.posk.se\/farsta\/","og_locale":"sv_SE","og_type":"article","og_title":"Startsidan - Farsta","og_description":"Vi tar kyrkan in i framtiden \u2013 med hj\u00e4rta och ansvar! POSK Farsta vill ha en \u00f6ppen, levande kyrka d\u00e4r tro m\u00f6ter engagemang och d\u00e4r varje m\u00e4nniska f\u00e5r plats. Vi s\u00e4ger nej till partipolitik i kyrkan \u2013 och ja till medm\u00e4nsklighet, h\u00e5llbarhet och lokal f\u00f6rankring. \u2705 Mer plats f\u00f6r barn, unga och ideella \u2705 En [&hellip;]","og_url":"https:\/\/www.posk.se\/farsta\/","og_site_name":"Farsta","article_modified_time":"2025-09-04T16:00:28+00:00","og_image":[{"width":1396,"height":873,"url":"https:\/\/www.posk.se\/farsta\/wp-content\/uploads\/sites\/295\/2025\/09\/dscf8950-ute-3-redigerad.jpg","type":"image\/jpeg"}],"twitter_card":"summary_large_image","twitter_misc":{"Ber\u00e4knad l\u00e4stid":"1 minut"},"schema":{"@context":"https:\/\/schema.org","@graph":[{"@type":"WebPage","@id":"https:\/\/www.posk.se\/farsta\/","url":"https:\/\/www.posk.se\/farsta\/","name":"Startsidan - Farsta","isPartOf":{"@id":"https:\/\/www.posk.se\/farsta\/#website"},"primaryImageOfPage":{"@id":"https:\/\/www.posk.se\/farsta\/#primaryimage"},"image":{"@id":"https:\/\/www.posk.se\/farsta\/#primaryimage"},"thumbnailUrl":"https:\/\/www.posk.se\/farsta\/wp-content\/uploads\/sites\/295\/2025\/09\/dscf8950-ute-3-redigerad-300x188.jpg","datePublished":"2025-02-19T14:31:16+00:00","dateModified":"2025-09-04T16:00:28+00:00","breadcrumb":{"@id":"https:\/\/www.posk.se\/farsta\/#breadcrumb"},"inLanguage":"sv-SE","potentialAction":[{"@type":"ReadAction","target":["https:\/\/www.posk.se\/farsta\/"]}]},{"@type":"ImageObject","inLanguage":"sv-SE","@id":"https:\/\/www.posk.se\/farsta\/#primaryimage","url":"https:\/\/www.posk.se\/farsta\/wp-content\/uploads\/sites\/295\/2025\/09\/dscf8950-ute-3-redigerad.jpg","contentUrl":"https:\/\/www.posk.se\/farsta\/wp-content\/uploads\/sites\/295\/2025\/09\/dscf8950-ute-3-redigerad.jpg","width":1396,"height":873},{"@type":"BreadcrumbList","@id":"https:\/\/www.posk.se\/farsta\/#breadcrumb","itemListElement":[{"@type":"ListItem","position":1,"name":"Hem","item":"https:\/\/www.posk.se\/farsta\/"},{"@type":"ListItem","position":2,"name":"Startsidan"}]},{"@type":"WebSite","@id":"https:\/\/www.posk.se\/farsta\/#website","url":"https:\/\/www.posk.se\/farsta\/","name":"Farsta","description":"POSK-grupp i Stockholms stift","potentialAction":[{"@type":"SearchAction","target":{"@type":"EntryPoint","urlTemplate":"https:\/\/www.posk.se\/farsta\/?s={search_term_string}"},"query-input":{"@type":"PropertyValueSpecification","valueRequired":true,"valueName":"search_term_string"}}],"inLanguage":"sv-SE"}]}},"_links":{"self":[{"href":"https:\/\/www.posk.se\/farsta\/wp-json\/wp\/v2\/pages\/5","targetHints":{"allow":["GET"]}}],"collection":[{"href":"https:\/\/www.posk.se\/farsta\/wp-json\/wp\/v2\/pages"}],"about":[{"href":"https:\/\/www.posk.se\/farsta\/wp-json\/wp\/v2\/types\/page"}],"author":[{"embeddable":true,"href":"https:\/\/www.posk.se\/farsta\/wp-json\/wp\/v2\/users\/91"}],"replies":[{"embeddable":true,"href":"https:\/\/www.posk.se\/farsta\/wp-json\/wp\/v2\/comments?post=5"}],"version-history":[{"count":8,"href":"https:\/\/www.posk.se\/farsta\/wp-json\/wp\/v2\/pages\/5\/revisions"}],"predecessor-version":[{"id":81,"href":"https:\/\/www.posk.se\/farsta\/wp-json\/wp\/v2\/pages\/5\/revisions\/81"}],"wp:attachment":[{"href":"https:\/\/www.posk.se\/farsta\/wp-json\/wp\/v2\/media?parent=5"}],"curies":[{"name":"wp","href":"https:\/\/api.w.org\/{rel}","templated":true}]}}