{"id":29,"date":"2025-07-04T13:09:44","date_gmt":"2025-07-04T11:09:44","guid":{"rendered":"https:\/\/www.posk.se\/farsta\/?page_id=29"},"modified":"2025-09-04T11:08:15","modified_gmt":"2025-09-04T09:08:15","slug":"kandidat","status":"publish","type":"page","link":"https:\/\/www.posk.se\/farsta\/kandidat\/","title":{"rendered":"Lars Hultkvist"},"content":{"rendered":"<div>\n<div class=\"gmail_default\">Kyrkan ska styras av teologi snarare \u00e4n av partipolitik. D\u00e4rmed kan kyrkan bli en kraft som leder samh\u00e4llets r\u00e4tt i tidsandans vindkast. D\u00e4rf\u00f6r m\u00e5ste kyrkan vara synlig och aktiv i samh\u00e4llet; i gudstj\u00e4nstlivet, f\u00f6rr\u00e4ttningar, diakoni, ungdomsarbete och sist, men inte minst, i musiklivet. Kyrkans organisation, egendom och ekonomi ska hanteras med omsorg och med beaktande av kyrkans kulturella arv.<\/div>\n<\/div>\n<div class=\"gmail_default\"><img loading=\"lazy\" decoding=\"async\" class=\"alignnone size-medium wp-image-30\" src=\"https:\/\/www.posk.se\/farsta\/wp-content\/uploads\/sites\/295\/2025\/07\/img-1621-225x300.jpeg\" alt=\"\" width=\"225\" height=\"300\" srcset=\"https:\/\/www.posk.se\/farsta\/wp-content\/uploads\/sites\/295\/2025\/07\/img-1621-225x300.jpeg 225w, https:\/\/www.posk.se\/farsta\/wp-content\/uploads\/sites\/295\/2025\/07\/img-1621-768x1024.jpeg 768w, https:\/\/www.posk.se\/farsta\/wp-content\/uploads\/sites\/295\/2025\/07\/img-1621-1152x1536.jpeg 1152w, https:\/\/www.posk.se\/farsta\/wp-content\/uploads\/sites\/295\/2025\/07\/img-1621-1536x2048.jpeg 1536w, https:\/\/www.posk.se\/farsta\/wp-content\/uploads\/sites\/295\/2025\/07\/img-1621-330x440.jpeg 330w, https:\/\/www.posk.se\/farsta\/wp-content\/uploads\/sites\/295\/2025\/07\/img-1621-scaled.jpeg 1920w\" sizes=\"auto, (max-width: 225px) 100vw, 225px\" \/><\/div>\n","protected":false},"excerpt":{"rendered":"<p>Kyrkan ska styras av teologi snarare \u00e4n av partipolitik. D\u00e4rmed kan kyrkan bli en kraft som leder samh\u00e4llets r\u00e4tt i tidsandans vindkast. D\u00e4rf\u00f6r m\u00e5ste kyrkan vara synlig och aktiv i samh\u00e4llet; i gudstj\u00e4nstlivet, f\u00f6rr\u00e4ttningar, diakoni, ungdomsarbete och sist, men inte minst, i musiklivet. Kyrkans organisation, egendom och ekonomi ska hanteras med omsorg och med beaktande [&hellip;]<\/p>\n","protected":false},"author":1968,"featured_media":0,"parent":0,"menu_order":1,"comment_status":"closed","ping_status":"closed","template":"page-templates\/page-sidebar-left.php","meta":{"_acf_changed":false,"footnotes":""},"class_list":["post-29","page","type-page","status-publish","hentry"],"acf":[],"yoast_head":"<!-- This site is optimized with the Yoast SEO plugin v24.9 - https:\/\/yoast.com\/wordpress\/plugins\/seo\/ -->\n<title>Lars Hultkvist - Farsta<\/title>\n<meta name=\"robots\" content=\"index, follow, max-snippet:-1, max-image-preview:large, max-video-preview:-1\" \/>\n<link rel=\"canonical\" href=\"https:\/\/www.posk.se\/farsta\/kandidat\/\" \/>\n<meta property=\"og:locale\" content=\"sv_SE\" \/>\n<meta property=\"og:type\" content=\"article\" \/>\n<meta property=\"og:title\" content=\"Lars Hultkvist - Farsta\" \/>\n<meta property=\"og:description\" content=\"Kyrkan ska styras av teologi snarare \u00e4n av partipolitik. D\u00e4rmed kan kyrkan bli en kraft som leder samh\u00e4llets r\u00e4tt i tidsandans vindkast. D\u00e4rf\u00f6r m\u00e5ste kyrkan vara synlig och aktiv i samh\u00e4llet; i gudstj\u00e4nstlivet, f\u00f6rr\u00e4ttningar, diakoni, ungdomsarbete och sist, men inte minst, i musiklivet. Kyrkans organisation, egendom och ekonomi ska hanteras med omsorg och med beaktande [&hellip;]\" \/>\n<meta property=\"og:url\" content=\"https:\/\/www.posk.se\/farsta\/kandidat\/\" \/>\n<meta property=\"og:site_name\" content=\"Farsta\" \/>\n<meta property=\"article:modified_time\" content=\"2025-09-04T09:08:15+00:00\" \/>\n<meta property=\"og:image\" content=\"https:\/\/www.posk.se\/farsta\/wp-content\/uploads\/sites\/295\/2025\/07\/img-1621-scaled.jpeg\" \/>\n\t<meta property=\"og:image:width\" content=\"1920\" \/>\n\t<meta property=\"og:image:height\" content=\"2560\" \/>\n\t<meta property=\"og:image:type\" content=\"image\/jpeg\" \/>\n<meta name=\"twitter:card\" content=\"summary_large_image\" \/>\n<meta name=\"twitter:label1\" content=\"Ber\u00e4knad l\u00e4stid\" \/>\n\t<meta name=\"twitter:data1\" content=\"1 minut\" \/>\n<script type=\"application\/ld+json\" class=\"yoast-schema-graph\">{\"@context\":\"https:\/\/schema.org\",\"@graph\":[{\"@type\":\"WebPage\",\"@id\":\"https:\/\/www.posk.se\/farsta\/kandidat\/\",\"url\":\"https:\/\/www.posk.se\/farsta\/kandidat\/\",\"name\":\"Lars Hultkvist - Farsta\",\"isPartOf\":{\"@id\":\"https:\/\/www.posk.se\/farsta\/#website\"},\"primaryImageOfPage\":{\"@id\":\"https:\/\/www.posk.se\/farsta\/kandidat\/#primaryimage\"},\"image\":{\"@id\":\"https:\/\/www.posk.se\/farsta\/kandidat\/#primaryimage\"},\"thumbnailUrl\":\"https:\/\/www.posk.se\/farsta\/wp-content\/uploads\/sites\/295\/2025\/07\/img-1621-225x300.jpeg\",\"datePublished\":\"2025-07-04T11:09:44+00:00\",\"dateModified\":\"2025-09-04T09:08:15+00:00\",\"breadcrumb\":{\"@id\":\"https:\/\/www.posk.se\/farsta\/kandidat\/#breadcrumb\"},\"inLanguage\":\"sv-SE\",\"potentialAction\":[{\"@type\":\"ReadAction\",\"target\":[\"https:\/\/www.posk.se\/farsta\/kandidat\/\"]}]},{\"@type\":\"ImageObject\",\"inLanguage\":\"sv-SE\",\"@id\":\"https:\/\/www.posk.se\/farsta\/kandidat\/#primaryimage\",\"url\":\"https:\/\/www.posk.se\/farsta\/wp-content\/uploads\/sites\/295\/2025\/07\/img-1621-scaled.jpeg\",\"contentUrl\":\"https:\/\/www.posk.se\/farsta\/wp-content\/uploads\/sites\/295\/2025\/07\/img-1621-scaled.jpeg\",\"width\":1920,\"height\":2560},{\"@type\":\"BreadcrumbList\",\"@id\":\"https:\/\/www.posk.se\/farsta\/kandidat\/#breadcrumb\",\"itemListElement\":[{\"@type\":\"ListItem\",\"position\":1,\"name\":\"Hem\",\"item\":\"https:\/\/www.posk.se\/farsta\/\"},{\"@type\":\"ListItem\",\"position\":2,\"name\":\"Lars Hultkvist\"}]},{\"@type\":\"WebSite\",\"@id\":\"https:\/\/www.posk.se\/farsta\/#website\",\"url\":\"https:\/\/www.posk.se\/farsta\/\",\"name\":\"Farsta\",\"description\":\"POSK-grupp i Stockholms stift\",\"potentialAction\":[{\"@type\":\"SearchAction\",\"target\":{\"@type\":\"EntryPoint\",\"urlTemplate\":\"https:\/\/www.posk.se\/farsta\/?s={search_term_string}\"},\"query-input\":{\"@type\":\"PropertyValueSpecification\",\"valueRequired\":true,\"valueName\":\"search_term_string\"}}],\"inLanguage\":\"sv-SE\"}]}<\/script>\n<!-- \/ Yoast SEO plugin. -->","yoast_head_json":{"title":"Lars Hultkvist - Farsta","robots":{"index":"index","follow":"follow","max-snippet":"max-snippet:-1","max-image-preview":"max-image-preview:large","max-video-preview":"max-video-preview:-1"},"canonical":"https:\/\/www.posk.se\/farsta\/kandidat\/","og_locale":"sv_SE","og_type":"article","og_title":"Lars Hultkvist - Farsta","og_description":"Kyrkan ska styras av teologi snarare \u00e4n av partipolitik. D\u00e4rmed kan kyrkan bli en kraft som leder samh\u00e4llets r\u00e4tt i tidsandans vindkast. D\u00e4rf\u00f6r m\u00e5ste kyrkan vara synlig och aktiv i samh\u00e4llet; i gudstj\u00e4nstlivet, f\u00f6rr\u00e4ttningar, diakoni, ungdomsarbete och sist, men inte minst, i musiklivet. Kyrkans organisation, egendom och ekonomi ska hanteras med omsorg och med beaktande [&hellip;]","og_url":"https:\/\/www.posk.se\/farsta\/kandidat\/","og_site_name":"Farsta","article_modified_time":"2025-09-04T09:08:15+00:00","og_image":[{"width":1920,"height":2560,"url":"https:\/\/www.posk.se\/farsta\/wp-content\/uploads\/sites\/295\/2025\/07\/img-1621-scaled.jpeg","type":"image\/jpeg"}],"twitter_card":"summary_large_image","twitter_misc":{"Ber\u00e4knad l\u00e4stid":"1 minut"},"schema":{"@context":"https:\/\/schema.org","@graph":[{"@type":"WebPage","@id":"https:\/\/www.posk.se\/farsta\/kandidat\/","url":"https:\/\/www.posk.se\/farsta\/kandidat\/","name":"Lars Hultkvist - Farsta","isPartOf":{"@id":"https:\/\/www.posk.se\/farsta\/#website"},"primaryImageOfPage":{"@id":"https:\/\/www.posk.se\/farsta\/kandidat\/#primaryimage"},"image":{"@id":"https:\/\/www.posk.se\/farsta\/kandidat\/#primaryimage"},"thumbnailUrl":"https:\/\/www.posk.se\/farsta\/wp-content\/uploads\/sites\/295\/2025\/07\/img-1621-225x300.jpeg","datePublished":"2025-07-04T11:09:44+00:00","dateModified":"2025-09-04T09:08:15+00:00","breadcrumb":{"@id":"https:\/\/www.posk.se\/farsta\/kandidat\/#breadcrumb"},"inLanguage":"sv-SE","potentialAction":[{"@type":"ReadAction","target":["https:\/\/www.posk.se\/farsta\/kandidat\/"]}]},{"@type":"ImageObject","inLanguage":"sv-SE","@id":"https:\/\/www.posk.se\/farsta\/kandidat\/#primaryimage","url":"https:\/\/www.posk.se\/farsta\/wp-content\/uploads\/sites\/295\/2025\/07\/img-1621-scaled.jpeg","contentUrl":"https:\/\/www.posk.se\/farsta\/wp-content\/uploads\/sites\/295\/2025\/07\/img-1621-scaled.jpeg","width":1920,"height":2560},{"@type":"BreadcrumbList","@id":"https:\/\/www.posk.se\/farsta\/kandidat\/#breadcrumb","itemListElement":[{"@type":"ListItem","position":1,"name":"Hem","item":"https:\/\/www.posk.se\/farsta\/"},{"@type":"ListItem","position":2,"name":"Lars Hultkvist"}]},{"@type":"WebSite","@id":"https:\/\/www.posk.se\/farsta\/#website","url":"https:\/\/www.posk.se\/farsta\/","name":"Farsta","description":"POSK-grupp i Stockholms stift","potentialAction":[{"@type":"SearchAction","target":{"@type":"EntryPoint","urlTemplate":"https:\/\/www.posk.se\/farsta\/?s={search_term_string}"},"query-input":{"@type":"PropertyValueSpecification","valueRequired":true,"valueName":"search_term_string"}}],"inLanguage":"sv-SE"}]}},"_links":{"self":[{"href":"https:\/\/www.posk.se\/farsta\/wp-json\/wp\/v2\/pages\/29","targetHints":{"allow":["GET"]}}],"collection":[{"href":"https:\/\/www.posk.se\/farsta\/wp-json\/wp\/v2\/pages"}],"about":[{"href":"https:\/\/www.posk.se\/farsta\/wp-json\/wp\/v2\/types\/page"}],"author":[{"embeddable":true,"href":"https:\/\/www.posk.se\/farsta\/wp-json\/wp\/v2\/users\/1968"}],"replies":[{"embeddable":true,"href":"https:\/\/www.posk.se\/farsta\/wp-json\/wp\/v2\/comments?post=29"}],"version-history":[{"count":7,"href":"https:\/\/www.posk.se\/farsta\/wp-json\/wp\/v2\/pages\/29\/revisions"}],"predecessor-version":[{"id":37,"href":"https:\/\/www.posk.se\/farsta\/wp-json\/wp\/v2\/pages\/29\/revisions\/37"}],"wp:attachment":[{"href":"https:\/\/www.posk.se\/farsta\/wp-json\/wp\/v2\/media?parent=29"}],"curies":[{"name":"wp","href":"https:\/\/api.w.org\/{rel}","templated":true}]}}