{"id":23,"date":"2025-07-04T13:06:30","date_gmt":"2025-07-04T11:06:30","guid":{"rendered":"https:\/\/www.posk.se\/farsta\/?page_id=23"},"modified":"2025-09-04T10:12:27","modified_gmt":"2025-09-04T08:12:27","slug":"kandidater","status":"publish","type":"page","link":"https:\/\/www.posk.se\/farsta\/kandidater\/","title":{"rendered":"Lars Jakobsson"},"content":{"rendered":"<p>Lars Jakobsson<br \/>\n78 \u00e5r, sitter i domkapitel och valutskott i Stockholms stift och i kyrkor\u00e5det f\u00f6r Skarpn\u00e4cks f\u00f6rsamling. Ers\u00e4ttare i kyrkom\u00f6tet.<\/p>\n<p>Om mig<br \/>\nHar hela mitt liv varit engagerad i Svenska kyrkan och EFS. Suttit i de flesta roller i f\u00f6rsamling, stift och deltagit i kyrkom\u00f6tet.<br \/>\nDet ideella l\u00e5gkyrkliga arbetet har varit en b\u00e4rande del i mitt liv och partipolitiken har jag f\u00f6rs\u00f6kt h\u00e5lla utanf\u00f6r kyrkoarbetet.<br \/>\nMusik och s\u00e5ng har varit en mycket viktig del liksom tekniskt deltagande i kyrkunderh\u00e5ll och utveckling.<\/p>\n<p>Det h\u00e4r vill jag verka f\u00f6r inom kyrkan<br \/>\nN\u00e4rhet och delaktighet inom Farsta f\u00f6rsamling.<br \/>\nEngagerande f\u00f6r alla \u00e5lder.<br \/>\nStarkt musikliv i alla f\u00f6rsamlingens kyrkor &#8211; f\u00f6r alla.<br \/>\nGott st\u00f6d och underh\u00e5ll av v\u00e5ra fastigheter och v\u00e4lplanerad ekonomi<img loading=\"lazy\" decoding=\"async\" class=\"alignnone size-medium wp-image-24\" src=\"https:\/\/www.posk.se\/farsta\/wp-content\/uploads\/sites\/295\/2025\/07\/img-0741-1-225x300.jpg\" alt=\"\" width=\"225\" height=\"300\" srcset=\"https:\/\/www.posk.se\/farsta\/wp-content\/uploads\/sites\/295\/2025\/07\/img-0741-1-225x300.jpg 225w, https:\/\/www.posk.se\/farsta\/wp-content\/uploads\/sites\/295\/2025\/07\/img-0741-1-330x440.jpg 330w, https:\/\/www.posk.se\/farsta\/wp-content\/uploads\/sites\/295\/2025\/07\/img-0741-1-rotated.jpg 480w\" sizes=\"auto, (max-width: 225px) 100vw, 225px\" \/><\/p>\n","protected":false},"excerpt":{"rendered":"<p>Lars Jakobsson 78 \u00e5r, sitter i domkapitel och valutskott i Stockholms stift och i kyrkor\u00e5det f\u00f6r Skarpn\u00e4cks f\u00f6rsamling. Ers\u00e4ttare i kyrkom\u00f6tet. Om mig Har hela mitt liv varit engagerad i Svenska kyrkan och EFS. Suttit i de flesta roller i f\u00f6rsamling, stift och deltagit i kyrkom\u00f6tet. Det ideella l\u00e5gkyrkliga arbetet har varit en b\u00e4rande del [&hellip;]<\/p>\n","protected":false},"author":1968,"featured_media":0,"parent":0,"menu_order":0,"comment_status":"closed","ping_status":"closed","template":"page-templates\/page-sidebar-left.php","meta":{"_acf_changed":false,"footnotes":""},"class_list":["post-23","page","type-page","status-publish","hentry"],"acf":[],"yoast_head":"<!-- This site is optimized with the Yoast SEO plugin v24.9 - https:\/\/yoast.com\/wordpress\/plugins\/seo\/ -->\n<title>Lars Jakobsson - Farsta<\/title>\n<meta name=\"robots\" content=\"index, follow, max-snippet:-1, max-image-preview:large, max-video-preview:-1\" \/>\n<link rel=\"canonical\" href=\"https:\/\/www.posk.se\/farsta\/kandidater\/\" \/>\n<meta property=\"og:locale\" content=\"sv_SE\" \/>\n<meta property=\"og:type\" content=\"article\" \/>\n<meta property=\"og:title\" content=\"Lars Jakobsson - Farsta\" \/>\n<meta property=\"og:description\" content=\"Lars Jakobsson 78 \u00e5r, sitter i domkapitel och valutskott i Stockholms stift och i kyrkor\u00e5det f\u00f6r Skarpn\u00e4cks f\u00f6rsamling. Ers\u00e4ttare i kyrkom\u00f6tet. Om mig Har hela mitt liv varit engagerad i Svenska kyrkan och EFS. Suttit i de flesta roller i f\u00f6rsamling, stift och deltagit i kyrkom\u00f6tet. Det ideella l\u00e5gkyrkliga arbetet har varit en b\u00e4rande del [&hellip;]\" \/>\n<meta property=\"og:url\" content=\"https:\/\/www.posk.se\/farsta\/kandidater\/\" \/>\n<meta property=\"og:site_name\" content=\"Farsta\" \/>\n<meta property=\"article:modified_time\" content=\"2025-09-04T08:12:27+00:00\" \/>\n<meta property=\"og:image\" content=\"https:\/\/www.posk.se\/farsta\/wp-content\/uploads\/sites\/295\/2025\/07\/img-0741-1-rotated.jpg\" \/>\n\t<meta property=\"og:image:width\" content=\"480\" \/>\n\t<meta property=\"og:image:height\" content=\"640\" \/>\n\t<meta property=\"og:image:type\" content=\"image\/jpeg\" \/>\n<meta name=\"twitter:card\" content=\"summary_large_image\" \/>\n<meta name=\"twitter:label1\" content=\"Ber\u00e4knad l\u00e4stid\" \/>\n\t<meta name=\"twitter:data1\" content=\"1 minut\" \/>\n<script type=\"application\/ld+json\" class=\"yoast-schema-graph\">{\"@context\":\"https:\/\/schema.org\",\"@graph\":[{\"@type\":\"WebPage\",\"@id\":\"https:\/\/www.posk.se\/farsta\/kandidater\/\",\"url\":\"https:\/\/www.posk.se\/farsta\/kandidater\/\",\"name\":\"Lars Jakobsson - Farsta\",\"isPartOf\":{\"@id\":\"https:\/\/www.posk.se\/farsta\/#website\"},\"primaryImageOfPage\":{\"@id\":\"https:\/\/www.posk.se\/farsta\/kandidater\/#primaryimage\"},\"image\":{\"@id\":\"https:\/\/www.posk.se\/farsta\/kandidater\/#primaryimage\"},\"thumbnailUrl\":\"https:\/\/www.posk.se\/farsta\/wp-content\/uploads\/sites\/295\/2025\/07\/img-0741-1-225x300.jpg\",\"datePublished\":\"2025-07-04T11:06:30+00:00\",\"dateModified\":\"2025-09-04T08:12:27+00:00\",\"breadcrumb\":{\"@id\":\"https:\/\/www.posk.se\/farsta\/kandidater\/#breadcrumb\"},\"inLanguage\":\"sv-SE\",\"potentialAction\":[{\"@type\":\"ReadAction\",\"target\":[\"https:\/\/www.posk.se\/farsta\/kandidater\/\"]}]},{\"@type\":\"ImageObject\",\"inLanguage\":\"sv-SE\",\"@id\":\"https:\/\/www.posk.se\/farsta\/kandidater\/#primaryimage\",\"url\":\"https:\/\/www.posk.se\/farsta\/wp-content\/uploads\/sites\/295\/2025\/07\/img-0741-1-rotated.jpg\",\"contentUrl\":\"https:\/\/www.posk.se\/farsta\/wp-content\/uploads\/sites\/295\/2025\/07\/img-0741-1-rotated.jpg\",\"width\":480,\"height\":640},{\"@type\":\"BreadcrumbList\",\"@id\":\"https:\/\/www.posk.se\/farsta\/kandidater\/#breadcrumb\",\"itemListElement\":[{\"@type\":\"ListItem\",\"position\":1,\"name\":\"Hem\",\"item\":\"https:\/\/www.posk.se\/farsta\/\"},{\"@type\":\"ListItem\",\"position\":2,\"name\":\"Lars Jakobsson\"}]},{\"@type\":\"WebSite\",\"@id\":\"https:\/\/www.posk.se\/farsta\/#website\",\"url\":\"https:\/\/www.posk.se\/farsta\/\",\"name\":\"Farsta\",\"description\":\"POSK-grupp i Stockholms stift\",\"potentialAction\":[{\"@type\":\"SearchAction\",\"target\":{\"@type\":\"EntryPoint\",\"urlTemplate\":\"https:\/\/www.posk.se\/farsta\/?s={search_term_string}\"},\"query-input\":{\"@type\":\"PropertyValueSpecification\",\"valueRequired\":true,\"valueName\":\"search_term_string\"}}],\"inLanguage\":\"sv-SE\"}]}<\/script>\n<!-- \/ Yoast SEO plugin. -->","yoast_head_json":{"title":"Lars Jakobsson - Farsta","robots":{"index":"index","follow":"follow","max-snippet":"max-snippet:-1","max-image-preview":"max-image-preview:large","max-video-preview":"max-video-preview:-1"},"canonical":"https:\/\/www.posk.se\/farsta\/kandidater\/","og_locale":"sv_SE","og_type":"article","og_title":"Lars Jakobsson - Farsta","og_description":"Lars Jakobsson 78 \u00e5r, sitter i domkapitel och valutskott i Stockholms stift och i kyrkor\u00e5det f\u00f6r Skarpn\u00e4cks f\u00f6rsamling. Ers\u00e4ttare i kyrkom\u00f6tet. Om mig Har hela mitt liv varit engagerad i Svenska kyrkan och EFS. Suttit i de flesta roller i f\u00f6rsamling, stift och deltagit i kyrkom\u00f6tet. Det ideella l\u00e5gkyrkliga arbetet har varit en b\u00e4rande del [&hellip;]","og_url":"https:\/\/www.posk.se\/farsta\/kandidater\/","og_site_name":"Farsta","article_modified_time":"2025-09-04T08:12:27+00:00","og_image":[{"width":480,"height":640,"url":"https:\/\/www.posk.se\/farsta\/wp-content\/uploads\/sites\/295\/2025\/07\/img-0741-1-rotated.jpg","type":"image\/jpeg"}],"twitter_card":"summary_large_image","twitter_misc":{"Ber\u00e4knad l\u00e4stid":"1 minut"},"schema":{"@context":"https:\/\/schema.org","@graph":[{"@type":"WebPage","@id":"https:\/\/www.posk.se\/farsta\/kandidater\/","url":"https:\/\/www.posk.se\/farsta\/kandidater\/","name":"Lars Jakobsson - Farsta","isPartOf":{"@id":"https:\/\/www.posk.se\/farsta\/#website"},"primaryImageOfPage":{"@id":"https:\/\/www.posk.se\/farsta\/kandidater\/#primaryimage"},"image":{"@id":"https:\/\/www.posk.se\/farsta\/kandidater\/#primaryimage"},"thumbnailUrl":"https:\/\/www.posk.se\/farsta\/wp-content\/uploads\/sites\/295\/2025\/07\/img-0741-1-225x300.jpg","datePublished":"2025-07-04T11:06:30+00:00","dateModified":"2025-09-04T08:12:27+00:00","breadcrumb":{"@id":"https:\/\/www.posk.se\/farsta\/kandidater\/#breadcrumb"},"inLanguage":"sv-SE","potentialAction":[{"@type":"ReadAction","target":["https:\/\/www.posk.se\/farsta\/kandidater\/"]}]},{"@type":"ImageObject","inLanguage":"sv-SE","@id":"https:\/\/www.posk.se\/farsta\/kandidater\/#primaryimage","url":"https:\/\/www.posk.se\/farsta\/wp-content\/uploads\/sites\/295\/2025\/07\/img-0741-1-rotated.jpg","contentUrl":"https:\/\/www.posk.se\/farsta\/wp-content\/uploads\/sites\/295\/2025\/07\/img-0741-1-rotated.jpg","width":480,"height":640},{"@type":"BreadcrumbList","@id":"https:\/\/www.posk.se\/farsta\/kandidater\/#breadcrumb","itemListElement":[{"@type":"ListItem","position":1,"name":"Hem","item":"https:\/\/www.posk.se\/farsta\/"},{"@type":"ListItem","position":2,"name":"Lars Jakobsson"}]},{"@type":"WebSite","@id":"https:\/\/www.posk.se\/farsta\/#website","url":"https:\/\/www.posk.se\/farsta\/","name":"Farsta","description":"POSK-grupp i Stockholms stift","potentialAction":[{"@type":"SearchAction","target":{"@type":"EntryPoint","urlTemplate":"https:\/\/www.posk.se\/farsta\/?s={search_term_string}"},"query-input":{"@type":"PropertyValueSpecification","valueRequired":true,"valueName":"search_term_string"}}],"inLanguage":"sv-SE"}]}},"_links":{"self":[{"href":"https:\/\/www.posk.se\/farsta\/wp-json\/wp\/v2\/pages\/23","targetHints":{"allow":["GET"]}}],"collection":[{"href":"https:\/\/www.posk.se\/farsta\/wp-json\/wp\/v2\/pages"}],"about":[{"href":"https:\/\/www.posk.se\/farsta\/wp-json\/wp\/v2\/types\/page"}],"author":[{"embeddable":true,"href":"https:\/\/www.posk.se\/farsta\/wp-json\/wp\/v2\/users\/1968"}],"replies":[{"embeddable":true,"href":"https:\/\/www.posk.se\/farsta\/wp-json\/wp\/v2\/comments?post=23"}],"version-history":[{"count":5,"href":"https:\/\/www.posk.se\/farsta\/wp-json\/wp\/v2\/pages\/23\/revisions"}],"predecessor-version":[{"id":38,"href":"https:\/\/www.posk.se\/farsta\/wp-json\/wp\/v2\/pages\/23\/revisions\/38"}],"wp:attachment":[{"href":"https:\/\/www.posk.se\/farsta\/wp-json\/wp\/v2\/media?parent=23"}],"curies":[{"name":"wp","href":"https:\/\/api.w.org\/{rel}","templated":true}]}}