{"id":19,"date":"2025-07-04T12:55:45","date_gmt":"2025-07-04T10:55:45","guid":{"rendered":"https:\/\/www.posk.se\/farsta\/?page_id=19"},"modified":"2025-09-04T10:15:42","modified_gmt":"2025-09-04T08:15:42","slug":"vad-vill-posk-farsta","status":"publish","type":"page","link":"https:\/\/www.posk.se\/farsta\/vad-vill-posk-farsta\/","title":{"rendered":"Vad vill POSK Farsta"},"content":{"rendered":"<h1>POSK Farsta \u2013 Tankar inf\u00f6r kyrkovalet 2025<\/h1>\n<h2>1. I en omv\u00e4rld som p\u00e5 olika vis kan skapa oro och os\u00e4kerhet \u2013 vad vill vi se att Farsta f\u00f6rsamling arbetar med att prioritera?<\/h2>\n<p style=\"font-weight: 400\">I tider av oro, socialt, ekonomiskt eller globalt, beh\u00f6ver kyrkan vara en trygg punkt, ett sammanhang d\u00e4r m\u00e4nniskor blir sedda, f\u00e5r stillhet och kan hitta mening. Vi vill att Farsta f\u00f6rsamling prioriterar:<\/p>\n<p style=\"font-weight: 400\">\u2013 N\u00e4rvaro och synlighet i hela stadsdelen, b\u00e5de\u00a0ikyrkanoch i samh\u00e4llet.<\/p>\n<p style=\"font-weight: 400\">\u2013 En aktiv diakonalverksamhet;exempelvis genom mobila team som m\u00f6ter m\u00e4nniskor d\u00e4r behoven finns; p\u00e5 \u00e4ldreboenden, i skolor\u00a0och i centrum.<\/p>\n<p style=\"font-weight: 400\">\u2013 Gudstj\u00e4nster och samtalsrum som ger hopp och helhet.<\/p>\n<p style=\"font-weight: 400\">\u2013 Samarbete med civilsamh\u00e4llet och lokala akt\u00f6rer. Kyrkanska och kan bidra med hopp och hj\u00e4lp i m\u00e4nniskors vardag.<\/p>\n<h2>2. Fler uttryck en l\u00e4ngtan efter kyrkan och efter gemenskap \u2013 vad st\u00e4ller det f\u00f6r krav p\u00e5 kyrkan idag f\u00f6r att m\u00f6ta den l\u00e4ngtan, och hur vill vi arbeta med detta?<\/h2>\n<p style=\"font-weight: 400\">L\u00e4ngtan efter gemenskap, mening och sammanhang v\u00e4xer\u00a0s\u00e4rskilt bland unga, nyblivna f\u00f6r\u00e4ldrar och \u00e4ldre. Det st\u00e4ller krav p\u00e5 en kyrka som:<\/p>\n<p style=\"font-weight: 400\">\u2013\u00c4r \u00f6ppen, inbjudande, varm ochinkluderande .<\/p>\n<p style=\"font-weight: 400\">\u2013 Ger plats f\u00f6r ideellt engagemangs\u00e5 det \u00e4r l\u00e4tt att bli delaktig i kyrkans arbete .<\/p>\n<p style=\"font-weight: 400\">\u2013 Skaparformer f\u00f6r gemenskap\u00a0som k\u00f6rer, samtalsgrupperoch generations\u00f6verskridande tr\u00e4ffar.<\/p>\n<p style=\"font-weight: 400\">\u2013 Kommunicerar tydligt, personligt, digitalt och fysiskt, s\u00e5 att m\u00e4nniskor vet vad som h\u00e4nderoch k\u00e4nner sigv\u00e4lkomna.<\/p>\n<h2>3. Vad vill vi prioritera i f\u00f6rsamlingens verksamhet kommande mandatperiod?<\/h2>\n<p style=\"font-weight: 400\">Under den kommande mandatperioden 2025\u20132029vill betona<\/p>\n<ol>\n<li style=\"font-weight: 400\">N\u00e4rhet och delaktighet i hela Farsta<\/li>\n<\/ol>\n<p style=\"font-weight: 400\">&#8211; Kyrkan ska finnas p\u00e5 flera av platserna d\u00e4r m\u00e4nniskor \u00e4r, bl a genom att ut\u00f6ka \u00f6ppettider och aktiviteter i flera omr\u00e5den.<\/p>\n<ol start=\"2\">\n<li style=\"font-weight: 400\">2. Engagemang i alla \u00e5ldrar:<\/li>\n<\/ol>\n<p style=\"font-weight: 400\">\u2013Utveckla aktiviteter f\u00f6r barn, unga och \u00e4ldre.<\/p>\n<p style=\"font-weight: 400\">&#8211; G\u00f6r s\u00e5 att unga och \u00e4ldre kan m\u00f6tas.<\/p>\n<p style=\"font-weight: 400\">3 . Gudstj\u00e4nstliv somspeglar livet :<\/p>\n<p style=\"font-weight: 400\">\u2013 Fler format, st\u00f6rre variationoch mer delaktighet fr\u00e5n f\u00f6rsamlingsbor.<\/p>\n<p style=\"font-weight: 400\">\u2013Bra fysisk tillg\u00e4nglighet, genom s pr\u00e5ketoch ljudmilj\u00f6n.<\/p>\n<ol start=\"4\">\n<li style=\"font-weight: 400\">Det praktiska.<\/li>\n<\/ol>\n<p style=\"font-weight: 400\">&#8211; F\u00f6rsamlingens organisation, egendom och ekonomi ska hanteras med omsorg och med beaktande av kyrkans kulturella arv.<\/p>\n<p style=\"font-weight: 400\"><strong>Med detta bygger vi en levande kyrka fri fr\u00e5n partipolitik och rotad i tron.<\/strong><\/p>\n<p>&nbsp;<\/p>\n","protected":false},"excerpt":{"rendered":"<p>POSK Farsta \u2013 Tankar inf\u00f6r kyrkovalet 2025 1. I en omv\u00e4rld som p\u00e5 olika vis kan skapa oro och os\u00e4kerhet \u2013 vad vill vi se att Farsta f\u00f6rsamling arbetar med att prioritera? I tider av oro, socialt, ekonomiskt eller globalt, beh\u00f6ver kyrkan vara en trygg punkt, ett sammanhang d\u00e4r m\u00e4nniskor blir sedda, f\u00e5r stillhet och [&hellip;]<\/p>\n","protected":false},"author":1968,"featured_media":0,"parent":0,"menu_order":0,"comment_status":"closed","ping_status":"closed","template":"page-templates\/page-sidebar-left.php","meta":{"_acf_changed":false,"footnotes":""},"class_list":["post-19","page","type-page","status-publish","hentry"],"acf":[],"yoast_head":"<!-- This site is optimized with the Yoast SEO plugin v24.9 - https:\/\/yoast.com\/wordpress\/plugins\/seo\/ -->\n<title>Vad vill POSK Farsta - Farsta<\/title>\n<meta name=\"robots\" content=\"index, follow, max-snippet:-1, max-image-preview:large, max-video-preview:-1\" \/>\n<link rel=\"canonical\" href=\"https:\/\/www.posk.se\/farsta\/vad-vill-posk-farsta\/\" \/>\n<meta property=\"og:locale\" content=\"sv_SE\" \/>\n<meta property=\"og:type\" content=\"article\" \/>\n<meta property=\"og:title\" content=\"Vad vill POSK Farsta - Farsta\" \/>\n<meta property=\"og:description\" content=\"POSK Farsta \u2013 Tankar inf\u00f6r kyrkovalet 2025 1. I en omv\u00e4rld som p\u00e5 olika vis kan skapa oro och os\u00e4kerhet \u2013 vad vill vi se att Farsta f\u00f6rsamling arbetar med att prioritera? I tider av oro, socialt, ekonomiskt eller globalt, beh\u00f6ver kyrkan vara en trygg punkt, ett sammanhang d\u00e4r m\u00e4nniskor blir sedda, f\u00e5r stillhet och [&hellip;]\" \/>\n<meta property=\"og:url\" content=\"https:\/\/www.posk.se\/farsta\/vad-vill-posk-farsta\/\" \/>\n<meta property=\"og:site_name\" content=\"Farsta\" \/>\n<meta property=\"article:modified_time\" content=\"2025-09-04T08:15:42+00:00\" \/>\n<meta name=\"twitter:card\" content=\"summary_large_image\" \/>\n<meta name=\"twitter:label1\" content=\"Ber\u00e4knad l\u00e4stid\" \/>\n\t<meta name=\"twitter:data1\" content=\"2 minuter\" \/>\n<script type=\"application\/ld+json\" class=\"yoast-schema-graph\">{\"@context\":\"https:\/\/schema.org\",\"@graph\":[{\"@type\":\"WebPage\",\"@id\":\"https:\/\/www.posk.se\/farsta\/vad-vill-posk-farsta\/\",\"url\":\"https:\/\/www.posk.se\/farsta\/vad-vill-posk-farsta\/\",\"name\":\"Vad vill POSK Farsta - Farsta\",\"isPartOf\":{\"@id\":\"https:\/\/www.posk.se\/farsta\/#website\"},\"datePublished\":\"2025-07-04T10:55:45+00:00\",\"dateModified\":\"2025-09-04T08:15:42+00:00\",\"breadcrumb\":{\"@id\":\"https:\/\/www.posk.se\/farsta\/vad-vill-posk-farsta\/#breadcrumb\"},\"inLanguage\":\"sv-SE\",\"potentialAction\":[{\"@type\":\"ReadAction\",\"target\":[\"https:\/\/www.posk.se\/farsta\/vad-vill-posk-farsta\/\"]}]},{\"@type\":\"BreadcrumbList\",\"@id\":\"https:\/\/www.posk.se\/farsta\/vad-vill-posk-farsta\/#breadcrumb\",\"itemListElement\":[{\"@type\":\"ListItem\",\"position\":1,\"name\":\"Hem\",\"item\":\"https:\/\/www.posk.se\/farsta\/\"},{\"@type\":\"ListItem\",\"position\":2,\"name\":\"Vad vill POSK Farsta\"}]},{\"@type\":\"WebSite\",\"@id\":\"https:\/\/www.posk.se\/farsta\/#website\",\"url\":\"https:\/\/www.posk.se\/farsta\/\",\"name\":\"Farsta\",\"description\":\"POSK-grupp i Stockholms stift\",\"potentialAction\":[{\"@type\":\"SearchAction\",\"target\":{\"@type\":\"EntryPoint\",\"urlTemplate\":\"https:\/\/www.posk.se\/farsta\/?s={search_term_string}\"},\"query-input\":{\"@type\":\"PropertyValueSpecification\",\"valueRequired\":true,\"valueName\":\"search_term_string\"}}],\"inLanguage\":\"sv-SE\"}]}<\/script>\n<!-- \/ Yoast SEO plugin. -->","yoast_head_json":{"title":"Vad vill POSK Farsta - Farsta","robots":{"index":"index","follow":"follow","max-snippet":"max-snippet:-1","max-image-preview":"max-image-preview:large","max-video-preview":"max-video-preview:-1"},"canonical":"https:\/\/www.posk.se\/farsta\/vad-vill-posk-farsta\/","og_locale":"sv_SE","og_type":"article","og_title":"Vad vill POSK Farsta - Farsta","og_description":"POSK Farsta \u2013 Tankar inf\u00f6r kyrkovalet 2025 1. I en omv\u00e4rld som p\u00e5 olika vis kan skapa oro och os\u00e4kerhet \u2013 vad vill vi se att Farsta f\u00f6rsamling arbetar med att prioritera? I tider av oro, socialt, ekonomiskt eller globalt, beh\u00f6ver kyrkan vara en trygg punkt, ett sammanhang d\u00e4r m\u00e4nniskor blir sedda, f\u00e5r stillhet och [&hellip;]","og_url":"https:\/\/www.posk.se\/farsta\/vad-vill-posk-farsta\/","og_site_name":"Farsta","article_modified_time":"2025-09-04T08:15:42+00:00","twitter_card":"summary_large_image","twitter_misc":{"Ber\u00e4knad l\u00e4stid":"2 minuter"},"schema":{"@context":"https:\/\/schema.org","@graph":[{"@type":"WebPage","@id":"https:\/\/www.posk.se\/farsta\/vad-vill-posk-farsta\/","url":"https:\/\/www.posk.se\/farsta\/vad-vill-posk-farsta\/","name":"Vad vill POSK Farsta - Farsta","isPartOf":{"@id":"https:\/\/www.posk.se\/farsta\/#website"},"datePublished":"2025-07-04T10:55:45+00:00","dateModified":"2025-09-04T08:15:42+00:00","breadcrumb":{"@id":"https:\/\/www.posk.se\/farsta\/vad-vill-posk-farsta\/#breadcrumb"},"inLanguage":"sv-SE","potentialAction":[{"@type":"ReadAction","target":["https:\/\/www.posk.se\/farsta\/vad-vill-posk-farsta\/"]}]},{"@type":"BreadcrumbList","@id":"https:\/\/www.posk.se\/farsta\/vad-vill-posk-farsta\/#breadcrumb","itemListElement":[{"@type":"ListItem","position":1,"name":"Hem","item":"https:\/\/www.posk.se\/farsta\/"},{"@type":"ListItem","position":2,"name":"Vad vill POSK Farsta"}]},{"@type":"WebSite","@id":"https:\/\/www.posk.se\/farsta\/#website","url":"https:\/\/www.posk.se\/farsta\/","name":"Farsta","description":"POSK-grupp i Stockholms stift","potentialAction":[{"@type":"SearchAction","target":{"@type":"EntryPoint","urlTemplate":"https:\/\/www.posk.se\/farsta\/?s={search_term_string}"},"query-input":{"@type":"PropertyValueSpecification","valueRequired":true,"valueName":"search_term_string"}}],"inLanguage":"sv-SE"}]}},"_links":{"self":[{"href":"https:\/\/www.posk.se\/farsta\/wp-json\/wp\/v2\/pages\/19","targetHints":{"allow":["GET"]}}],"collection":[{"href":"https:\/\/www.posk.se\/farsta\/wp-json\/wp\/v2\/pages"}],"about":[{"href":"https:\/\/www.posk.se\/farsta\/wp-json\/wp\/v2\/types\/page"}],"author":[{"embeddable":true,"href":"https:\/\/www.posk.se\/farsta\/wp-json\/wp\/v2\/users\/1968"}],"replies":[{"embeddable":true,"href":"https:\/\/www.posk.se\/farsta\/wp-json\/wp\/v2\/comments?post=19"}],"version-history":[{"count":4,"href":"https:\/\/www.posk.se\/farsta\/wp-json\/wp\/v2\/pages\/19\/revisions"}],"predecessor-version":[{"id":51,"href":"https:\/\/www.posk.se\/farsta\/wp-json\/wp\/v2\/pages\/19\/revisions\/51"}],"wp:attachment":[{"href":"https:\/\/www.posk.se\/farsta\/wp-json\/wp\/v2\/media?parent=19"}],"curies":[{"name":"wp","href":"https:\/\/api.w.org\/{rel}","templated":true}]}}