{"id":5,"date":"2021-05-03T10:08:52","date_gmt":"2021-05-03T08:08:52","guid":{"rendered":"https:\/\/www.posk.se\/eslov\/?page_id=5"},"modified":"2025-06-10T12:21:34","modified_gmt":"2025-06-10T10:21:34","slug":"startsidan","status":"publish","type":"page","link":"https:\/\/www.posk.se\/eslov\/","title":{"rendered":"Startsidan"},"content":{"rendered":"<p>Vi vill ha en levande kyrka n\u00e4ra dig &#8211; d\u00e4r alla generationer f\u00e5r plats, d\u00e4r engagemang tas tillvara och d\u00e4r vi tillsammans tar ansvar f\u00f6r b\u00e5de medm\u00e4nniska och milj\u00f6.<\/p>\n<p>Du kan l\u00e4sa hela v\u00e5rt program <a href=\"https:\/\/www.posk.se\/eslov\/vart-program\/\">h\u00e4r<\/a>!<\/p>\n","protected":false},"excerpt":{"rendered":"<p>Vi vill ha en levande kyrka n\u00e4ra dig &#8211; d\u00e4r alla generationer f\u00e5r plats, d\u00e4r engagemang tas tillvara och d\u00e4r vi tillsammans tar ansvar f\u00f6r b\u00e5de medm\u00e4nniska och milj\u00f6. Du kan l\u00e4sa hela v\u00e5rt program h\u00e4r!<\/p>\n","protected":false},"author":91,"featured_media":0,"parent":0,"menu_order":0,"comment_status":"closed","ping_status":"closed","template":"page-templates\/page-sidebar-left.php","meta":{"_acf_changed":false,"footnotes":""},"class_list":["post-5","page","type-page","status-publish","hentry"],"acf":[],"yoast_head":"<!-- This site is optimized with the Yoast SEO plugin v24.9 - https:\/\/yoast.com\/wordpress\/plugins\/seo\/ -->\n<title>Startsidan - Esl\u00f6v<\/title>\n<meta name=\"robots\" content=\"index, follow, max-snippet:-1, max-image-preview:large, max-video-preview:-1\" \/>\n<link rel=\"canonical\" href=\"https:\/\/www.posk.se\/eslov\/\" \/>\n<meta property=\"og:locale\" content=\"sv_SE\" \/>\n<meta property=\"og:type\" content=\"article\" \/>\n<meta property=\"og:title\" content=\"Startsidan - Esl\u00f6v\" \/>\n<meta property=\"og:description\" content=\"Vi vill ha en levande kyrka n\u00e4ra dig &#8211; d\u00e4r alla generationer f\u00e5r plats, d\u00e4r engagemang tas tillvara och d\u00e4r vi tillsammans tar ansvar f\u00f6r b\u00e5de medm\u00e4nniska och milj\u00f6. Du kan l\u00e4sa hela v\u00e5rt program h\u00e4r!\" \/>\n<meta property=\"og:url\" content=\"https:\/\/www.posk.se\/eslov\/\" \/>\n<meta property=\"og:site_name\" content=\"Esl\u00f6v\" \/>\n<meta property=\"article:modified_time\" content=\"2025-06-10T10:21:34+00:00\" \/>\n<meta name=\"twitter:card\" content=\"summary_large_image\" \/>\n<meta name=\"twitter:label1\" content=\"Ber\u00e4knad l\u00e4stid\" \/>\n\t<meta name=\"twitter:data1\" content=\"1 minut\" \/>\n<script type=\"application\/ld+json\" class=\"yoast-schema-graph\">{\"@context\":\"https:\/\/schema.org\",\"@graph\":[{\"@type\":\"WebPage\",\"@id\":\"https:\/\/www.posk.se\/eslov\/\",\"url\":\"https:\/\/www.posk.se\/eslov\/\",\"name\":\"Startsidan - Esl\u00f6v\",\"isPartOf\":{\"@id\":\"https:\/\/www.posk.se\/eslov\/#website\"},\"datePublished\":\"2021-05-03T08:08:52+00:00\",\"dateModified\":\"2025-06-10T10:21:34+00:00\",\"breadcrumb\":{\"@id\":\"https:\/\/www.posk.se\/eslov\/#breadcrumb\"},\"inLanguage\":\"sv-SE\",\"potentialAction\":[{\"@type\":\"ReadAction\",\"target\":[\"https:\/\/www.posk.se\/eslov\/\"]}]},{\"@type\":\"BreadcrumbList\",\"@id\":\"https:\/\/www.posk.se\/eslov\/#breadcrumb\",\"itemListElement\":[{\"@type\":\"ListItem\",\"position\":1,\"name\":\"Hem\",\"item\":\"https:\/\/www.posk.se\/eslov\/\"},{\"@type\":\"ListItem\",\"position\":2,\"name\":\"Startsidan\"}]},{\"@type\":\"WebSite\",\"@id\":\"https:\/\/www.posk.se\/eslov\/#website\",\"url\":\"https:\/\/www.posk.se\/eslov\/\",\"name\":\"Esl\u00f6v\",\"description\":\"POSK-grupp i Lunds stift\",\"potentialAction\":[{\"@type\":\"SearchAction\",\"target\":{\"@type\":\"EntryPoint\",\"urlTemplate\":\"https:\/\/www.posk.se\/eslov\/?s={search_term_string}\"},\"query-input\":{\"@type\":\"PropertyValueSpecification\",\"valueRequired\":true,\"valueName\":\"search_term_string\"}}],\"inLanguage\":\"sv-SE\"}]}<\/script>\n<!-- \/ Yoast SEO plugin. -->","yoast_head_json":{"title":"Startsidan - Esl\u00f6v","robots":{"index":"index","follow":"follow","max-snippet":"max-snippet:-1","max-image-preview":"max-image-preview:large","max-video-preview":"max-video-preview:-1"},"canonical":"https:\/\/www.posk.se\/eslov\/","og_locale":"sv_SE","og_type":"article","og_title":"Startsidan - Esl\u00f6v","og_description":"Vi vill ha en levande kyrka n\u00e4ra dig &#8211; d\u00e4r alla generationer f\u00e5r plats, d\u00e4r engagemang tas tillvara och d\u00e4r vi tillsammans tar ansvar f\u00f6r b\u00e5de medm\u00e4nniska och milj\u00f6. Du kan l\u00e4sa hela v\u00e5rt program h\u00e4r!","og_url":"https:\/\/www.posk.se\/eslov\/","og_site_name":"Esl\u00f6v","article_modified_time":"2025-06-10T10:21:34+00:00","twitter_card":"summary_large_image","twitter_misc":{"Ber\u00e4knad l\u00e4stid":"1 minut"},"schema":{"@context":"https:\/\/schema.org","@graph":[{"@type":"WebPage","@id":"https:\/\/www.posk.se\/eslov\/","url":"https:\/\/www.posk.se\/eslov\/","name":"Startsidan - Esl\u00f6v","isPartOf":{"@id":"https:\/\/www.posk.se\/eslov\/#website"},"datePublished":"2021-05-03T08:08:52+00:00","dateModified":"2025-06-10T10:21:34+00:00","breadcrumb":{"@id":"https:\/\/www.posk.se\/eslov\/#breadcrumb"},"inLanguage":"sv-SE","potentialAction":[{"@type":"ReadAction","target":["https:\/\/www.posk.se\/eslov\/"]}]},{"@type":"BreadcrumbList","@id":"https:\/\/www.posk.se\/eslov\/#breadcrumb","itemListElement":[{"@type":"ListItem","position":1,"name":"Hem","item":"https:\/\/www.posk.se\/eslov\/"},{"@type":"ListItem","position":2,"name":"Startsidan"}]},{"@type":"WebSite","@id":"https:\/\/www.posk.se\/eslov\/#website","url":"https:\/\/www.posk.se\/eslov\/","name":"Esl\u00f6v","description":"POSK-grupp i Lunds stift","potentialAction":[{"@type":"SearchAction","target":{"@type":"EntryPoint","urlTemplate":"https:\/\/www.posk.se\/eslov\/?s={search_term_string}"},"query-input":{"@type":"PropertyValueSpecification","valueRequired":true,"valueName":"search_term_string"}}],"inLanguage":"sv-SE"}]}},"_links":{"self":[{"href":"https:\/\/www.posk.se\/eslov\/wp-json\/wp\/v2\/pages\/5","targetHints":{"allow":["GET"]}}],"collection":[{"href":"https:\/\/www.posk.se\/eslov\/wp-json\/wp\/v2\/pages"}],"about":[{"href":"https:\/\/www.posk.se\/eslov\/wp-json\/wp\/v2\/types\/page"}],"author":[{"embeddable":true,"href":"https:\/\/www.posk.se\/eslov\/wp-json\/wp\/v2\/users\/91"}],"replies":[{"embeddable":true,"href":"https:\/\/www.posk.se\/eslov\/wp-json\/wp\/v2\/comments?post=5"}],"version-history":[{"count":7,"href":"https:\/\/www.posk.se\/eslov\/wp-json\/wp\/v2\/pages\/5\/revisions"}],"predecessor-version":[{"id":103,"href":"https:\/\/www.posk.se\/eslov\/wp-json\/wp\/v2\/pages\/5\/revisions\/103"}],"wp:attachment":[{"href":"https:\/\/www.posk.se\/eslov\/wp-json\/wp\/v2\/media?parent=5"}],"curies":[{"name":"wp","href":"https:\/\/api.w.org\/{rel}","templated":true}]}}