{"id":81,"date":"2017-07-30T16:56:21","date_gmt":"2017-07-30T14:56:21","guid":{"rendered":"https:\/\/www.posk.se\/eskilstuna\/?page_id=81"},"modified":"2025-08-29T10:49:44","modified_gmt":"2025-08-29T08:49:44","slug":"styrelse","status":"publish","type":"page","link":"https:\/\/www.posk.se\/eskilstuna\/styrelse\/","title":{"rendered":"Styrelse"},"content":{"rendered":"<p>Styrelsen f\u00f6r POSK i Eskilstuna best\u00e5r av:<\/p>\n<p>Caroline McGovern, ordf\u00f6rande<\/p>\n<p>Elin Karlberg, sekreterare<\/p>\n<p>Inga Flodell, kass\u00f6r<\/p>\n<p>Bo Hellmark, ledamot<\/p>\n<p>Birgitta Ehrenstr\u00f6m, ers\u00e4ttare<\/p>\n<p>Liliana Assi,<\/p>\n<p>G\u00f6ran Laurell, ers\u00e4ttare<\/p>\n<p>M\u00e4rit Zettervall Svensson, ers\u00e4ttare<\/p>\n<p>&nbsp;<\/p>\n<h3>\u00c5rsm\u00f6tesprotokoll<\/h3>\n<p><a href=\"https:\/\/www.posk.se\/eskilstuna\/wp-content\/uploads\/sites\/155\/2017\/08\/arsmote-posk-eskilstuna-2015.pdf\">\u00c5rsm\u00f6tesprotokoll 2015<\/a><br \/>\n<a href=\"https:\/\/www.posk.se\/eskilstuna\/wp-content\/uploads\/sites\/155\/2017\/05\/arsmote-posk-eskilstuna-2016-1.doc\">\u00c5rsm\u00f6tesprotokoll 2016<\/a><br \/>\n<a href=\"https:\/\/www.posk.se\/eskilstuna\/wp-content\/uploads\/sites\/155\/2019\/02\/acc8arsmocc88te-posk-eskilstuna-2017.pdf\">\u00c5rsm\u00f6tesprotokoll 2017<\/a><br \/>\n<a href=\"https:\/\/www.posk.se\/eskilstuna\/wp-content\/uploads\/sites\/155\/2019\/02\/acc8arsmocc88te-posk-eskilstuna-2018.pdf\">\u00c5rsm\u00f6tesprotokoll 2018<\/a><br \/>\n<a href=\"https:\/\/www.posk.se\/eskilstuna\/wp-content\/uploads\/sites\/155\/2019\/04\/2019-arsmotesprotokoll-posk.doc\">\u00c5rsm\u00f6tesprotokoll 2019<\/a><\/p>\n<p><a href=\"https:\/\/www.posk.se\/eskilstuna\/wp-content\/uploads\/sites\/155\/2020\/03\/arsmote-posk-eskilstuna-20200226.docx\">\u00c5rsm\u00f6tesprotokoll 2020 <\/a><\/p>\n<p>&nbsp;<\/p>\n<p>&nbsp;<\/p>\n","protected":false},"excerpt":{"rendered":"<p>Styrelsen f\u00f6r POSK i Eskilstuna best\u00e5r av: Caroline McGovern, ordf\u00f6rande Elin Karlberg, sekreterare Inga Flodell, kass\u00f6r Bo Hellmark, ledamot Birgitta Ehrenstr\u00f6m, ers\u00e4ttare Liliana Assi, G\u00f6ran Laurell, ers\u00e4ttare M\u00e4rit Zettervall Svensson, ers\u00e4ttare &nbsp; \u00c5rsm\u00f6tesprotokoll \u00c5rsm\u00f6tesprotokoll 2015 \u00c5rsm\u00f6tesprotokoll 2016 \u00c5rsm\u00f6tesprotokoll 2017 \u00c5rsm\u00f6tesprotokoll 2018 \u00c5rsm\u00f6tesprotokoll 2019 \u00c5rsm\u00f6tesprotokoll 2020 &nbsp; &nbsp;<\/p>\n","protected":false},"author":1448,"featured_media":0,"parent":0,"menu_order":2,"comment_status":"closed","ping_status":"closed","template":"page-templates\/page-sidebar-left.php","meta":{"_acf_changed":false,"footnotes":""},"class_list":["post-81","page","type-page","status-publish","hentry"],"acf":[],"yoast_head":"<!-- This site is optimized with the Yoast SEO plugin v24.9 - https:\/\/yoast.com\/wordpress\/plugins\/seo\/ -->\n<title>Styrelse - Eskilstuna<\/title>\n<meta name=\"robots\" content=\"index, follow, max-snippet:-1, max-image-preview:large, max-video-preview:-1\" \/>\n<link rel=\"canonical\" href=\"https:\/\/www.posk.se\/eskilstuna\/styrelse\/\" \/>\n<meta property=\"og:locale\" content=\"sv_SE\" \/>\n<meta property=\"og:type\" content=\"article\" \/>\n<meta property=\"og:title\" content=\"Styrelse - Eskilstuna\" \/>\n<meta property=\"og:description\" content=\"Styrelsen f\u00f6r POSK i Eskilstuna best\u00e5r av: Caroline McGovern, ordf\u00f6rande Elin Karlberg, sekreterare Inga Flodell, kass\u00f6r Bo Hellmark, ledamot Birgitta Ehrenstr\u00f6m, ers\u00e4ttare Liliana Assi, G\u00f6ran Laurell, ers\u00e4ttare M\u00e4rit Zettervall Svensson, ers\u00e4ttare &nbsp; \u00c5rsm\u00f6tesprotokoll \u00c5rsm\u00f6tesprotokoll 2015 \u00c5rsm\u00f6tesprotokoll 2016 \u00c5rsm\u00f6tesprotokoll 2017 \u00c5rsm\u00f6tesprotokoll 2018 \u00c5rsm\u00f6tesprotokoll 2019 \u00c5rsm\u00f6tesprotokoll 2020 &nbsp; &nbsp;\" \/>\n<meta property=\"og:url\" content=\"https:\/\/www.posk.se\/eskilstuna\/styrelse\/\" \/>\n<meta property=\"og:site_name\" content=\"Eskilstuna\" \/>\n<meta property=\"article:modified_time\" content=\"2025-08-29T08:49:44+00:00\" \/>\n<meta name=\"twitter:card\" content=\"summary_large_image\" \/>\n<meta name=\"twitter:label1\" content=\"Ber\u00e4knad l\u00e4stid\" \/>\n\t<meta name=\"twitter:data1\" content=\"1 minut\" \/>\n<script type=\"application\/ld+json\" class=\"yoast-schema-graph\">{\"@context\":\"https:\/\/schema.org\",\"@graph\":[{\"@type\":\"WebPage\",\"@id\":\"https:\/\/www.posk.se\/eskilstuna\/styrelse\/\",\"url\":\"https:\/\/www.posk.se\/eskilstuna\/styrelse\/\",\"name\":\"Styrelse - Eskilstuna\",\"isPartOf\":{\"@id\":\"https:\/\/www.posk.se\/eskilstuna\/#website\"},\"datePublished\":\"2017-07-30T14:56:21+00:00\",\"dateModified\":\"2025-08-29T08:49:44+00:00\",\"breadcrumb\":{\"@id\":\"https:\/\/www.posk.se\/eskilstuna\/styrelse\/#breadcrumb\"},\"inLanguage\":\"sv-SE\",\"potentialAction\":[{\"@type\":\"ReadAction\",\"target\":[\"https:\/\/www.posk.se\/eskilstuna\/styrelse\/\"]}]},{\"@type\":\"BreadcrumbList\",\"@id\":\"https:\/\/www.posk.se\/eskilstuna\/styrelse\/#breadcrumb\",\"itemListElement\":[{\"@type\":\"ListItem\",\"position\":1,\"name\":\"Hem\",\"item\":\"https:\/\/www.posk.se\/eskilstuna\/\"},{\"@type\":\"ListItem\",\"position\":2,\"name\":\"Styrelse\"}]},{\"@type\":\"WebSite\",\"@id\":\"https:\/\/www.posk.se\/eskilstuna\/#website\",\"url\":\"https:\/\/www.posk.se\/eskilstuna\/\",\"name\":\"Eskilstuna\",\"description\":\"POSK-grupp i Str\u00e4ngn\u00e4s stift\",\"potentialAction\":[{\"@type\":\"SearchAction\",\"target\":{\"@type\":\"EntryPoint\",\"urlTemplate\":\"https:\/\/www.posk.se\/eskilstuna\/?s={search_term_string}\"},\"query-input\":{\"@type\":\"PropertyValueSpecification\",\"valueRequired\":true,\"valueName\":\"search_term_string\"}}],\"inLanguage\":\"sv-SE\"}]}<\/script>\n<!-- \/ Yoast SEO plugin. -->","yoast_head_json":{"title":"Styrelse - Eskilstuna","robots":{"index":"index","follow":"follow","max-snippet":"max-snippet:-1","max-image-preview":"max-image-preview:large","max-video-preview":"max-video-preview:-1"},"canonical":"https:\/\/www.posk.se\/eskilstuna\/styrelse\/","og_locale":"sv_SE","og_type":"article","og_title":"Styrelse - Eskilstuna","og_description":"Styrelsen f\u00f6r POSK i Eskilstuna best\u00e5r av: Caroline McGovern, ordf\u00f6rande Elin Karlberg, sekreterare Inga Flodell, kass\u00f6r Bo Hellmark, ledamot Birgitta Ehrenstr\u00f6m, ers\u00e4ttare Liliana Assi, G\u00f6ran Laurell, ers\u00e4ttare M\u00e4rit Zettervall Svensson, ers\u00e4ttare &nbsp; \u00c5rsm\u00f6tesprotokoll \u00c5rsm\u00f6tesprotokoll 2015 \u00c5rsm\u00f6tesprotokoll 2016 \u00c5rsm\u00f6tesprotokoll 2017 \u00c5rsm\u00f6tesprotokoll 2018 \u00c5rsm\u00f6tesprotokoll 2019 \u00c5rsm\u00f6tesprotokoll 2020 &nbsp; &nbsp;","og_url":"https:\/\/www.posk.se\/eskilstuna\/styrelse\/","og_site_name":"Eskilstuna","article_modified_time":"2025-08-29T08:49:44+00:00","twitter_card":"summary_large_image","twitter_misc":{"Ber\u00e4knad l\u00e4stid":"1 minut"},"schema":{"@context":"https:\/\/schema.org","@graph":[{"@type":"WebPage","@id":"https:\/\/www.posk.se\/eskilstuna\/styrelse\/","url":"https:\/\/www.posk.se\/eskilstuna\/styrelse\/","name":"Styrelse - Eskilstuna","isPartOf":{"@id":"https:\/\/www.posk.se\/eskilstuna\/#website"},"datePublished":"2017-07-30T14:56:21+00:00","dateModified":"2025-08-29T08:49:44+00:00","breadcrumb":{"@id":"https:\/\/www.posk.se\/eskilstuna\/styrelse\/#breadcrumb"},"inLanguage":"sv-SE","potentialAction":[{"@type":"ReadAction","target":["https:\/\/www.posk.se\/eskilstuna\/styrelse\/"]}]},{"@type":"BreadcrumbList","@id":"https:\/\/www.posk.se\/eskilstuna\/styrelse\/#breadcrumb","itemListElement":[{"@type":"ListItem","position":1,"name":"Hem","item":"https:\/\/www.posk.se\/eskilstuna\/"},{"@type":"ListItem","position":2,"name":"Styrelse"}]},{"@type":"WebSite","@id":"https:\/\/www.posk.se\/eskilstuna\/#website","url":"https:\/\/www.posk.se\/eskilstuna\/","name":"Eskilstuna","description":"POSK-grupp i Str\u00e4ngn\u00e4s stift","potentialAction":[{"@type":"SearchAction","target":{"@type":"EntryPoint","urlTemplate":"https:\/\/www.posk.se\/eskilstuna\/?s={search_term_string}"},"query-input":{"@type":"PropertyValueSpecification","valueRequired":true,"valueName":"search_term_string"}}],"inLanguage":"sv-SE"}]}},"_links":{"self":[{"href":"https:\/\/www.posk.se\/eskilstuna\/wp-json\/wp\/v2\/pages\/81","targetHints":{"allow":["GET"]}}],"collection":[{"href":"https:\/\/www.posk.se\/eskilstuna\/wp-json\/wp\/v2\/pages"}],"about":[{"href":"https:\/\/www.posk.se\/eskilstuna\/wp-json\/wp\/v2\/types\/page"}],"author":[{"embeddable":true,"href":"https:\/\/www.posk.se\/eskilstuna\/wp-json\/wp\/v2\/users\/1448"}],"replies":[{"embeddable":true,"href":"https:\/\/www.posk.se\/eskilstuna\/wp-json\/wp\/v2\/comments?post=81"}],"version-history":[{"count":33,"href":"https:\/\/www.posk.se\/eskilstuna\/wp-json\/wp\/v2\/pages\/81\/revisions"}],"predecessor-version":[{"id":499,"href":"https:\/\/www.posk.se\/eskilstuna\/wp-json\/wp\/v2\/pages\/81\/revisions\/499"}],"wp:attachment":[{"href":"https:\/\/www.posk.se\/eskilstuna\/wp-json\/wp\/v2\/media?parent=81"}],"curies":[{"name":"wp","href":"https:\/\/api.w.org\/{rel}","templated":true}]}}