{"id":32,"date":"2017-06-07T16:18:42","date_gmt":"2017-06-07T14:18:42","guid":{"rendered":"https:\/\/www.posk.se\/eskilstuna\/?page_id=32"},"modified":"2021-08-18T21:51:57","modified_gmt":"2021-08-18T19:51:57","slug":"historik","status":"publish","type":"page","link":"https:\/\/www.posk.se\/eskilstuna\/historik\/","title":{"rendered":"Historik"},"content":{"rendered":"<p>POSK Eskilstuna \u00e4r en lokalf\u00f6rening av POSK, Partipolitiskt obundna i Svenska kyrkan. \u00c4ndam\u00e5let var och \u00e4r att erbjuda ett alternativ till traditionella partipolitiska nomineringsgrupper f\u00f6r de m\u00e4nniskor som p\u00e5 olika s\u00e4tt finns inom kyrkan. F\u00f6r m\u00e4nniskor som vill engagera sig och \u00e5ta sig f\u00f6rtroendeuppdrag i Eskilstuna pastorat, Str\u00e4ngn\u00e4s stift och det nationella kyrkom\u00f6tet.<\/p>\n<p>I valet <strong>2009<\/strong>, vilket var v\u00e5rt f\u00f6rsta val, d\u00e5 fick vi 9 mandat i kyrkofullm\u00e4ktige.<\/p>\n<p>Kyrkovalet <strong>2013<\/strong> fick vi 14 mandat och blev den st\u00f6rsta gruppen i fullm\u00e4ktige. Tillsammans med FiSK hade vi majoritet i fullm\u00e4ktige och ordf\u00f6randeposten i kyrkor\u00e5det. Under den mandatperioden har vi p\u00e5 ett tydligt s\u00e4tt gjort v\u00e5r r\u00f6st h\u00f6rd i arbetet med att styra och leda Eskilstuna f\u00f6rsamling.<\/p>\n<p><strong>2017<\/strong> fick vi i valet fler r\u00f6ster och 11 mandat vilket \u00e4nd\u00e5 inte r\u00e4ckte f\u00f6r att vara del av majoriteten. Vi har dock varit del av pastoratets kyrkor\u00e5d och f\u00f6rsamlingarnas f\u00f6rsamlingsr\u00e5d. H\u00e4r har vi kunnat vara del i att genomf\u00f6ra n\u00e5gra av v\u00e5ra m\u00e5l.<\/p>\n<p>&nbsp;<\/p>\n<h4>Vad har vi \u00e5stadkommit under mandatperioden?<\/h4>\n<p>Under senaste mandatperioden har vi kunnat bidra till att v\u00e5rt pastorat har g\u00e5tt fr\u00e5n tv\u00e5 f\u00f6rsamlingar till fyra. Det \u00e4r vi stolta \u00f6ver! Vi \u00e4r \u00f6vertygade om att det kommer att ge en tydligare lokal f\u00f6rankring.<\/p>\n<p>Vi \u00e4r glada \u00f6ver att satsningen p\u00e5 att starta en f\u00f6rskola i St Petri har fallit s\u00e5 v\u00e4l ut. Pastoratet nu \u00f6ppnar ytterligare en f\u00f6rskola i Tomaskyrkan. Detta \u00e4r vi ocks\u00e5 v\u00e4ldigt glada f\u00f6r!<\/p>\n","protected":false},"excerpt":{"rendered":"<p>POSK Eskilstuna \u00e4r en lokalf\u00f6rening av POSK, Partipolitiskt obundna i Svenska kyrkan. \u00c4ndam\u00e5let var och \u00e4r att erbjuda ett alternativ till traditionella partipolitiska nomineringsgrupper f\u00f6r de m\u00e4nniskor som p\u00e5 olika s\u00e4tt finns inom kyrkan. F\u00f6r m\u00e4nniskor som vill engagera sig och \u00e5ta sig f\u00f6rtroendeuppdrag i Eskilstuna pastorat, Str\u00e4ngn\u00e4s stift och det nationella kyrkom\u00f6tet. I valet [&hellip;]<\/p>\n","protected":false},"author":1448,"featured_media":0,"parent":0,"menu_order":3,"comment_status":"closed","ping_status":"closed","template":"page-templates\/page-sidebar-left.php","meta":{"_acf_changed":false,"footnotes":""},"class_list":["post-32","page","type-page","status-publish","hentry"],"acf":[],"yoast_head":"<!-- This site is optimized with the Yoast SEO plugin v24.9 - https:\/\/yoast.com\/wordpress\/plugins\/seo\/ -->\n<title>Historik - Eskilstuna<\/title>\n<meta name=\"description\" content=\"Vad har vi \u00e5stadkommit under mandatperioden? Under senaste mandatperioden har vi kunnat bidra till att v\u00e5rt pastorat har g\u00e5tt fr\u00e5n tv\u00e5 f\u00f6rsamlingar till fyra. Det \u00e4r vi stolta \u00f6ver! Vi \u00e4r \u00f6vertygade om att det kommer att ge en tydligare lokal f\u00f6rankring. Vi \u00e4r glada \u00f6ver att satsningen p\u00e5 att starta en f\u00f6rskola i St Petri har fallit s\u00e5 v\u00e4l ut. Pastoratet nu \u00f6ppnar ytterligare en f\u00f6rskola i Tomaskyrkan. Detta \u00e4r vi ocks\u00e5 v\u00e4ldigt glada f\u00f6r!\" \/>\n<meta name=\"robots\" content=\"index, follow, max-snippet:-1, max-image-preview:large, max-video-preview:-1\" \/>\n<link rel=\"canonical\" href=\"https:\/\/www.posk.se\/eskilstuna\/historik\/\" \/>\n<meta property=\"og:locale\" content=\"sv_SE\" \/>\n<meta property=\"og:type\" content=\"article\" \/>\n<meta property=\"og:title\" content=\"Historik - Eskilstuna\" \/>\n<meta property=\"og:description\" content=\"Vad har vi \u00e5stadkommit under mandatperioden? Under senaste mandatperioden har vi kunnat bidra till att v\u00e5rt pastorat har g\u00e5tt fr\u00e5n tv\u00e5 f\u00f6rsamlingar till fyra. Det \u00e4r vi stolta \u00f6ver! Vi \u00e4r \u00f6vertygade om att det kommer att ge en tydligare lokal f\u00f6rankring. Vi \u00e4r glada \u00f6ver att satsningen p\u00e5 att starta en f\u00f6rskola i St Petri har fallit s\u00e5 v\u00e4l ut. Pastoratet nu \u00f6ppnar ytterligare en f\u00f6rskola i Tomaskyrkan. Detta \u00e4r vi ocks\u00e5 v\u00e4ldigt glada f\u00f6r!\" \/>\n<meta property=\"og:url\" content=\"https:\/\/www.posk.se\/eskilstuna\/historik\/\" \/>\n<meta property=\"og:site_name\" content=\"Eskilstuna\" \/>\n<meta property=\"article:modified_time\" content=\"2021-08-18T19:51:57+00:00\" \/>\n<meta name=\"twitter:card\" content=\"summary_large_image\" \/>\n<meta name=\"twitter:label1\" content=\"Ber\u00e4knad l\u00e4stid\" \/>\n\t<meta name=\"twitter:data1\" content=\"2 minuter\" \/>\n<script type=\"application\/ld+json\" class=\"yoast-schema-graph\">{\"@context\":\"https:\/\/schema.org\",\"@graph\":[{\"@type\":\"WebPage\",\"@id\":\"https:\/\/www.posk.se\/eskilstuna\/historik\/\",\"url\":\"https:\/\/www.posk.se\/eskilstuna\/historik\/\",\"name\":\"Historik - Eskilstuna\",\"isPartOf\":{\"@id\":\"https:\/\/www.posk.se\/eskilstuna\/#website\"},\"datePublished\":\"2017-06-07T14:18:42+00:00\",\"dateModified\":\"2021-08-18T19:51:57+00:00\",\"description\":\"Vad har vi \u00e5stadkommit under mandatperioden? Under senaste mandatperioden har vi kunnat bidra till att v\u00e5rt pastorat har g\u00e5tt fr\u00e5n tv\u00e5 f\u00f6rsamlingar till fyra. Det \u00e4r vi stolta \u00f6ver! Vi \u00e4r \u00f6vertygade om att det kommer att ge en tydligare lokal f\u00f6rankring. Vi \u00e4r glada \u00f6ver att satsningen p\u00e5 att starta en f\u00f6rskola i St Petri har fallit s\u00e5 v\u00e4l ut. Pastoratet nu \u00f6ppnar ytterligare en f\u00f6rskola i Tomaskyrkan. Detta \u00e4r vi ocks\u00e5 v\u00e4ldigt glada f\u00f6r!\",\"breadcrumb\":{\"@id\":\"https:\/\/www.posk.se\/eskilstuna\/historik\/#breadcrumb\"},\"inLanguage\":\"sv-SE\",\"potentialAction\":[{\"@type\":\"ReadAction\",\"target\":[\"https:\/\/www.posk.se\/eskilstuna\/historik\/\"]}]},{\"@type\":\"BreadcrumbList\",\"@id\":\"https:\/\/www.posk.se\/eskilstuna\/historik\/#breadcrumb\",\"itemListElement\":[{\"@type\":\"ListItem\",\"position\":1,\"name\":\"Hem\",\"item\":\"https:\/\/www.posk.se\/eskilstuna\/\"},{\"@type\":\"ListItem\",\"position\":2,\"name\":\"Historik\"}]},{\"@type\":\"WebSite\",\"@id\":\"https:\/\/www.posk.se\/eskilstuna\/#website\",\"url\":\"https:\/\/www.posk.se\/eskilstuna\/\",\"name\":\"Eskilstuna\",\"description\":\"POSK-grupp i Str\u00e4ngn\u00e4s stift\",\"potentialAction\":[{\"@type\":\"SearchAction\",\"target\":{\"@type\":\"EntryPoint\",\"urlTemplate\":\"https:\/\/www.posk.se\/eskilstuna\/?s={search_term_string}\"},\"query-input\":{\"@type\":\"PropertyValueSpecification\",\"valueRequired\":true,\"valueName\":\"search_term_string\"}}],\"inLanguage\":\"sv-SE\"}]}<\/script>\n<!-- \/ Yoast SEO plugin. -->","yoast_head_json":{"title":"Historik - Eskilstuna","description":"Vad har vi \u00e5stadkommit under mandatperioden? Under senaste mandatperioden har vi kunnat bidra till att v\u00e5rt pastorat har g\u00e5tt fr\u00e5n tv\u00e5 f\u00f6rsamlingar till fyra. Det \u00e4r vi stolta \u00f6ver! Vi \u00e4r \u00f6vertygade om att det kommer att ge en tydligare lokal f\u00f6rankring. Vi \u00e4r glada \u00f6ver att satsningen p\u00e5 att starta en f\u00f6rskola i St Petri har fallit s\u00e5 v\u00e4l ut. Pastoratet nu \u00f6ppnar ytterligare en f\u00f6rskola i Tomaskyrkan. Detta \u00e4r vi ocks\u00e5 v\u00e4ldigt glada f\u00f6r!","robots":{"index":"index","follow":"follow","max-snippet":"max-snippet:-1","max-image-preview":"max-image-preview:large","max-video-preview":"max-video-preview:-1"},"canonical":"https:\/\/www.posk.se\/eskilstuna\/historik\/","og_locale":"sv_SE","og_type":"article","og_title":"Historik - Eskilstuna","og_description":"Vad har vi \u00e5stadkommit under mandatperioden? Under senaste mandatperioden har vi kunnat bidra till att v\u00e5rt pastorat har g\u00e5tt fr\u00e5n tv\u00e5 f\u00f6rsamlingar till fyra. Det \u00e4r vi stolta \u00f6ver! Vi \u00e4r \u00f6vertygade om att det kommer att ge en tydligare lokal f\u00f6rankring. Vi \u00e4r glada \u00f6ver att satsningen p\u00e5 att starta en f\u00f6rskola i St Petri har fallit s\u00e5 v\u00e4l ut. Pastoratet nu \u00f6ppnar ytterligare en f\u00f6rskola i Tomaskyrkan. Detta \u00e4r vi ocks\u00e5 v\u00e4ldigt glada f\u00f6r!","og_url":"https:\/\/www.posk.se\/eskilstuna\/historik\/","og_site_name":"Eskilstuna","article_modified_time":"2021-08-18T19:51:57+00:00","twitter_card":"summary_large_image","twitter_misc":{"Ber\u00e4knad l\u00e4stid":"2 minuter"},"schema":{"@context":"https:\/\/schema.org","@graph":[{"@type":"WebPage","@id":"https:\/\/www.posk.se\/eskilstuna\/historik\/","url":"https:\/\/www.posk.se\/eskilstuna\/historik\/","name":"Historik - Eskilstuna","isPartOf":{"@id":"https:\/\/www.posk.se\/eskilstuna\/#website"},"datePublished":"2017-06-07T14:18:42+00:00","dateModified":"2021-08-18T19:51:57+00:00","description":"Vad har vi \u00e5stadkommit under mandatperioden? Under senaste mandatperioden har vi kunnat bidra till att v\u00e5rt pastorat har g\u00e5tt fr\u00e5n tv\u00e5 f\u00f6rsamlingar till fyra. Det \u00e4r vi stolta \u00f6ver! Vi \u00e4r \u00f6vertygade om att det kommer att ge en tydligare lokal f\u00f6rankring. Vi \u00e4r glada \u00f6ver att satsningen p\u00e5 att starta en f\u00f6rskola i St Petri har fallit s\u00e5 v\u00e4l ut. Pastoratet nu \u00f6ppnar ytterligare en f\u00f6rskola i Tomaskyrkan. Detta \u00e4r vi ocks\u00e5 v\u00e4ldigt glada f\u00f6r!","breadcrumb":{"@id":"https:\/\/www.posk.se\/eskilstuna\/historik\/#breadcrumb"},"inLanguage":"sv-SE","potentialAction":[{"@type":"ReadAction","target":["https:\/\/www.posk.se\/eskilstuna\/historik\/"]}]},{"@type":"BreadcrumbList","@id":"https:\/\/www.posk.se\/eskilstuna\/historik\/#breadcrumb","itemListElement":[{"@type":"ListItem","position":1,"name":"Hem","item":"https:\/\/www.posk.se\/eskilstuna\/"},{"@type":"ListItem","position":2,"name":"Historik"}]},{"@type":"WebSite","@id":"https:\/\/www.posk.se\/eskilstuna\/#website","url":"https:\/\/www.posk.se\/eskilstuna\/","name":"Eskilstuna","description":"POSK-grupp i Str\u00e4ngn\u00e4s stift","potentialAction":[{"@type":"SearchAction","target":{"@type":"EntryPoint","urlTemplate":"https:\/\/www.posk.se\/eskilstuna\/?s={search_term_string}"},"query-input":{"@type":"PropertyValueSpecification","valueRequired":true,"valueName":"search_term_string"}}],"inLanguage":"sv-SE"}]}},"_links":{"self":[{"href":"https:\/\/www.posk.se\/eskilstuna\/wp-json\/wp\/v2\/pages\/32","targetHints":{"allow":["GET"]}}],"collection":[{"href":"https:\/\/www.posk.se\/eskilstuna\/wp-json\/wp\/v2\/pages"}],"about":[{"href":"https:\/\/www.posk.se\/eskilstuna\/wp-json\/wp\/v2\/types\/page"}],"author":[{"embeddable":true,"href":"https:\/\/www.posk.se\/eskilstuna\/wp-json\/wp\/v2\/users\/1448"}],"replies":[{"embeddable":true,"href":"https:\/\/www.posk.se\/eskilstuna\/wp-json\/wp\/v2\/comments?post=32"}],"version-history":[{"count":26,"href":"https:\/\/www.posk.se\/eskilstuna\/wp-json\/wp\/v2\/pages\/32\/revisions"}],"predecessor-version":[{"id":415,"href":"https:\/\/www.posk.se\/eskilstuna\/wp-json\/wp\/v2\/pages\/32\/revisions\/415"}],"wp:attachment":[{"href":"https:\/\/www.posk.se\/eskilstuna\/wp-json\/wp\/v2\/media?parent=32"}],"curies":[{"name":"wp","href":"https:\/\/api.w.org\/{rel}","templated":true}]}}