{"id":20,"date":"2016-07-20T12:09:52","date_gmt":"2016-07-20T10:09:52","guid":{"rendered":"https:\/\/www.posk.se\/emmaboda-langasjo\/?page_id=20"},"modified":"2025-08-12T18:29:50","modified_gmt":"2025-08-12T16:29:50","slug":"startsidan-2","status":"publish","type":"page","link":"https:\/\/www.posk.se\/emmaboda\/","title":{"rendered":"Startsidan"},"content":{"rendered":"<h4><b>POSK \u2013 ett gott val<\/b><\/h4>\n<p>POSK bygger den kyrka som Sverige beh\u00f6ver, och ser till att den finns d\u00e4r den beh\u00f6vs.<br \/>\nPOSK har id\u00e9erna f\u00f6r framtiden och vill leda utvecklingen i riktning mot en kyrka som\u00a0rymmer m\u00e5ngfald och pr\u00e4glas av respekt.<\/p>\n<h4><b>V\u00e5r vision<\/b><\/h4>\n<p>POSK har som vision att Svenska kyrkan ska vara en gemenskap som speglar Guds vilja i gudstj\u00e4nst och liv och som talar tydligt om Jesus Kristus.<\/p>\n<p>POSK vill att Svenska kyrkan ska:<\/p>\n<ul>\n<li>erbjuda n\u00e4rvaro, gemenskap och v\u00e4xt<\/li>\n<li>f\u00f6rmedla befrielse, hopp och livsmod<\/li>\n<li>se och ta vara p\u00e5 varje m\u00e4nniska som en g\u00e5va i f\u00f6rsamlingens liv<\/li>\n<li>respektera individen och gl\u00e4djas \u00e5t m\u00e5ngfalden<\/li>\n<li>vara en tydlig r\u00f6st i samh\u00e4llet och visa p\u00e5 ett liv i r\u00e4ttvisa och frihet<\/li>\n<li>ha en organisation och struktur som fr\u00e4mjar kyrkans uppdrag<\/li>\n<li>vara en brobyggare mellan kyrkor<\/li>\n<li>str\u00e4va efter en sann och \u00f6ppen dialog mellan m\u00e4nniskor av olika tro<\/li>\n<\/ul>\n<h4><strong>POSK \u2013 en kraft att r\u00e4kna med<\/strong><\/h4>\n<p>Partipolitiskt obundna i Svenska kyrkan, POSK, samlar grupper och enskilda som vill ta ansvar som f\u00f6rtroendevalda i Svenska kyrkan utan att vara bundna till ett allm\u00e4npolitiskt parti. POSK finns \u00f6ver hela landet, med f\u00f6rtroendevalda i samtliga 13 stift. Vi \u00e4r n\u00e4st st\u00f6rsta grupp i kyrkom\u00f6tet, och den st\u00f6rsta obundna gruppen.<br \/>\nI Emmaboda \u00e4r vi f\u00f6r tillf\u00e4llet den tredje st\u00f6rsta gruppen i Kyrkofullm\u00e4ktige.<\/p>\n<h4><strong>Kontakt<br \/>\n<\/strong><\/h4>\n<p>Pastoratet best\u00e5r av fyra f\u00f6rsamlingar:\u00a0L\u00e5ngasj\u00f6, Emmaboda, Vissefj\u00e4rda och Algutsboda.<br \/>\nVid fr\u00e5gor om POSK i Emmaboda pastorat s\u00e5 svarar g\u00e4rna Mona J\u00f6nsson p\u00e5 dessa,<br \/>\nE-post: <a href=\"mailto:mona.m.jonsson@gmail.com\">mona.m.jonsson@gmail.com<\/a><br \/>\nTelefon: 070-812 14 77<\/p>\n<p>&nbsp;<\/p>\n","protected":false},"excerpt":{"rendered":"<p>POSK \u2013 ett gott val POSK bygger den kyrka som Sverige beh\u00f6ver, och ser till att den finns d\u00e4r den beh\u00f6vs. POSK har id\u00e9erna f\u00f6r framtiden och vill leda utvecklingen i riktning mot en kyrka som\u00a0rymmer m\u00e5ngfald och pr\u00e4glas av respekt. V\u00e5r vision POSK har som vision att Svenska kyrkan ska vara en gemenskap som [&hellip;]<\/p>\n","protected":false},"author":1,"featured_media":33,"parent":0,"menu_order":0,"comment_status":"closed","ping_status":"closed","template":"page-templates\/page-sidebar-left.php","meta":{"_acf_changed":false,"footnotes":""},"class_list":["post-20","page","type-page","status-publish","has-post-thumbnail","hentry"],"acf":[],"yoast_head":"<!-- This site is optimized with the Yoast SEO plugin v24.9 - https:\/\/yoast.com\/wordpress\/plugins\/seo\/ -->\n<title>Startsidan - Emmaboda<\/title>\n<meta name=\"robots\" content=\"index, follow, max-snippet:-1, max-image-preview:large, max-video-preview:-1\" \/>\n<link rel=\"canonical\" href=\"https:\/\/www.posk.se\/emmaboda\/\" \/>\n<meta property=\"og:locale\" content=\"sv_SE\" \/>\n<meta property=\"og:type\" content=\"article\" \/>\n<meta property=\"og:title\" content=\"Startsidan - Emmaboda\" \/>\n<meta property=\"og:description\" content=\"POSK \u2013 ett gott val POSK bygger den kyrka som Sverige beh\u00f6ver, och ser till att den finns d\u00e4r den beh\u00f6vs. POSK har id\u00e9erna f\u00f6r framtiden och vill leda utvecklingen i riktning mot en kyrka som\u00a0rymmer m\u00e5ngfald och pr\u00e4glas av respekt. V\u00e5r vision POSK har som vision att Svenska kyrkan ska vara en gemenskap som [&hellip;]\" \/>\n<meta property=\"og:url\" content=\"https:\/\/www.posk.se\/emmaboda\/\" \/>\n<meta property=\"og:site_name\" content=\"Emmaboda\" \/>\n<meta property=\"article:modified_time\" content=\"2025-08-12T16:29:50+00:00\" \/>\n<meta property=\"og:image\" content=\"https:\/\/www.posk.se\/emmaboda\/wp-content\/uploads\/sites\/201\/2016\/07\/fullsizeoutput_7eeb.jpeg\" \/>\n\t<meta property=\"og:image:width\" content=\"2172\" \/>\n\t<meta property=\"og:image:height\" content=\"773\" \/>\n\t<meta property=\"og:image:type\" content=\"image\/jpeg\" \/>\n<meta name=\"twitter:card\" content=\"summary_large_image\" \/>\n<meta name=\"twitter:label1\" content=\"Ber\u00e4knad l\u00e4stid\" \/>\n\t<meta name=\"twitter:data1\" content=\"2 minuter\" \/>\n<script type=\"application\/ld+json\" class=\"yoast-schema-graph\">{\"@context\":\"https:\/\/schema.org\",\"@graph\":[{\"@type\":\"WebPage\",\"@id\":\"https:\/\/www.posk.se\/emmaboda\/\",\"url\":\"https:\/\/www.posk.se\/emmaboda\/\",\"name\":\"Startsidan - Emmaboda\",\"isPartOf\":{\"@id\":\"https:\/\/www.posk.se\/emmaboda\/#website\"},\"primaryImageOfPage\":{\"@id\":\"https:\/\/www.posk.se\/emmaboda\/#primaryimage\"},\"image\":{\"@id\":\"https:\/\/www.posk.se\/emmaboda\/#primaryimage\"},\"thumbnailUrl\":\"https:\/\/www.posk.se\/emmaboda\/wp-content\/uploads\/sites\/201\/2016\/07\/fullsizeoutput_7eeb.jpeg\",\"datePublished\":\"2016-07-20T10:09:52+00:00\",\"dateModified\":\"2025-08-12T16:29:50+00:00\",\"breadcrumb\":{\"@id\":\"https:\/\/www.posk.se\/emmaboda\/#breadcrumb\"},\"inLanguage\":\"sv-SE\",\"potentialAction\":[{\"@type\":\"ReadAction\",\"target\":[\"https:\/\/www.posk.se\/emmaboda\/\"]}]},{\"@type\":\"ImageObject\",\"inLanguage\":\"sv-SE\",\"@id\":\"https:\/\/www.posk.se\/emmaboda\/#primaryimage\",\"url\":\"https:\/\/www.posk.se\/emmaboda\/wp-content\/uploads\/sites\/201\/2016\/07\/fullsizeoutput_7eeb.jpeg\",\"contentUrl\":\"https:\/\/www.posk.se\/emmaboda\/wp-content\/uploads\/sites\/201\/2016\/07\/fullsizeoutput_7eeb.jpeg\",\"width\":2172,\"height\":773},{\"@type\":\"BreadcrumbList\",\"@id\":\"https:\/\/www.posk.se\/emmaboda\/#breadcrumb\",\"itemListElement\":[{\"@type\":\"ListItem\",\"position\":1,\"name\":\"Hem\",\"item\":\"https:\/\/www.posk.se\/emmaboda\/\"},{\"@type\":\"ListItem\",\"position\":2,\"name\":\"Startsidan\"}]},{\"@type\":\"WebSite\",\"@id\":\"https:\/\/www.posk.se\/emmaboda\/#website\",\"url\":\"https:\/\/www.posk.se\/emmaboda\/\",\"name\":\"Emmaboda\",\"description\":\"POSK-grupp i V\u00e4xj\u00f6 stift\",\"potentialAction\":[{\"@type\":\"SearchAction\",\"target\":{\"@type\":\"EntryPoint\",\"urlTemplate\":\"https:\/\/www.posk.se\/emmaboda\/?s={search_term_string}\"},\"query-input\":{\"@type\":\"PropertyValueSpecification\",\"valueRequired\":true,\"valueName\":\"search_term_string\"}}],\"inLanguage\":\"sv-SE\"}]}<\/script>\n<!-- \/ Yoast SEO plugin. -->","yoast_head_json":{"title":"Startsidan - Emmaboda","robots":{"index":"index","follow":"follow","max-snippet":"max-snippet:-1","max-image-preview":"max-image-preview:large","max-video-preview":"max-video-preview:-1"},"canonical":"https:\/\/www.posk.se\/emmaboda\/","og_locale":"sv_SE","og_type":"article","og_title":"Startsidan - Emmaboda","og_description":"POSK \u2013 ett gott val POSK bygger den kyrka som Sverige beh\u00f6ver, och ser till att den finns d\u00e4r den beh\u00f6vs. POSK har id\u00e9erna f\u00f6r framtiden och vill leda utvecklingen i riktning mot en kyrka som\u00a0rymmer m\u00e5ngfald och pr\u00e4glas av respekt. V\u00e5r vision POSK har som vision att Svenska kyrkan ska vara en gemenskap som [&hellip;]","og_url":"https:\/\/www.posk.se\/emmaboda\/","og_site_name":"Emmaboda","article_modified_time":"2025-08-12T16:29:50+00:00","og_image":[{"width":2172,"height":773,"url":"https:\/\/www.posk.se\/emmaboda\/wp-content\/uploads\/sites\/201\/2016\/07\/fullsizeoutput_7eeb.jpeg","type":"image\/jpeg"}],"twitter_card":"summary_large_image","twitter_misc":{"Ber\u00e4knad l\u00e4stid":"2 minuter"},"schema":{"@context":"https:\/\/schema.org","@graph":[{"@type":"WebPage","@id":"https:\/\/www.posk.se\/emmaboda\/","url":"https:\/\/www.posk.se\/emmaboda\/","name":"Startsidan - Emmaboda","isPartOf":{"@id":"https:\/\/www.posk.se\/emmaboda\/#website"},"primaryImageOfPage":{"@id":"https:\/\/www.posk.se\/emmaboda\/#primaryimage"},"image":{"@id":"https:\/\/www.posk.se\/emmaboda\/#primaryimage"},"thumbnailUrl":"https:\/\/www.posk.se\/emmaboda\/wp-content\/uploads\/sites\/201\/2016\/07\/fullsizeoutput_7eeb.jpeg","datePublished":"2016-07-20T10:09:52+00:00","dateModified":"2025-08-12T16:29:50+00:00","breadcrumb":{"@id":"https:\/\/www.posk.se\/emmaboda\/#breadcrumb"},"inLanguage":"sv-SE","potentialAction":[{"@type":"ReadAction","target":["https:\/\/www.posk.se\/emmaboda\/"]}]},{"@type":"ImageObject","inLanguage":"sv-SE","@id":"https:\/\/www.posk.se\/emmaboda\/#primaryimage","url":"https:\/\/www.posk.se\/emmaboda\/wp-content\/uploads\/sites\/201\/2016\/07\/fullsizeoutput_7eeb.jpeg","contentUrl":"https:\/\/www.posk.se\/emmaboda\/wp-content\/uploads\/sites\/201\/2016\/07\/fullsizeoutput_7eeb.jpeg","width":2172,"height":773},{"@type":"BreadcrumbList","@id":"https:\/\/www.posk.se\/emmaboda\/#breadcrumb","itemListElement":[{"@type":"ListItem","position":1,"name":"Hem","item":"https:\/\/www.posk.se\/emmaboda\/"},{"@type":"ListItem","position":2,"name":"Startsidan"}]},{"@type":"WebSite","@id":"https:\/\/www.posk.se\/emmaboda\/#website","url":"https:\/\/www.posk.se\/emmaboda\/","name":"Emmaboda","description":"POSK-grupp i V\u00e4xj\u00f6 stift","potentialAction":[{"@type":"SearchAction","target":{"@type":"EntryPoint","urlTemplate":"https:\/\/www.posk.se\/emmaboda\/?s={search_term_string}"},"query-input":{"@type":"PropertyValueSpecification","valueRequired":true,"valueName":"search_term_string"}}],"inLanguage":"sv-SE"}]}},"_links":{"self":[{"href":"https:\/\/www.posk.se\/emmaboda\/wp-json\/wp\/v2\/pages\/20","targetHints":{"allow":["GET"]}}],"collection":[{"href":"https:\/\/www.posk.se\/emmaboda\/wp-json\/wp\/v2\/pages"}],"about":[{"href":"https:\/\/www.posk.se\/emmaboda\/wp-json\/wp\/v2\/types\/page"}],"author":[{"embeddable":true,"href":"https:\/\/www.posk.se\/emmaboda\/wp-json\/wp\/v2\/users\/1"}],"replies":[{"embeddable":true,"href":"https:\/\/www.posk.se\/emmaboda\/wp-json\/wp\/v2\/comments?post=20"}],"version-history":[{"count":12,"href":"https:\/\/www.posk.se\/emmaboda\/wp-json\/wp\/v2\/pages\/20\/revisions"}],"predecessor-version":[{"id":42,"href":"https:\/\/www.posk.se\/emmaboda\/wp-json\/wp\/v2\/pages\/20\/revisions\/42"}],"wp:featuredmedia":[{"embeddable":true,"href":"https:\/\/www.posk.se\/emmaboda\/wp-json\/wp\/v2\/media\/33"}],"wp:attachment":[{"href":"https:\/\/www.posk.se\/emmaboda\/wp-json\/wp\/v2\/media?parent=20"}],"curies":[{"name":"wp","href":"https:\/\/api.w.org\/{rel}","templated":true}]}}