{"id":90,"date":"2021-04-05T02:27:00","date_gmt":"2017-07-27T21:21:57","guid":{"rendered":"https:\/\/www.posk.se\/ekero\/formular-tack\/"},"modified":"2021-04-05T02:27:00","modified_gmt":"2021-04-05T00:27:00","slug":"formular-tack","status":"publish","type":"page","link":"https:\/\/www.posk.se\/ekero\/formular-tack\/","title":{"rendered":"Tack f\u00f6r kandidatpresentation"},"content":{"rendered":"<p>Vi har mottagit din kandidatpresentation som kommer att publiceras s\u00e5 snart en redakt\u00f6r godk\u00e4nt den. Tack s\u00e5 mycket!<\/p>\n<p>&nbsp;<\/p>\n","protected":false},"excerpt":{"rendered":"<p>Vi har mottagit din kandidatpresentation som kommer att publiceras s\u00e5 snart en redakt\u00f6r godk\u00e4nt den. Tack s\u00e5 mycket! &nbsp;<\/p>\n","protected":false},"author":1,"featured_media":0,"parent":0,"menu_order":4,"comment_status":"closed","ping_status":"closed","template":"page-templates\/page-sidebar-left-formthanks.php","meta":{"_acf_changed":false,"footnotes":""},"class_list":["post-90","page","type-page","status-publish","hentry"],"acf":[],"yoast_head":"<!-- This site is optimized with the Yoast SEO plugin v24.9 - https:\/\/yoast.com\/wordpress\/plugins\/seo\/ -->\n<title>Tack f\u00f6r kandidatpresentation - Eker\u00f6<\/title>\n<meta name=\"robots\" content=\"index, follow, max-snippet:-1, max-image-preview:large, max-video-preview:-1\" \/>\n<link rel=\"canonical\" href=\"https:\/\/www.posk.se\/ekero\/formular-tack\/\" \/>\n<meta property=\"og:locale\" content=\"sv_SE\" \/>\n<meta property=\"og:type\" content=\"article\" \/>\n<meta property=\"og:title\" content=\"Tack f\u00f6r kandidatpresentation - Eker\u00f6\" \/>\n<meta property=\"og:description\" content=\"Vi har mottagit din kandidatpresentation som kommer att publiceras s\u00e5 snart en redakt\u00f6r godk\u00e4nt den. Tack s\u00e5 mycket! &nbsp;\" \/>\n<meta property=\"og:url\" content=\"https:\/\/www.posk.se\/ekero\/formular-tack\/\" \/>\n<meta property=\"og:site_name\" content=\"Eker\u00f6\" \/>\n<meta property=\"article:modified_time\" content=\"2021-04-05T00:27:00+00:00\" \/>\n<meta name=\"twitter:card\" content=\"summary_large_image\" \/>\n<script type=\"application\/ld+json\" class=\"yoast-schema-graph\">{\"@context\":\"https:\/\/schema.org\",\"@graph\":[{\"@type\":\"WebPage\",\"@id\":\"https:\/\/www.posk.se\/ekero\/formular-tack\/\",\"url\":\"https:\/\/www.posk.se\/ekero\/formular-tack\/\",\"name\":\"Tack f\u00f6r kandidatpresentation - Eker\u00f6\",\"isPartOf\":{\"@id\":\"https:\/\/www.posk.se\/ekero\/#website\"},\"datePublished\":\"2017-07-27T21:21:57+00:00\",\"dateModified\":\"2021-04-05T00:27:00+00:00\",\"breadcrumb\":{\"@id\":\"https:\/\/www.posk.se\/ekero\/formular-tack\/#breadcrumb\"},\"inLanguage\":\"sv-SE\",\"potentialAction\":[{\"@type\":\"ReadAction\",\"target\":[\"https:\/\/www.posk.se\/ekero\/formular-tack\/\"]}]},{\"@type\":\"BreadcrumbList\",\"@id\":\"https:\/\/www.posk.se\/ekero\/formular-tack\/#breadcrumb\",\"itemListElement\":[{\"@type\":\"ListItem\",\"position\":1,\"name\":\"Hem\",\"item\":\"https:\/\/www.posk.se\/ekero\/\"},{\"@type\":\"ListItem\",\"position\":2,\"name\":\"Tack f\u00f6r kandidatpresentation\"}]},{\"@type\":\"WebSite\",\"@id\":\"https:\/\/www.posk.se\/ekero\/#website\",\"url\":\"https:\/\/www.posk.se\/ekero\/\",\"name\":\"Eker\u00f6\",\"description\":\"POSK-grupp i Stockholms stift\",\"potentialAction\":[{\"@type\":\"SearchAction\",\"target\":{\"@type\":\"EntryPoint\",\"urlTemplate\":\"https:\/\/www.posk.se\/ekero\/?s={search_term_string}\"},\"query-input\":{\"@type\":\"PropertyValueSpecification\",\"valueRequired\":true,\"valueName\":\"search_term_string\"}}],\"inLanguage\":\"sv-SE\"}]}<\/script>\n<!-- \/ Yoast SEO plugin. -->","yoast_head_json":{"title":"Tack f\u00f6r kandidatpresentation - Eker\u00f6","robots":{"index":"index","follow":"follow","max-snippet":"max-snippet:-1","max-image-preview":"max-image-preview:large","max-video-preview":"max-video-preview:-1"},"canonical":"https:\/\/www.posk.se\/ekero\/formular-tack\/","og_locale":"sv_SE","og_type":"article","og_title":"Tack f\u00f6r kandidatpresentation - Eker\u00f6","og_description":"Vi har mottagit din kandidatpresentation som kommer att publiceras s\u00e5 snart en redakt\u00f6r godk\u00e4nt den. Tack s\u00e5 mycket! &nbsp;","og_url":"https:\/\/www.posk.se\/ekero\/formular-tack\/","og_site_name":"Eker\u00f6","article_modified_time":"2021-04-05T00:27:00+00:00","twitter_card":"summary_large_image","schema":{"@context":"https:\/\/schema.org","@graph":[{"@type":"WebPage","@id":"https:\/\/www.posk.se\/ekero\/formular-tack\/","url":"https:\/\/www.posk.se\/ekero\/formular-tack\/","name":"Tack f\u00f6r kandidatpresentation - Eker\u00f6","isPartOf":{"@id":"https:\/\/www.posk.se\/ekero\/#website"},"datePublished":"2017-07-27T21:21:57+00:00","dateModified":"2021-04-05T00:27:00+00:00","breadcrumb":{"@id":"https:\/\/www.posk.se\/ekero\/formular-tack\/#breadcrumb"},"inLanguage":"sv-SE","potentialAction":[{"@type":"ReadAction","target":["https:\/\/www.posk.se\/ekero\/formular-tack\/"]}]},{"@type":"BreadcrumbList","@id":"https:\/\/www.posk.se\/ekero\/formular-tack\/#breadcrumb","itemListElement":[{"@type":"ListItem","position":1,"name":"Hem","item":"https:\/\/www.posk.se\/ekero\/"},{"@type":"ListItem","position":2,"name":"Tack f\u00f6r kandidatpresentation"}]},{"@type":"WebSite","@id":"https:\/\/www.posk.se\/ekero\/#website","url":"https:\/\/www.posk.se\/ekero\/","name":"Eker\u00f6","description":"POSK-grupp i Stockholms stift","potentialAction":[{"@type":"SearchAction","target":{"@type":"EntryPoint","urlTemplate":"https:\/\/www.posk.se\/ekero\/?s={search_term_string}"},"query-input":{"@type":"PropertyValueSpecification","valueRequired":true,"valueName":"search_term_string"}}],"inLanguage":"sv-SE"}]}},"_links":{"self":[{"href":"https:\/\/www.posk.se\/ekero\/wp-json\/wp\/v2\/pages\/90","targetHints":{"allow":["GET"]}}],"collection":[{"href":"https:\/\/www.posk.se\/ekero\/wp-json\/wp\/v2\/pages"}],"about":[{"href":"https:\/\/www.posk.se\/ekero\/wp-json\/wp\/v2\/types\/page"}],"author":[{"embeddable":true,"href":"https:\/\/www.posk.se\/ekero\/wp-json\/wp\/v2\/users\/1"}],"replies":[{"embeddable":true,"href":"https:\/\/www.posk.se\/ekero\/wp-json\/wp\/v2\/comments?post=90"}],"version-history":[{"count":1,"href":"https:\/\/www.posk.se\/ekero\/wp-json\/wp\/v2\/pages\/90\/revisions"}],"predecessor-version":[{"id":91,"href":"https:\/\/www.posk.se\/ekero\/wp-json\/wp\/v2\/pages\/90\/revisions\/91"}],"wp:attachment":[{"href":"https:\/\/www.posk.se\/ekero\/wp-json\/wp\/v2\/media?parent=90"}],"curies":[{"name":"wp","href":"https:\/\/api.w.org\/{rel}","templated":true}]}}