{"id":75,"date":"2025-08-27T15:21:21","date_gmt":"2025-08-27T13:21:21","guid":{"rendered":"https:\/\/www.posk.se\/danmark-funbo\/?page_id=75"},"modified":"2026-01-21T14:08:30","modified_gmt":"2026-01-21T13:08:30","slug":"vara-kandidater-till-fullmaktige-i-danmark-funbo-forsamling","status":"publish","type":"page","link":"https:\/\/www.posk.se\/danmark-funbo\/vara-kandidater-till-fullmaktige-i-danmark-funbo-forsamling\/","title":{"rendered":"V\u00e5ra ledam\u00f6ter i Fullm\u00e4ktige i Danmark-Funbo f\u00f6rsamling"},"content":{"rendered":"<p>Det \u00e4r vi som arbetar f\u00f6r POSK i Fullm\u00e4ktige<\/p>\n<p>1. Ken Forsberg, N\u00e5ntuna<br \/>\n2. Lisa Sj\u00f6strand, N\u00e5ntuna<br \/>\n3. Anna Frost, S\u00e4vja<br \/>\n4. Leif Sandberg, Bergsbrunna<br \/>\n5. Agneta Hellman, \u00c5kerby<br \/>\n6. Frida Pettersson Olsson, S\u00e4vja<br \/>\n7. Mikael Meisingseth, N\u00e5ntuna<br \/>\n8. Monica Pettersson Forsberg, N\u00e5ntuna<br \/>\n9. Inger Tj\u00e4der , Marielund<br \/>\n10. LarsOlov Eriksson, Vilan<br \/>\n11. Ulrika Wikman, Bergsbrunna<br \/>\n12. Lars Strandell, S\u00e4vja<br \/>\n13. Erik Sj\u00f6strand, N\u00e5ntuna<br \/>\n14. Hans Johansson, Bergsbrunna<br \/>\n15. Magdalena Fahlgren, Gunsta<br \/>\n16. Anders Dillmar, S\u00e4vja<\/p>\n","protected":false},"excerpt":{"rendered":"<p>Det \u00e4r vi som arbetar f\u00f6r POSK i Fullm\u00e4ktige 1. Ken Forsberg, N\u00e5ntuna 2. Lisa Sj\u00f6strand, N\u00e5ntuna 3. Anna Frost, S\u00e4vja 4. Leif Sandberg, Bergsbrunna 5. Agneta Hellman, \u00c5kerby 6. Frida Pettersson Olsson, S\u00e4vja 7. Mikael Meisingseth, N\u00e5ntuna 8. Monica Pettersson Forsberg, N\u00e5ntuna 9. Inger Tj\u00e4der , Marielund 10. LarsOlov Eriksson, Vilan 11. Ulrika Wikman, [&hellip;]<\/p>\n","protected":false},"author":1987,"featured_media":0,"parent":0,"menu_order":0,"comment_status":"closed","ping_status":"closed","template":"page-templates\/page-sidebar-left.php","meta":{"_acf_changed":false,"footnotes":""},"class_list":["post-75","page","type-page","status-publish","hentry"],"acf":[],"yoast_head":"<!-- This site is optimized with the Yoast SEO plugin v24.9 - https:\/\/yoast.com\/wordpress\/plugins\/seo\/ -->\n<title>V\u00e5ra ledam\u00f6ter i Fullm\u00e4ktige i Danmark-Funbo f\u00f6rsamling - Danmark-Funbo<\/title>\n<meta name=\"robots\" content=\"index, follow, max-snippet:-1, max-image-preview:large, max-video-preview:-1\" \/>\n<link rel=\"canonical\" href=\"https:\/\/www.posk.se\/danmark-funbo\/vara-kandidater-till-fullmaktige-i-danmark-funbo-forsamling\/\" \/>\n<meta property=\"og:locale\" content=\"sv_SE\" \/>\n<meta property=\"og:type\" content=\"article\" \/>\n<meta property=\"og:title\" content=\"V\u00e5ra ledam\u00f6ter i Fullm\u00e4ktige i Danmark-Funbo f\u00f6rsamling - Danmark-Funbo\" \/>\n<meta property=\"og:description\" content=\"Det \u00e4r vi som arbetar f\u00f6r POSK i Fullm\u00e4ktige 1. Ken Forsberg, N\u00e5ntuna 2. Lisa Sj\u00f6strand, N\u00e5ntuna 3. Anna Frost, S\u00e4vja 4. Leif Sandberg, Bergsbrunna 5. Agneta Hellman, \u00c5kerby 6. Frida Pettersson Olsson, S\u00e4vja 7. Mikael Meisingseth, N\u00e5ntuna 8. Monica Pettersson Forsberg, N\u00e5ntuna 9. Inger Tj\u00e4der , Marielund 10. LarsOlov Eriksson, Vilan 11. Ulrika Wikman, [&hellip;]\" \/>\n<meta property=\"og:url\" content=\"https:\/\/www.posk.se\/danmark-funbo\/vara-kandidater-till-fullmaktige-i-danmark-funbo-forsamling\/\" \/>\n<meta property=\"og:site_name\" content=\"Danmark-Funbo\" \/>\n<meta property=\"article:modified_time\" content=\"2026-01-21T13:08:30+00:00\" \/>\n<meta name=\"twitter:card\" content=\"summary_large_image\" \/>\n<meta name=\"twitter:label1\" content=\"Ber\u00e4knad l\u00e4stid\" \/>\n\t<meta name=\"twitter:data1\" content=\"1 minut\" \/>\n<script type=\"application\/ld+json\" class=\"yoast-schema-graph\">{\"@context\":\"https:\/\/schema.org\",\"@graph\":[{\"@type\":\"WebPage\",\"@id\":\"https:\/\/www.posk.se\/danmark-funbo\/vara-kandidater-till-fullmaktige-i-danmark-funbo-forsamling\/\",\"url\":\"https:\/\/www.posk.se\/danmark-funbo\/vara-kandidater-till-fullmaktige-i-danmark-funbo-forsamling\/\",\"name\":\"V\u00e5ra ledam\u00f6ter i Fullm\u00e4ktige i Danmark-Funbo f\u00f6rsamling - Danmark-Funbo\",\"isPartOf\":{\"@id\":\"https:\/\/www.posk.se\/danmark-funbo\/#website\"},\"datePublished\":\"2025-08-27T13:21:21+00:00\",\"dateModified\":\"2026-01-21T13:08:30+00:00\",\"breadcrumb\":{\"@id\":\"https:\/\/www.posk.se\/danmark-funbo\/vara-kandidater-till-fullmaktige-i-danmark-funbo-forsamling\/#breadcrumb\"},\"inLanguage\":\"sv-SE\",\"potentialAction\":[{\"@type\":\"ReadAction\",\"target\":[\"https:\/\/www.posk.se\/danmark-funbo\/vara-kandidater-till-fullmaktige-i-danmark-funbo-forsamling\/\"]}]},{\"@type\":\"BreadcrumbList\",\"@id\":\"https:\/\/www.posk.se\/danmark-funbo\/vara-kandidater-till-fullmaktige-i-danmark-funbo-forsamling\/#breadcrumb\",\"itemListElement\":[{\"@type\":\"ListItem\",\"position\":1,\"name\":\"Hem\",\"item\":\"https:\/\/www.posk.se\/danmark-funbo\/\"},{\"@type\":\"ListItem\",\"position\":2,\"name\":\"V\u00e5ra ledam\u00f6ter i Fullm\u00e4ktige i Danmark-Funbo f\u00f6rsamling\"}]},{\"@type\":\"WebSite\",\"@id\":\"https:\/\/www.posk.se\/danmark-funbo\/#website\",\"url\":\"https:\/\/www.posk.se\/danmark-funbo\/\",\"name\":\"Danmark-Funbo\",\"description\":\"POSK-grupp i Uppsala stift\",\"potentialAction\":[{\"@type\":\"SearchAction\",\"target\":{\"@type\":\"EntryPoint\",\"urlTemplate\":\"https:\/\/www.posk.se\/danmark-funbo\/?s={search_term_string}\"},\"query-input\":{\"@type\":\"PropertyValueSpecification\",\"valueRequired\":true,\"valueName\":\"search_term_string\"}}],\"inLanguage\":\"sv-SE\"}]}<\/script>\n<!-- \/ Yoast SEO plugin. -->","yoast_head_json":{"title":"V\u00e5ra ledam\u00f6ter i Fullm\u00e4ktige i Danmark-Funbo f\u00f6rsamling - Danmark-Funbo","robots":{"index":"index","follow":"follow","max-snippet":"max-snippet:-1","max-image-preview":"max-image-preview:large","max-video-preview":"max-video-preview:-1"},"canonical":"https:\/\/www.posk.se\/danmark-funbo\/vara-kandidater-till-fullmaktige-i-danmark-funbo-forsamling\/","og_locale":"sv_SE","og_type":"article","og_title":"V\u00e5ra ledam\u00f6ter i Fullm\u00e4ktige i Danmark-Funbo f\u00f6rsamling - Danmark-Funbo","og_description":"Det \u00e4r vi som arbetar f\u00f6r POSK i Fullm\u00e4ktige 1. Ken Forsberg, N\u00e5ntuna 2. Lisa Sj\u00f6strand, N\u00e5ntuna 3. Anna Frost, S\u00e4vja 4. Leif Sandberg, Bergsbrunna 5. Agneta Hellman, \u00c5kerby 6. Frida Pettersson Olsson, S\u00e4vja 7. Mikael Meisingseth, N\u00e5ntuna 8. Monica Pettersson Forsberg, N\u00e5ntuna 9. Inger Tj\u00e4der , Marielund 10. LarsOlov Eriksson, Vilan 11. Ulrika Wikman, [&hellip;]","og_url":"https:\/\/www.posk.se\/danmark-funbo\/vara-kandidater-till-fullmaktige-i-danmark-funbo-forsamling\/","og_site_name":"Danmark-Funbo","article_modified_time":"2026-01-21T13:08:30+00:00","twitter_card":"summary_large_image","twitter_misc":{"Ber\u00e4knad l\u00e4stid":"1 minut"},"schema":{"@context":"https:\/\/schema.org","@graph":[{"@type":"WebPage","@id":"https:\/\/www.posk.se\/danmark-funbo\/vara-kandidater-till-fullmaktige-i-danmark-funbo-forsamling\/","url":"https:\/\/www.posk.se\/danmark-funbo\/vara-kandidater-till-fullmaktige-i-danmark-funbo-forsamling\/","name":"V\u00e5ra ledam\u00f6ter i Fullm\u00e4ktige i Danmark-Funbo f\u00f6rsamling - Danmark-Funbo","isPartOf":{"@id":"https:\/\/www.posk.se\/danmark-funbo\/#website"},"datePublished":"2025-08-27T13:21:21+00:00","dateModified":"2026-01-21T13:08:30+00:00","breadcrumb":{"@id":"https:\/\/www.posk.se\/danmark-funbo\/vara-kandidater-till-fullmaktige-i-danmark-funbo-forsamling\/#breadcrumb"},"inLanguage":"sv-SE","potentialAction":[{"@type":"ReadAction","target":["https:\/\/www.posk.se\/danmark-funbo\/vara-kandidater-till-fullmaktige-i-danmark-funbo-forsamling\/"]}]},{"@type":"BreadcrumbList","@id":"https:\/\/www.posk.se\/danmark-funbo\/vara-kandidater-till-fullmaktige-i-danmark-funbo-forsamling\/#breadcrumb","itemListElement":[{"@type":"ListItem","position":1,"name":"Hem","item":"https:\/\/www.posk.se\/danmark-funbo\/"},{"@type":"ListItem","position":2,"name":"V\u00e5ra ledam\u00f6ter i Fullm\u00e4ktige i Danmark-Funbo f\u00f6rsamling"}]},{"@type":"WebSite","@id":"https:\/\/www.posk.se\/danmark-funbo\/#website","url":"https:\/\/www.posk.se\/danmark-funbo\/","name":"Danmark-Funbo","description":"POSK-grupp i Uppsala stift","potentialAction":[{"@type":"SearchAction","target":{"@type":"EntryPoint","urlTemplate":"https:\/\/www.posk.se\/danmark-funbo\/?s={search_term_string}"},"query-input":{"@type":"PropertyValueSpecification","valueRequired":true,"valueName":"search_term_string"}}],"inLanguage":"sv-SE"}]}},"_links":{"self":[{"href":"https:\/\/www.posk.se\/danmark-funbo\/wp-json\/wp\/v2\/pages\/75","targetHints":{"allow":["GET"]}}],"collection":[{"href":"https:\/\/www.posk.se\/danmark-funbo\/wp-json\/wp\/v2\/pages"}],"about":[{"href":"https:\/\/www.posk.se\/danmark-funbo\/wp-json\/wp\/v2\/types\/page"}],"author":[{"embeddable":true,"href":"https:\/\/www.posk.se\/danmark-funbo\/wp-json\/wp\/v2\/users\/1987"}],"replies":[{"embeddable":true,"href":"https:\/\/www.posk.se\/danmark-funbo\/wp-json\/wp\/v2\/comments?post=75"}],"version-history":[{"count":6,"href":"https:\/\/www.posk.se\/danmark-funbo\/wp-json\/wp\/v2\/pages\/75\/revisions"}],"predecessor-version":[{"id":85,"href":"https:\/\/www.posk.se\/danmark-funbo\/wp-json\/wp\/v2\/pages\/75\/revisions\/85"}],"wp:attachment":[{"href":"https:\/\/www.posk.se\/danmark-funbo\/wp-json\/wp\/v2\/media?parent=75"}],"curies":[{"name":"wp","href":"https:\/\/api.w.org\/{rel}","templated":true}]}}