{"id":20,"date":"2016-07-20T12:08:41","date_gmt":"2016-07-20T10:08:41","guid":{"rendered":"https:\/\/www.posk.se\/brunnby\/?page_id=20"},"modified":"2025-09-09T14:12:05","modified_gmt":"2025-09-09T12:12:05","slug":"startsidan-2","status":"publish","type":"page","link":"https:\/\/www.posk.se\/brunnby\/","title":{"rendered":"Brunnby"},"content":{"rendered":"<div><b>&#8221;Nu \u00e4r det kyrkoval s\u00f6ndag 21 sept 2025!<\/b><\/div>\n<div>Det \u00e4r viktigt att du r\u00f6star!<\/div>\n<div>Levande kyrka i Brunnby f\u00f6rsamling har en l\u00e5ng tradition att v\u00e4rna om Brunnby f\u00f6rsamling.<\/div>\n<div>Och vi vill fortsatt arbeta f\u00f6r Brunnby f\u00f6rsamling!<\/div>\n<div>L\u00e4s v\u00e5rt valprogram som finns h\u00e4r bifogat.<\/div>\n<div>Valprogrammet har ocks\u00e5 delats ut till alla som bor i Brunnby f\u00f6rsamling.<\/div>\n<div>Du \u00e4r v\u00e4lkommen att g\u00e5 och r\u00f6sta! Alla tider f\u00f6r f\u00f6rtidsr\u00f6stning p\u00e5 pastorsexpeditionen och r\u00f6stning p\u00e5 valdagen i vallokalen i f\u00f6rsamlingshemmet st\u00e5r p\u00e5 ditt r\u00f6stkort!<\/div>\n<div>Du \u00e4r ocks\u00e5 varmt v\u00e4lkommen att arbeta med oss i Levande kyrka efter valet.<\/div>\n<div>Kontakta n\u00e5gon av v\u00e5ra kandidater till kyrkofullm\u00e4ktige!&#8221;<\/div>\n<p>Kontaktperson:<br \/>\n<strong>Sten Tyrberg<\/strong>, <em>ordf\u00f6rande<\/em><br \/>\n0702-086775<br \/>\n<a href=\"mailto:brunnby@posk.se\">brunnby@posk.se<\/a><\/p>\n<p>Se valfoldern h\u00e4r <a href=\"https:\/\/www.posk.se\/brunnby\/wp-content\/uploads\/sites\/104\/2025\/09\/kyrkovalfolder-i-ppt-24-juni-nr2-1-slutgiltig-1.pdf\" target=\"_blank\" rel=\"noopener\">posk.se\/\u2026\/kyrkovalfolder-i-ppt-24-juni-nr2-1-slutgiltig-1.pdf<\/a><\/p>\n","protected":false},"excerpt":{"rendered":"<p>&#8221;Nu \u00e4r det kyrkoval s\u00f6ndag 21 sept 2025! Det \u00e4r viktigt att du r\u00f6star! Levande kyrka i Brunnby f\u00f6rsamling har en l\u00e5ng tradition att v\u00e4rna om Brunnby f\u00f6rsamling. Och vi vill fortsatt arbeta f\u00f6r Brunnby f\u00f6rsamling! L\u00e4s v\u00e5rt valprogram som finns h\u00e4r bifogat. Valprogrammet har ocks\u00e5 delats ut till alla som bor i Brunnby f\u00f6rsamling. [&hellip;]<\/p>\n","protected":false},"author":1,"featured_media":43,"parent":0,"menu_order":0,"comment_status":"closed","ping_status":"closed","template":"page-templates\/page-sidebar-left.php","meta":{"_acf_changed":false,"footnotes":""},"class_list":["post-20","page","type-page","status-publish","has-post-thumbnail","hentry"],"acf":[],"yoast_head":"<!-- This site is optimized with the Yoast SEO plugin v24.9 - https:\/\/yoast.com\/wordpress\/plugins\/seo\/ -->\n<title>Brunnby - Brunnby<\/title>\n<meta name=\"robots\" content=\"index, follow, max-snippet:-1, max-image-preview:large, max-video-preview:-1\" \/>\n<link rel=\"canonical\" href=\"https:\/\/www.posk.se\/brunnby\/\" \/>\n<meta property=\"og:locale\" content=\"sv_SE\" \/>\n<meta property=\"og:type\" content=\"article\" \/>\n<meta property=\"og:title\" content=\"Brunnby - Brunnby\" \/>\n<meta property=\"og:description\" content=\"&#8221;Nu \u00e4r det kyrkoval s\u00f6ndag 21 sept 2025! Det \u00e4r viktigt att du r\u00f6star! Levande kyrka i Brunnby f\u00f6rsamling har en l\u00e5ng tradition att v\u00e4rna om Brunnby f\u00f6rsamling. Och vi vill fortsatt arbeta f\u00f6r Brunnby f\u00f6rsamling! L\u00e4s v\u00e5rt valprogram som finns h\u00e4r bifogat. Valprogrammet har ocks\u00e5 delats ut till alla som bor i Brunnby f\u00f6rsamling. [&hellip;]\" \/>\n<meta property=\"og:url\" content=\"https:\/\/www.posk.se\/brunnby\/\" \/>\n<meta property=\"og:site_name\" content=\"Brunnby\" \/>\n<meta property=\"article:modified_time\" content=\"2025-09-09T12:12:05+00:00\" \/>\n<meta property=\"og:image\" content=\"https:\/\/www.posk.se\/brunnby\/wp-content\/uploads\/sites\/104\/2024\/01\/img-4560-scaled-e1704917908653.jpeg\" \/>\n\t<meta property=\"og:image:width\" content=\"1920\" \/>\n\t<meta property=\"og:image:height\" content=\"1211\" \/>\n\t<meta property=\"og:image:type\" content=\"image\/jpeg\" \/>\n<meta name=\"twitter:card\" content=\"summary_large_image\" \/>\n<meta name=\"twitter:label1\" content=\"Ber\u00e4knad l\u00e4stid\" \/>\n\t<meta name=\"twitter:data1\" content=\"1 minut\" \/>\n<script type=\"application\/ld+json\" class=\"yoast-schema-graph\">{\"@context\":\"https:\/\/schema.org\",\"@graph\":[{\"@type\":\"WebPage\",\"@id\":\"https:\/\/www.posk.se\/brunnby\/\",\"url\":\"https:\/\/www.posk.se\/brunnby\/\",\"name\":\"Brunnby - Brunnby\",\"isPartOf\":{\"@id\":\"https:\/\/www.posk.se\/brunnby\/#website\"},\"primaryImageOfPage\":{\"@id\":\"https:\/\/www.posk.se\/brunnby\/#primaryimage\"},\"image\":{\"@id\":\"https:\/\/www.posk.se\/brunnby\/#primaryimage\"},\"thumbnailUrl\":\"https:\/\/www.posk.se\/brunnby\/wp-content\/uploads\/sites\/104\/2024\/01\/img-4560-scaled-e1704917908653.jpeg\",\"datePublished\":\"2016-07-20T10:08:41+00:00\",\"dateModified\":\"2025-09-09T12:12:05+00:00\",\"breadcrumb\":{\"@id\":\"https:\/\/www.posk.se\/brunnby\/#breadcrumb\"},\"inLanguage\":\"sv-SE\",\"potentialAction\":[{\"@type\":\"ReadAction\",\"target\":[\"https:\/\/www.posk.se\/brunnby\/\"]}]},{\"@type\":\"ImageObject\",\"inLanguage\":\"sv-SE\",\"@id\":\"https:\/\/www.posk.se\/brunnby\/#primaryimage\",\"url\":\"https:\/\/www.posk.se\/brunnby\/wp-content\/uploads\/sites\/104\/2024\/01\/img-4560-scaled-e1704917908653.jpeg\",\"contentUrl\":\"https:\/\/www.posk.se\/brunnby\/wp-content\/uploads\/sites\/104\/2024\/01\/img-4560-scaled-e1704917908653.jpeg\",\"width\":1920,\"height\":1211},{\"@type\":\"BreadcrumbList\",\"@id\":\"https:\/\/www.posk.se\/brunnby\/#breadcrumb\",\"itemListElement\":[{\"@type\":\"ListItem\",\"position\":1,\"name\":\"Hem\",\"item\":\"https:\/\/www.posk.se\/brunnby\/\"},{\"@type\":\"ListItem\",\"position\":2,\"name\":\"Brunnby\"}]},{\"@type\":\"WebSite\",\"@id\":\"https:\/\/www.posk.se\/brunnby\/#website\",\"url\":\"https:\/\/www.posk.se\/brunnby\/\",\"name\":\"Brunnby\",\"description\":\"POSK-grupp i Lunds stift\",\"potentialAction\":[{\"@type\":\"SearchAction\",\"target\":{\"@type\":\"EntryPoint\",\"urlTemplate\":\"https:\/\/www.posk.se\/brunnby\/?s={search_term_string}\"},\"query-input\":{\"@type\":\"PropertyValueSpecification\",\"valueRequired\":true,\"valueName\":\"search_term_string\"}}],\"inLanguage\":\"sv-SE\"}]}<\/script>\n<!-- \/ Yoast SEO plugin. -->","yoast_head_json":{"title":"Brunnby - Brunnby","robots":{"index":"index","follow":"follow","max-snippet":"max-snippet:-1","max-image-preview":"max-image-preview:large","max-video-preview":"max-video-preview:-1"},"canonical":"https:\/\/www.posk.se\/brunnby\/","og_locale":"sv_SE","og_type":"article","og_title":"Brunnby - Brunnby","og_description":"&#8221;Nu \u00e4r det kyrkoval s\u00f6ndag 21 sept 2025! Det \u00e4r viktigt att du r\u00f6star! Levande kyrka i Brunnby f\u00f6rsamling har en l\u00e5ng tradition att v\u00e4rna om Brunnby f\u00f6rsamling. Och vi vill fortsatt arbeta f\u00f6r Brunnby f\u00f6rsamling! L\u00e4s v\u00e5rt valprogram som finns h\u00e4r bifogat. Valprogrammet har ocks\u00e5 delats ut till alla som bor i Brunnby f\u00f6rsamling. [&hellip;]","og_url":"https:\/\/www.posk.se\/brunnby\/","og_site_name":"Brunnby","article_modified_time":"2025-09-09T12:12:05+00:00","og_image":[{"width":1920,"height":1211,"url":"https:\/\/www.posk.se\/brunnby\/wp-content\/uploads\/sites\/104\/2024\/01\/img-4560-scaled-e1704917908653.jpeg","type":"image\/jpeg"}],"twitter_card":"summary_large_image","twitter_misc":{"Ber\u00e4knad l\u00e4stid":"1 minut"},"schema":{"@context":"https:\/\/schema.org","@graph":[{"@type":"WebPage","@id":"https:\/\/www.posk.se\/brunnby\/","url":"https:\/\/www.posk.se\/brunnby\/","name":"Brunnby - Brunnby","isPartOf":{"@id":"https:\/\/www.posk.se\/brunnby\/#website"},"primaryImageOfPage":{"@id":"https:\/\/www.posk.se\/brunnby\/#primaryimage"},"image":{"@id":"https:\/\/www.posk.se\/brunnby\/#primaryimage"},"thumbnailUrl":"https:\/\/www.posk.se\/brunnby\/wp-content\/uploads\/sites\/104\/2024\/01\/img-4560-scaled-e1704917908653.jpeg","datePublished":"2016-07-20T10:08:41+00:00","dateModified":"2025-09-09T12:12:05+00:00","breadcrumb":{"@id":"https:\/\/www.posk.se\/brunnby\/#breadcrumb"},"inLanguage":"sv-SE","potentialAction":[{"@type":"ReadAction","target":["https:\/\/www.posk.se\/brunnby\/"]}]},{"@type":"ImageObject","inLanguage":"sv-SE","@id":"https:\/\/www.posk.se\/brunnby\/#primaryimage","url":"https:\/\/www.posk.se\/brunnby\/wp-content\/uploads\/sites\/104\/2024\/01\/img-4560-scaled-e1704917908653.jpeg","contentUrl":"https:\/\/www.posk.se\/brunnby\/wp-content\/uploads\/sites\/104\/2024\/01\/img-4560-scaled-e1704917908653.jpeg","width":1920,"height":1211},{"@type":"BreadcrumbList","@id":"https:\/\/www.posk.se\/brunnby\/#breadcrumb","itemListElement":[{"@type":"ListItem","position":1,"name":"Hem","item":"https:\/\/www.posk.se\/brunnby\/"},{"@type":"ListItem","position":2,"name":"Brunnby"}]},{"@type":"WebSite","@id":"https:\/\/www.posk.se\/brunnby\/#website","url":"https:\/\/www.posk.se\/brunnby\/","name":"Brunnby","description":"POSK-grupp i Lunds stift","potentialAction":[{"@type":"SearchAction","target":{"@type":"EntryPoint","urlTemplate":"https:\/\/www.posk.se\/brunnby\/?s={search_term_string}"},"query-input":{"@type":"PropertyValueSpecification","valueRequired":true,"valueName":"search_term_string"}}],"inLanguage":"sv-SE"}]}},"_links":{"self":[{"href":"https:\/\/www.posk.se\/brunnby\/wp-json\/wp\/v2\/pages\/20","targetHints":{"allow":["GET"]}}],"collection":[{"href":"https:\/\/www.posk.se\/brunnby\/wp-json\/wp\/v2\/pages"}],"about":[{"href":"https:\/\/www.posk.se\/brunnby\/wp-json\/wp\/v2\/types\/page"}],"author":[{"embeddable":true,"href":"https:\/\/www.posk.se\/brunnby\/wp-json\/wp\/v2\/users\/1"}],"replies":[{"embeddable":true,"href":"https:\/\/www.posk.se\/brunnby\/wp-json\/wp\/v2\/comments?post=20"}],"version-history":[{"count":25,"href":"https:\/\/www.posk.se\/brunnby\/wp-json\/wp\/v2\/pages\/20\/revisions"}],"predecessor-version":[{"id":60,"href":"https:\/\/www.posk.se\/brunnby\/wp-json\/wp\/v2\/pages\/20\/revisions\/60"}],"wp:featuredmedia":[{"embeddable":true,"href":"https:\/\/www.posk.se\/brunnby\/wp-json\/wp\/v2\/media\/43"}],"wp:attachment":[{"href":"https:\/\/www.posk.se\/brunnby\/wp-json\/wp\/v2\/media?parent=20"}],"curies":[{"name":"wp","href":"https:\/\/api.w.org\/{rel}","templated":true}]}}