{"id":5,"date":"2020-10-26T15:38:17","date_gmt":"2020-10-26T14:38:17","guid":{"rendered":"https:\/\/www.posk.se\/bromma\/?page_id=5"},"modified":"2025-08-29T23:23:46","modified_gmt":"2025-08-29T21:23:46","slug":"startsidan","status":"publish","type":"page","link":"https:\/\/www.posk.se\/bromma\/","title":{"rendered":"Startsidan"},"content":{"rendered":"<h3><img loading=\"lazy\" decoding=\"async\" class=\"alignnone size-full wp-image-335\" src=\"https:\/\/www.posk.se\/bromma\/wp-content\/uploads\/sites\/257\/2025\/08\/img-37221.jpg\" alt=\"\" width=\"240\" height=\"213\" \/><\/h3>\n<h3>V\u00e4lkommen till POSK Brommas hemsida!<\/h3>\n<p>Vi, som st\u00e4ller upp i kyrkovalet i Bromma, har tillsammans uttryckt vad vi vill arbeta f\u00f6r: <a href=\"http:\/\/www.posk.se\/bromma\/kyrkoval\">www.posk.se\/bromma\/kyrkoval<\/a><\/p>\n<p>Du kan ocks\u00e5 se vad var och en av oss tycker \u00e4r speciellt viktigt: <a href=\"http:\/\/www.posk.se\/bromma\/kandidatpresentationer\">www.posk.se\/bromma\/kandidatpresentationer<\/a><\/p>\n<div><\/div>\n<div><\/div>\n<div>Kontaktperson Ingrid Arvidson<\/div>\n<div><a href=\"mailto:Ingridarvidson2315@gmail.com\" target=\"_blank\" rel=\"noopener\">Ingridarvidson2315@gmail.com<\/a><\/div>\n<div>Tel.070-6200219<\/div>\n<p>&nbsp;<\/p>\n","protected":false},"excerpt":{"rendered":"<p>V\u00e4lkommen till POSK Brommas hemsida! Vi, som st\u00e4ller upp i kyrkovalet i Bromma, har tillsammans uttryckt vad vi vill arbeta f\u00f6r: www.posk.se\/bromma\/kyrkoval Du kan ocks\u00e5 se vad var och en av oss tycker \u00e4r speciellt viktigt: www.posk.se\/bromma\/kandidatpresentationer Kontaktperson Ingrid Arvidson Ingridarvidson2315@gmail.com Tel.070-6200219 &nbsp;<\/p>\n","protected":false},"author":91,"featured_media":173,"parent":0,"menu_order":1,"comment_status":"closed","ping_status":"closed","template":"page-templates\/page-sidebar-left.php","meta":{"_acf_changed":false,"footnotes":""},"class_list":["post-5","page","type-page","status-publish","has-post-thumbnail","hentry"],"acf":[],"yoast_head":"<!-- This site is optimized with the Yoast SEO plugin v24.9 - https:\/\/yoast.com\/wordpress\/plugins\/seo\/ -->\n<title>Startsidan - Bromma<\/title>\n<meta name=\"robots\" content=\"index, follow, max-snippet:-1, max-image-preview:large, max-video-preview:-1\" \/>\n<link rel=\"canonical\" href=\"https:\/\/www.posk.se\/bromma\/\" \/>\n<meta property=\"og:locale\" content=\"sv_SE\" \/>\n<meta property=\"og:type\" content=\"article\" \/>\n<meta property=\"og:title\" content=\"Startsidan - Bromma\" \/>\n<meta property=\"og:description\" content=\"V\u00e4lkommen till POSK Brommas hemsida! Vi, som st\u00e4ller upp i kyrkovalet i Bromma, har tillsammans uttryckt vad vi vill arbeta f\u00f6r: www.posk.se\/bromma\/kyrkoval Du kan ocks\u00e5 se vad var och en av oss tycker \u00e4r speciellt viktigt: www.posk.se\/bromma\/kandidatpresentationer Kontaktperson Ingrid Arvidson Ingridarvidson2315@gmail.com Tel.070-6200219 &nbsp;\" \/>\n<meta property=\"og:url\" content=\"https:\/\/www.posk.se\/bromma\/\" \/>\n<meta property=\"og:site_name\" content=\"Bromma\" \/>\n<meta property=\"article:modified_time\" content=\"2025-08-29T21:23:46+00:00\" \/>\n<meta property=\"og:image\" content=\"https:\/\/www.posk.se\/bromma\/wp-content\/uploads\/sites\/257\/2025\/07\/bild1-e1756501494912.jpg\" \/>\n\t<meta property=\"og:image:width\" content=\"1506\" \/>\n\t<meta property=\"og:image:height\" content=\"615\" \/>\n\t<meta property=\"og:image:type\" content=\"image\/jpeg\" \/>\n<meta name=\"twitter:card\" content=\"summary_large_image\" \/>\n<meta name=\"twitter:label1\" content=\"Ber\u00e4knad l\u00e4stid\" \/>\n\t<meta name=\"twitter:data1\" content=\"1 minut\" \/>\n<script type=\"application\/ld+json\" class=\"yoast-schema-graph\">{\"@context\":\"https:\/\/schema.org\",\"@graph\":[{\"@type\":\"WebPage\",\"@id\":\"https:\/\/www.posk.se\/bromma\/\",\"url\":\"https:\/\/www.posk.se\/bromma\/\",\"name\":\"Startsidan - Bromma\",\"isPartOf\":{\"@id\":\"https:\/\/www.posk.se\/bromma\/#website\"},\"primaryImageOfPage\":{\"@id\":\"https:\/\/www.posk.se\/bromma\/#primaryimage\"},\"image\":{\"@id\":\"https:\/\/www.posk.se\/bromma\/#primaryimage\"},\"thumbnailUrl\":\"https:\/\/www.posk.se\/bromma\/wp-content\/uploads\/sites\/257\/2025\/07\/bild1-e1756501494912.jpg\",\"datePublished\":\"2020-10-26T14:38:17+00:00\",\"dateModified\":\"2025-08-29T21:23:46+00:00\",\"breadcrumb\":{\"@id\":\"https:\/\/www.posk.se\/bromma\/#breadcrumb\"},\"inLanguage\":\"sv-SE\",\"potentialAction\":[{\"@type\":\"ReadAction\",\"target\":[\"https:\/\/www.posk.se\/bromma\/\"]}]},{\"@type\":\"ImageObject\",\"inLanguage\":\"sv-SE\",\"@id\":\"https:\/\/www.posk.se\/bromma\/#primaryimage\",\"url\":\"https:\/\/www.posk.se\/bromma\/wp-content\/uploads\/sites\/257\/2025\/07\/bild1-e1756501494912.jpg\",\"contentUrl\":\"https:\/\/www.posk.se\/bromma\/wp-content\/uploads\/sites\/257\/2025\/07\/bild1-e1756501494912.jpg\",\"width\":1506,\"height\":615},{\"@type\":\"BreadcrumbList\",\"@id\":\"https:\/\/www.posk.se\/bromma\/#breadcrumb\",\"itemListElement\":[{\"@type\":\"ListItem\",\"position\":1,\"name\":\"Hem\",\"item\":\"https:\/\/www.posk.se\/bromma\/\"},{\"@type\":\"ListItem\",\"position\":2,\"name\":\"Startsidan\"}]},{\"@type\":\"WebSite\",\"@id\":\"https:\/\/www.posk.se\/bromma\/#website\",\"url\":\"https:\/\/www.posk.se\/bromma\/\",\"name\":\"Bromma\",\"description\":\"POSK-grupp i Stockholms stift\",\"potentialAction\":[{\"@type\":\"SearchAction\",\"target\":{\"@type\":\"EntryPoint\",\"urlTemplate\":\"https:\/\/www.posk.se\/bromma\/?s={search_term_string}\"},\"query-input\":{\"@type\":\"PropertyValueSpecification\",\"valueRequired\":true,\"valueName\":\"search_term_string\"}}],\"inLanguage\":\"sv-SE\"}]}<\/script>\n<!-- \/ Yoast SEO plugin. -->","yoast_head_json":{"title":"Startsidan - Bromma","robots":{"index":"index","follow":"follow","max-snippet":"max-snippet:-1","max-image-preview":"max-image-preview:large","max-video-preview":"max-video-preview:-1"},"canonical":"https:\/\/www.posk.se\/bromma\/","og_locale":"sv_SE","og_type":"article","og_title":"Startsidan - Bromma","og_description":"V\u00e4lkommen till POSK Brommas hemsida! Vi, som st\u00e4ller upp i kyrkovalet i Bromma, har tillsammans uttryckt vad vi vill arbeta f\u00f6r: www.posk.se\/bromma\/kyrkoval Du kan ocks\u00e5 se vad var och en av oss tycker \u00e4r speciellt viktigt: www.posk.se\/bromma\/kandidatpresentationer Kontaktperson Ingrid Arvidson Ingridarvidson2315@gmail.com Tel.070-6200219 &nbsp;","og_url":"https:\/\/www.posk.se\/bromma\/","og_site_name":"Bromma","article_modified_time":"2025-08-29T21:23:46+00:00","og_image":[{"width":1506,"height":615,"url":"https:\/\/www.posk.se\/bromma\/wp-content\/uploads\/sites\/257\/2025\/07\/bild1-e1756501494912.jpg","type":"image\/jpeg"}],"twitter_card":"summary_large_image","twitter_misc":{"Ber\u00e4knad l\u00e4stid":"1 minut"},"schema":{"@context":"https:\/\/schema.org","@graph":[{"@type":"WebPage","@id":"https:\/\/www.posk.se\/bromma\/","url":"https:\/\/www.posk.se\/bromma\/","name":"Startsidan - Bromma","isPartOf":{"@id":"https:\/\/www.posk.se\/bromma\/#website"},"primaryImageOfPage":{"@id":"https:\/\/www.posk.se\/bromma\/#primaryimage"},"image":{"@id":"https:\/\/www.posk.se\/bromma\/#primaryimage"},"thumbnailUrl":"https:\/\/www.posk.se\/bromma\/wp-content\/uploads\/sites\/257\/2025\/07\/bild1-e1756501494912.jpg","datePublished":"2020-10-26T14:38:17+00:00","dateModified":"2025-08-29T21:23:46+00:00","breadcrumb":{"@id":"https:\/\/www.posk.se\/bromma\/#breadcrumb"},"inLanguage":"sv-SE","potentialAction":[{"@type":"ReadAction","target":["https:\/\/www.posk.se\/bromma\/"]}]},{"@type":"ImageObject","inLanguage":"sv-SE","@id":"https:\/\/www.posk.se\/bromma\/#primaryimage","url":"https:\/\/www.posk.se\/bromma\/wp-content\/uploads\/sites\/257\/2025\/07\/bild1-e1756501494912.jpg","contentUrl":"https:\/\/www.posk.se\/bromma\/wp-content\/uploads\/sites\/257\/2025\/07\/bild1-e1756501494912.jpg","width":1506,"height":615},{"@type":"BreadcrumbList","@id":"https:\/\/www.posk.se\/bromma\/#breadcrumb","itemListElement":[{"@type":"ListItem","position":1,"name":"Hem","item":"https:\/\/www.posk.se\/bromma\/"},{"@type":"ListItem","position":2,"name":"Startsidan"}]},{"@type":"WebSite","@id":"https:\/\/www.posk.se\/bromma\/#website","url":"https:\/\/www.posk.se\/bromma\/","name":"Bromma","description":"POSK-grupp i Stockholms stift","potentialAction":[{"@type":"SearchAction","target":{"@type":"EntryPoint","urlTemplate":"https:\/\/www.posk.se\/bromma\/?s={search_term_string}"},"query-input":{"@type":"PropertyValueSpecification","valueRequired":true,"valueName":"search_term_string"}}],"inLanguage":"sv-SE"}]}},"_links":{"self":[{"href":"https:\/\/www.posk.se\/bromma\/wp-json\/wp\/v2\/pages\/5","targetHints":{"allow":["GET"]}}],"collection":[{"href":"https:\/\/www.posk.se\/bromma\/wp-json\/wp\/v2\/pages"}],"about":[{"href":"https:\/\/www.posk.se\/bromma\/wp-json\/wp\/v2\/types\/page"}],"author":[{"embeddable":true,"href":"https:\/\/www.posk.se\/bromma\/wp-json\/wp\/v2\/users\/91"}],"replies":[{"embeddable":true,"href":"https:\/\/www.posk.se\/bromma\/wp-json\/wp\/v2\/comments?post=5"}],"version-history":[{"count":43,"href":"https:\/\/www.posk.se\/bromma\/wp-json\/wp\/v2\/pages\/5\/revisions"}],"predecessor-version":[{"id":346,"href":"https:\/\/www.posk.se\/bromma\/wp-json\/wp\/v2\/pages\/5\/revisions\/346"}],"wp:featuredmedia":[{"embeddable":true,"href":"https:\/\/www.posk.se\/bromma\/wp-json\/wp\/v2\/media\/173"}],"wp:attachment":[{"href":"https:\/\/www.posk.se\/bromma\/wp-json\/wp\/v2\/media?parent=5"}],"curies":[{"name":"wp","href":"https:\/\/api.w.org\/{rel}","templated":true}]}}