{"id":31,"date":"2021-06-09T10:35:25","date_gmt":"2021-06-09T08:35:25","guid":{"rendered":"https:\/\/www.posk.se\/botkyrka\/?page_id=31"},"modified":"2025-11-05T15:42:49","modified_gmt":"2025-11-05T14:42:49","slug":"kyrkovalet-2021","status":"publish","type":"page","link":"https:\/\/www.posk.se\/botkyrka\/kyrkovalet-2021\/","title":{"rendered":"Detta vill vi"},"content":{"rendered":"<h3>Detta vill POSK Botkyrka 2025 &#8211; 2029<\/h3>\n<ul>\n<li><strong>Kyrkan har en egen och unik r\u00f6st i samh\u00e4llsdebatten<\/strong> och ska ta ansvar d\u00e4r vi ser att samh\u00e4llet ibland brister. Satsa mer p\u00e5 kyrkans diakonala arbete b\u00e5de lokalt och internationellt.<\/li>\n<li><strong>Erbjuda n\u00e4rvaro, gemenskap och v\u00e4xt<\/strong> genom framf\u00f6r allt gudstj\u00e4nster och diakoni. Alla v\u00e5ra kyrkor ska pr\u00e4glas av ett \u00f6ppet och v\u00e4lkomnande klimat.<\/li>\n<li><strong>Fortsatt satsning p\u00e5 barn och unga. <\/strong>De ska p\u00e5 allvar f\u00e5 ta plats p\u00e5 sina egna villkor i gudstj\u00e4nster och f\u00f6rsamlingsliv. Kostnadsfritt!<\/li>\n<li><strong>En sann och \u00f6ppen dialog mellan m\u00e4nniskor av olika tro.<\/strong> Religionsdialogen ska fortsatt prioriteras.<\/li>\n<li><strong>Forts\u00e4tta Svenska kyrkans milj\u00f6diplomeringsarbete<\/strong>.<\/li>\n<li><strong>\u00c5terh\u00e5llsamhet med arvoden<\/strong> f\u00f6r f\u00f6rtroendevalda. Inget f\u00f6r ledam\u00f6terna i kyrkofullm\u00e4ktige. Mandatst\u00f6det till nomineringsgrupperna b\u00f6r bara utbetalas under val\u00e5r.<\/li>\n<\/ul>\n<h3>Vi vill ha en kyrka som \u00e4r sj\u00e4lvklar i livets olika faser genom att<\/h3>\n<ul>\n<li><strong>Forts\u00e4tta utveckla gudstj\u00e4nstformer och aktiviteter<\/strong> p\u00e5 olika tider och p\u00e5 olika s\u00e4tt. Alla ska kunna hitta sin naturliga m\u00f6tesplats beroende p\u00e5 var man befinner sig i livet.<\/li>\n<li><strong>\u00a0H\u00f6ja statusen f\u00f6r ideellt arbete.<\/strong> Varje m\u00e4nniska \u00e4r en g\u00e5va i f\u00f6rsamlingens liv och b\u00f6r f\u00e5 m\u00f6jlighet att engagera sig ideellt. Detta medf\u00f6r b\u00e5de individens egen v\u00e4xt och bidrar till m\u00e5ngfald och utveckling av verksamheten.<\/li>\n<li>\u00a0Varje distrikt arbetar f\u00f6r att st\u00e4rka <strong>samh\u00f6righeten mellan anst\u00e4llda och kyrkfolket<\/strong> i organiseringen av distriktens arbete.<\/li>\n<li>\u00a0<strong>Utveckla f\u00f6rsamlingens kommunikation<\/strong> s\u00e5 att den n\u00e5r s\u00e5v\u00e4l regelbundna som tillf\u00e4lliga kyrkobes\u00f6kare i livets alla faser. Ta till vara p\u00e5 ungdomars kunskap om sociala media.<\/li>\n<li>\u00a0Alla kyrkor ska ha <strong>funktionella m\u00f6tesplatser<\/strong> som \u00e4r \u00f6ppna f\u00f6r alla i anslutning till gudstj\u00e4nster.<\/li>\n<\/ul>\n<p>POSK\u00a0 \u00e4r fortfarande n\u00e4st st\u00f6rsta gruppen i Botkyrka f\u00f6rsamlings kyrkofullm\u00e4ktige med 8 mandat.<\/p>\n<p><em>Vill du vara s\u00e4ker p\u00e5 att ha en f\u00f6rsamling fri fr\u00e5n partipolitik och h\u00e4nsyn som inte har med kyrkan att g\u00f6ra?<\/em><\/p>\n<h4>R\u00f6sta alltid p\u00e5 POSK!<\/h4>\n","protected":false},"excerpt":{"rendered":"<p>Detta vill POSK Botkyrka 2025 &#8211; 2029 Kyrkan har en egen och unik r\u00f6st i samh\u00e4llsdebatten och ska ta ansvar d\u00e4r vi ser att samh\u00e4llet ibland brister. Satsa mer p\u00e5 kyrkans diakonala arbete b\u00e5de lokalt och internationellt. Erbjuda n\u00e4rvaro, gemenskap och v\u00e4xt genom framf\u00f6r allt gudstj\u00e4nster och diakoni. Alla v\u00e5ra kyrkor ska pr\u00e4glas av ett [&hellip;]<\/p>\n","protected":false},"author":1536,"featured_media":273,"parent":0,"menu_order":1,"comment_status":"closed","ping_status":"closed","template":"page-templates\/page-sidebar-left.php","meta":{"_acf_changed":false,"footnotes":""},"class_list":["post-31","page","type-page","status-publish","has-post-thumbnail","hentry"],"acf":[],"yoast_head":"<!-- This site is optimized with the Yoast SEO plugin v24.9 - https:\/\/yoast.com\/wordpress\/plugins\/seo\/ -->\n<title>Detta vill vi - Botkyrka<\/title>\n<meta name=\"robots\" content=\"index, follow, max-snippet:-1, max-image-preview:large, max-video-preview:-1\" \/>\n<link rel=\"canonical\" href=\"https:\/\/www.posk.se\/botkyrka\/kyrkovalet-2021\/\" \/>\n<meta property=\"og:locale\" content=\"sv_SE\" \/>\n<meta property=\"og:type\" content=\"article\" \/>\n<meta property=\"og:title\" content=\"Detta vill vi - Botkyrka\" \/>\n<meta property=\"og:description\" content=\"Detta vill POSK Botkyrka 2025 &#8211; 2029 Kyrkan har en egen och unik r\u00f6st i samh\u00e4llsdebatten och ska ta ansvar d\u00e4r vi ser att samh\u00e4llet ibland brister. Satsa mer p\u00e5 kyrkans diakonala arbete b\u00e5de lokalt och internationellt. Erbjuda n\u00e4rvaro, gemenskap och v\u00e4xt genom framf\u00f6r allt gudstj\u00e4nster och diakoni. Alla v\u00e5ra kyrkor ska pr\u00e4glas av ett [&hellip;]\" \/>\n<meta property=\"og:url\" content=\"https:\/\/www.posk.se\/botkyrka\/kyrkovalet-2021\/\" \/>\n<meta property=\"og:site_name\" content=\"Botkyrka\" \/>\n<meta property=\"article:modified_time\" content=\"2025-11-05T14:42:49+00:00\" \/>\n<meta property=\"og:image\" content=\"https:\/\/www.posk.se\/botkyrka\/wp-content\/uploads\/sites\/134\/2025\/09\/grupp-1-5.jpg\" \/>\n\t<meta property=\"og:image:width\" content=\"2048\" \/>\n\t<meta property=\"og:image:height\" content=\"1293\" \/>\n\t<meta property=\"og:image:type\" content=\"image\/jpeg\" \/>\n<meta name=\"twitter:card\" content=\"summary_large_image\" \/>\n<meta name=\"twitter:label1\" content=\"Ber\u00e4knad l\u00e4stid\" \/>\n\t<meta name=\"twitter:data1\" content=\"2 minuter\" \/>\n<script type=\"application\/ld+json\" class=\"yoast-schema-graph\">{\"@context\":\"https:\/\/schema.org\",\"@graph\":[{\"@type\":\"WebPage\",\"@id\":\"https:\/\/www.posk.se\/botkyrka\/kyrkovalet-2021\/\",\"url\":\"https:\/\/www.posk.se\/botkyrka\/kyrkovalet-2021\/\",\"name\":\"Detta vill vi - Botkyrka\",\"isPartOf\":{\"@id\":\"https:\/\/www.posk.se\/botkyrka\/#website\"},\"primaryImageOfPage\":{\"@id\":\"https:\/\/www.posk.se\/botkyrka\/kyrkovalet-2021\/#primaryimage\"},\"image\":{\"@id\":\"https:\/\/www.posk.se\/botkyrka\/kyrkovalet-2021\/#primaryimage\"},\"thumbnailUrl\":\"https:\/\/www.posk.se\/botkyrka\/wp-content\/uploads\/sites\/134\/2025\/09\/grupp-1-5.jpg\",\"datePublished\":\"2021-06-09T08:35:25+00:00\",\"dateModified\":\"2025-11-05T14:42:49+00:00\",\"breadcrumb\":{\"@id\":\"https:\/\/www.posk.se\/botkyrka\/kyrkovalet-2021\/#breadcrumb\"},\"inLanguage\":\"sv-SE\",\"potentialAction\":[{\"@type\":\"ReadAction\",\"target\":[\"https:\/\/www.posk.se\/botkyrka\/kyrkovalet-2021\/\"]}]},{\"@type\":\"ImageObject\",\"inLanguage\":\"sv-SE\",\"@id\":\"https:\/\/www.posk.se\/botkyrka\/kyrkovalet-2021\/#primaryimage\",\"url\":\"https:\/\/www.posk.se\/botkyrka\/wp-content\/uploads\/sites\/134\/2025\/09\/grupp-1-5.jpg\",\"contentUrl\":\"https:\/\/www.posk.se\/botkyrka\/wp-content\/uploads\/sites\/134\/2025\/09\/grupp-1-5.jpg\",\"width\":2048,\"height\":1293},{\"@type\":\"BreadcrumbList\",\"@id\":\"https:\/\/www.posk.se\/botkyrka\/kyrkovalet-2021\/#breadcrumb\",\"itemListElement\":[{\"@type\":\"ListItem\",\"position\":1,\"name\":\"Hem\",\"item\":\"https:\/\/www.posk.se\/botkyrka\/\"},{\"@type\":\"ListItem\",\"position\":2,\"name\":\"Detta vill vi\"}]},{\"@type\":\"WebSite\",\"@id\":\"https:\/\/www.posk.se\/botkyrka\/#website\",\"url\":\"https:\/\/www.posk.se\/botkyrka\/\",\"name\":\"Botkyrka\",\"description\":\"POSK-grupp i Stockholms stift\",\"potentialAction\":[{\"@type\":\"SearchAction\",\"target\":{\"@type\":\"EntryPoint\",\"urlTemplate\":\"https:\/\/www.posk.se\/botkyrka\/?s={search_term_string}\"},\"query-input\":{\"@type\":\"PropertyValueSpecification\",\"valueRequired\":true,\"valueName\":\"search_term_string\"}}],\"inLanguage\":\"sv-SE\"}]}<\/script>\n<!-- \/ Yoast SEO plugin. -->","yoast_head_json":{"title":"Detta vill vi - Botkyrka","robots":{"index":"index","follow":"follow","max-snippet":"max-snippet:-1","max-image-preview":"max-image-preview:large","max-video-preview":"max-video-preview:-1"},"canonical":"https:\/\/www.posk.se\/botkyrka\/kyrkovalet-2021\/","og_locale":"sv_SE","og_type":"article","og_title":"Detta vill vi - Botkyrka","og_description":"Detta vill POSK Botkyrka 2025 &#8211; 2029 Kyrkan har en egen och unik r\u00f6st i samh\u00e4llsdebatten och ska ta ansvar d\u00e4r vi ser att samh\u00e4llet ibland brister. Satsa mer p\u00e5 kyrkans diakonala arbete b\u00e5de lokalt och internationellt. Erbjuda n\u00e4rvaro, gemenskap och v\u00e4xt genom framf\u00f6r allt gudstj\u00e4nster och diakoni. Alla v\u00e5ra kyrkor ska pr\u00e4glas av ett [&hellip;]","og_url":"https:\/\/www.posk.se\/botkyrka\/kyrkovalet-2021\/","og_site_name":"Botkyrka","article_modified_time":"2025-11-05T14:42:49+00:00","og_image":[{"width":2048,"height":1293,"url":"https:\/\/www.posk.se\/botkyrka\/wp-content\/uploads\/sites\/134\/2025\/09\/grupp-1-5.jpg","type":"image\/jpeg"}],"twitter_card":"summary_large_image","twitter_misc":{"Ber\u00e4knad l\u00e4stid":"2 minuter"},"schema":{"@context":"https:\/\/schema.org","@graph":[{"@type":"WebPage","@id":"https:\/\/www.posk.se\/botkyrka\/kyrkovalet-2021\/","url":"https:\/\/www.posk.se\/botkyrka\/kyrkovalet-2021\/","name":"Detta vill vi - Botkyrka","isPartOf":{"@id":"https:\/\/www.posk.se\/botkyrka\/#website"},"primaryImageOfPage":{"@id":"https:\/\/www.posk.se\/botkyrka\/kyrkovalet-2021\/#primaryimage"},"image":{"@id":"https:\/\/www.posk.se\/botkyrka\/kyrkovalet-2021\/#primaryimage"},"thumbnailUrl":"https:\/\/www.posk.se\/botkyrka\/wp-content\/uploads\/sites\/134\/2025\/09\/grupp-1-5.jpg","datePublished":"2021-06-09T08:35:25+00:00","dateModified":"2025-11-05T14:42:49+00:00","breadcrumb":{"@id":"https:\/\/www.posk.se\/botkyrka\/kyrkovalet-2021\/#breadcrumb"},"inLanguage":"sv-SE","potentialAction":[{"@type":"ReadAction","target":["https:\/\/www.posk.se\/botkyrka\/kyrkovalet-2021\/"]}]},{"@type":"ImageObject","inLanguage":"sv-SE","@id":"https:\/\/www.posk.se\/botkyrka\/kyrkovalet-2021\/#primaryimage","url":"https:\/\/www.posk.se\/botkyrka\/wp-content\/uploads\/sites\/134\/2025\/09\/grupp-1-5.jpg","contentUrl":"https:\/\/www.posk.se\/botkyrka\/wp-content\/uploads\/sites\/134\/2025\/09\/grupp-1-5.jpg","width":2048,"height":1293},{"@type":"BreadcrumbList","@id":"https:\/\/www.posk.se\/botkyrka\/kyrkovalet-2021\/#breadcrumb","itemListElement":[{"@type":"ListItem","position":1,"name":"Hem","item":"https:\/\/www.posk.se\/botkyrka\/"},{"@type":"ListItem","position":2,"name":"Detta vill vi"}]},{"@type":"WebSite","@id":"https:\/\/www.posk.se\/botkyrka\/#website","url":"https:\/\/www.posk.se\/botkyrka\/","name":"Botkyrka","description":"POSK-grupp i Stockholms stift","potentialAction":[{"@type":"SearchAction","target":{"@type":"EntryPoint","urlTemplate":"https:\/\/www.posk.se\/botkyrka\/?s={search_term_string}"},"query-input":{"@type":"PropertyValueSpecification","valueRequired":true,"valueName":"search_term_string"}}],"inLanguage":"sv-SE"}]}},"_links":{"self":[{"href":"https:\/\/www.posk.se\/botkyrka\/wp-json\/wp\/v2\/pages\/31","targetHints":{"allow":["GET"]}}],"collection":[{"href":"https:\/\/www.posk.se\/botkyrka\/wp-json\/wp\/v2\/pages"}],"about":[{"href":"https:\/\/www.posk.se\/botkyrka\/wp-json\/wp\/v2\/types\/page"}],"author":[{"embeddable":true,"href":"https:\/\/www.posk.se\/botkyrka\/wp-json\/wp\/v2\/users\/1536"}],"replies":[{"embeddable":true,"href":"https:\/\/www.posk.se\/botkyrka\/wp-json\/wp\/v2\/comments?post=31"}],"version-history":[{"count":19,"href":"https:\/\/www.posk.se\/botkyrka\/wp-json\/wp\/v2\/pages\/31\/revisions"}],"predecessor-version":[{"id":282,"href":"https:\/\/www.posk.se\/botkyrka\/wp-json\/wp\/v2\/pages\/31\/revisions\/282"}],"wp:featuredmedia":[{"embeddable":true,"href":"https:\/\/www.posk.se\/botkyrka\/wp-json\/wp\/v2\/media\/273"}],"wp:attachment":[{"href":"https:\/\/www.posk.se\/botkyrka\/wp-json\/wp\/v2\/media?parent=31"}],"curies":[{"name":"wp","href":"https:\/\/api.w.org\/{rel}","templated":true}]}}