{"id":45,"date":"2018-12-27T16:28:57","date_gmt":"2018-12-27T15:28:57","guid":{"rendered":"https:\/\/www.posk.se\/boras\/?page_id=45"},"modified":"2026-01-18T21:58:49","modified_gmt":"2026-01-18T20:58:49","slug":"medlem","status":"publish","type":"page","link":"https:\/\/www.posk.se\/boras\/medlem\/","title":{"rendered":"Bli medlem"},"content":{"rendered":"<p>V\u00e4lkommen att bli medlem i POSK i Bor\u00e5s. Som medlem \u00e4r det l\u00e4ttare att aktivt vara med och p\u00e5verka Svenska Kyrkans framtid. Med 100kr\/\u00e5r st\u00f6djer du oss i v\u00e5rt arbete med att f\u00e5 ut information, dels p\u00e5 hemsidan och dels genom olika aktiviteter. M\u00e4rk inbetalningen <strong>tydligt<\/strong> med Bor\u00e5s, ditt namn och Medlemsavgift 2026.<\/p>\n<p><strong>Medlemsavgiften s\u00e4tts in p\u00e5 Bankgiro 379 \u2013 62 65 eller Swish 123 210 24 24. <\/strong>Dessa g\u00e5r till POSK Riksf\u00f6rening, s\u00e5 d\u00e4rav viktigt att ange var pengarna kommer ifr\u00e5n.<\/p>\n<p><em>F\u00f6r dig med tv\u00e5 eller fler arvoderade uppdrag \u00e4r medlemsavgiften 500 kr<\/em><\/p>\n<p>Det g\u00e5r ocks\u00e5 bra att maila namn och adress till Andreas Paulsson,\u00a0<b>\u00a0a.paulsson518(at)gmail.com\u00a0<\/b>, eller\u00a0sms:a namn och nummer till 0703-442744, s\u00e5 kommer vi i kontakt med varandra p\u00e5 det s\u00e4ttet.<\/p>\n<p>G\u00e5va emottages ocks\u00e5 med tacksamhet<\/p>\n","protected":false},"excerpt":{"rendered":"<p>V\u00e4lkommen att bli medlem i POSK i Bor\u00e5s. Som medlem \u00e4r det l\u00e4ttare att aktivt vara med och p\u00e5verka Svenska Kyrkans framtid. Med 100kr\/\u00e5r st\u00f6djer du oss i v\u00e5rt arbete med att f\u00e5 ut information, dels p\u00e5 hemsidan och dels genom olika aktiviteter. M\u00e4rk inbetalningen tydligt med Bor\u00e5s, ditt namn och Medlemsavgift 2026. Medlemsavgiften s\u00e4tts [&hellip;]<\/p>\n","protected":false},"author":105,"featured_media":0,"parent":0,"menu_order":11,"comment_status":"closed","ping_status":"closed","template":"page-templates\/page-sidebar-left.php","meta":{"_acf_changed":false,"footnotes":""},"class_list":["post-45","page","type-page","status-publish","hentry"],"acf":[],"yoast_head":"<!-- This site is optimized with the Yoast SEO plugin v24.9 - https:\/\/yoast.com\/wordpress\/plugins\/seo\/ -->\n<title>Bli medlem - Bor\u00e5s<\/title>\n<meta name=\"robots\" content=\"index, follow, max-snippet:-1, max-image-preview:large, max-video-preview:-1\" \/>\n<link rel=\"canonical\" href=\"https:\/\/www.posk.se\/boras\/medlem\/\" \/>\n<meta property=\"og:locale\" content=\"sv_SE\" \/>\n<meta property=\"og:type\" content=\"article\" \/>\n<meta property=\"og:title\" content=\"Bli medlem - Bor\u00e5s\" \/>\n<meta property=\"og:description\" content=\"V\u00e4lkommen att bli medlem i POSK i Bor\u00e5s. Som medlem \u00e4r det l\u00e4ttare att aktivt vara med och p\u00e5verka Svenska Kyrkans framtid. Med 100kr\/\u00e5r st\u00f6djer du oss i v\u00e5rt arbete med att f\u00e5 ut information, dels p\u00e5 hemsidan och dels genom olika aktiviteter. M\u00e4rk inbetalningen tydligt med Bor\u00e5s, ditt namn och Medlemsavgift 2026. Medlemsavgiften s\u00e4tts [&hellip;]\" \/>\n<meta property=\"og:url\" content=\"https:\/\/www.posk.se\/boras\/medlem\/\" \/>\n<meta property=\"og:site_name\" content=\"Bor\u00e5s\" \/>\n<meta property=\"article:modified_time\" content=\"2026-01-18T20:58:49+00:00\" \/>\n<meta name=\"twitter:card\" content=\"summary_large_image\" \/>\n<meta name=\"twitter:label1\" content=\"Ber\u00e4knad l\u00e4stid\" \/>\n\t<meta name=\"twitter:data1\" content=\"1 minut\" \/>\n<script type=\"application\/ld+json\" class=\"yoast-schema-graph\">{\"@context\":\"https:\/\/schema.org\",\"@graph\":[{\"@type\":\"WebPage\",\"@id\":\"https:\/\/www.posk.se\/boras\/medlem\/\",\"url\":\"https:\/\/www.posk.se\/boras\/medlem\/\",\"name\":\"Bli medlem - Bor\u00e5s\",\"isPartOf\":{\"@id\":\"https:\/\/www.posk.se\/boras\/#website\"},\"datePublished\":\"2018-12-27T15:28:57+00:00\",\"dateModified\":\"2026-01-18T20:58:49+00:00\",\"breadcrumb\":{\"@id\":\"https:\/\/www.posk.se\/boras\/medlem\/#breadcrumb\"},\"inLanguage\":\"sv-SE\",\"potentialAction\":[{\"@type\":\"ReadAction\",\"target\":[\"https:\/\/www.posk.se\/boras\/medlem\/\"]}]},{\"@type\":\"BreadcrumbList\",\"@id\":\"https:\/\/www.posk.se\/boras\/medlem\/#breadcrumb\",\"itemListElement\":[{\"@type\":\"ListItem\",\"position\":1,\"name\":\"Hem\",\"item\":\"https:\/\/www.posk.se\/boras\/\"},{\"@type\":\"ListItem\",\"position\":2,\"name\":\"Bli medlem\"}]},{\"@type\":\"WebSite\",\"@id\":\"https:\/\/www.posk.se\/boras\/#website\",\"url\":\"https:\/\/www.posk.se\/boras\/\",\"name\":\"Bor\u00e5s\",\"description\":\"POSK-grupp i Skara stift\",\"potentialAction\":[{\"@type\":\"SearchAction\",\"target\":{\"@type\":\"EntryPoint\",\"urlTemplate\":\"https:\/\/www.posk.se\/boras\/?s={search_term_string}\"},\"query-input\":{\"@type\":\"PropertyValueSpecification\",\"valueRequired\":true,\"valueName\":\"search_term_string\"}}],\"inLanguage\":\"sv-SE\"}]}<\/script>\n<!-- \/ Yoast SEO plugin. -->","yoast_head_json":{"title":"Bli medlem - Bor\u00e5s","robots":{"index":"index","follow":"follow","max-snippet":"max-snippet:-1","max-image-preview":"max-image-preview:large","max-video-preview":"max-video-preview:-1"},"canonical":"https:\/\/www.posk.se\/boras\/medlem\/","og_locale":"sv_SE","og_type":"article","og_title":"Bli medlem - Bor\u00e5s","og_description":"V\u00e4lkommen att bli medlem i POSK i Bor\u00e5s. Som medlem \u00e4r det l\u00e4ttare att aktivt vara med och p\u00e5verka Svenska Kyrkans framtid. Med 100kr\/\u00e5r st\u00f6djer du oss i v\u00e5rt arbete med att f\u00e5 ut information, dels p\u00e5 hemsidan och dels genom olika aktiviteter. M\u00e4rk inbetalningen tydligt med Bor\u00e5s, ditt namn och Medlemsavgift 2026. Medlemsavgiften s\u00e4tts [&hellip;]","og_url":"https:\/\/www.posk.se\/boras\/medlem\/","og_site_name":"Bor\u00e5s","article_modified_time":"2026-01-18T20:58:49+00:00","twitter_card":"summary_large_image","twitter_misc":{"Ber\u00e4knad l\u00e4stid":"1 minut"},"schema":{"@context":"https:\/\/schema.org","@graph":[{"@type":"WebPage","@id":"https:\/\/www.posk.se\/boras\/medlem\/","url":"https:\/\/www.posk.se\/boras\/medlem\/","name":"Bli medlem - Bor\u00e5s","isPartOf":{"@id":"https:\/\/www.posk.se\/boras\/#website"},"datePublished":"2018-12-27T15:28:57+00:00","dateModified":"2026-01-18T20:58:49+00:00","breadcrumb":{"@id":"https:\/\/www.posk.se\/boras\/medlem\/#breadcrumb"},"inLanguage":"sv-SE","potentialAction":[{"@type":"ReadAction","target":["https:\/\/www.posk.se\/boras\/medlem\/"]}]},{"@type":"BreadcrumbList","@id":"https:\/\/www.posk.se\/boras\/medlem\/#breadcrumb","itemListElement":[{"@type":"ListItem","position":1,"name":"Hem","item":"https:\/\/www.posk.se\/boras\/"},{"@type":"ListItem","position":2,"name":"Bli medlem"}]},{"@type":"WebSite","@id":"https:\/\/www.posk.se\/boras\/#website","url":"https:\/\/www.posk.se\/boras\/","name":"Bor\u00e5s","description":"POSK-grupp i Skara stift","potentialAction":[{"@type":"SearchAction","target":{"@type":"EntryPoint","urlTemplate":"https:\/\/www.posk.se\/boras\/?s={search_term_string}"},"query-input":{"@type":"PropertyValueSpecification","valueRequired":true,"valueName":"search_term_string"}}],"inLanguage":"sv-SE"}]}},"_links":{"self":[{"href":"https:\/\/www.posk.se\/boras\/wp-json\/wp\/v2\/pages\/45","targetHints":{"allow":["GET"]}}],"collection":[{"href":"https:\/\/www.posk.se\/boras\/wp-json\/wp\/v2\/pages"}],"about":[{"href":"https:\/\/www.posk.se\/boras\/wp-json\/wp\/v2\/types\/page"}],"author":[{"embeddable":true,"href":"https:\/\/www.posk.se\/boras\/wp-json\/wp\/v2\/users\/105"}],"replies":[{"embeddable":true,"href":"https:\/\/www.posk.se\/boras\/wp-json\/wp\/v2\/comments?post=45"}],"version-history":[{"count":18,"href":"https:\/\/www.posk.se\/boras\/wp-json\/wp\/v2\/pages\/45\/revisions"}],"predecessor-version":[{"id":407,"href":"https:\/\/www.posk.se\/boras\/wp-json\/wp\/v2\/pages\/45\/revisions\/407"}],"wp:attachment":[{"href":"https:\/\/www.posk.se\/boras\/wp-json\/wp\/v2\/media?parent=45"}],"curies":[{"name":"wp","href":"https:\/\/api.w.org\/{rel}","templated":true}]}}