{"id":20,"date":"2016-07-20T12:08:44","date_gmt":"2016-07-20T10:08:44","guid":{"rendered":"https:\/\/www.posk.se\/fleninge\/?page_id=20"},"modified":"2020-05-26T16:48:07","modified_gmt":"2020-05-26T14:48:07","slug":"startsidan-2","status":"publish","type":"page","link":"https:\/\/www.posk.se\/allerum\/","title":{"rendered":"Startsidan"},"content":{"rendered":"<p>Fleninge f\u00f6rsamling ing\u00e5r numera i Allerums pastorat, d\u00e4r POSK finns representerat i kyrkofullm\u00e4ktige.<\/p>\n<p><strong>Kontakt:<\/strong><br \/>\nHelena Tengstrand, \u00d6d\u00e5kra.<\/p>\n<p><a href=\"mailto:helena.tengstrand@helsingborg.se\">Epost<\/a><\/p>\n<p>&nbsp;<\/p>\n<div class=\"&quot;kyrkovalet_se&quot;\"><\/div>\n","protected":false},"excerpt":{"rendered":"<p>Fleninge f\u00f6rsamling ing\u00e5r numera i Allerums pastorat, d\u00e4r POSK finns representerat i kyrkofullm\u00e4ktige. Kontakt: Helena Tengstrand, \u00d6d\u00e5kra. Epost &nbsp;<\/p>\n","protected":false},"author":1,"featured_media":0,"parent":0,"menu_order":0,"comment_status":"closed","ping_status":"closed","template":"page-templates\/page-sidebar-left.php","meta":{"_acf_changed":false,"footnotes":""},"class_list":["post-20","page","type-page","status-publish","hentry"],"acf":[],"yoast_head":"<!-- This site is optimized with the Yoast SEO plugin v24.9 - https:\/\/yoast.com\/wordpress\/plugins\/seo\/ -->\n<title>Startsidan - Allerum<\/title>\n<meta name=\"robots\" content=\"index, follow, max-snippet:-1, max-image-preview:large, max-video-preview:-1\" \/>\n<link rel=\"canonical\" href=\"https:\/\/www.posk.se\/allerum\/\" \/>\n<meta property=\"og:locale\" content=\"sv_SE\" \/>\n<meta property=\"og:type\" content=\"article\" \/>\n<meta property=\"og:title\" content=\"Startsidan - Allerum\" \/>\n<meta property=\"og:description\" content=\"Fleninge f\u00f6rsamling ing\u00e5r numera i Allerums pastorat, d\u00e4r POSK finns representerat i kyrkofullm\u00e4ktige. Kontakt: Helena Tengstrand, \u00d6d\u00e5kra. Epost &nbsp;\" \/>\n<meta property=\"og:url\" content=\"https:\/\/www.posk.se\/allerum\/\" \/>\n<meta property=\"og:site_name\" content=\"Allerum\" \/>\n<meta property=\"article:modified_time\" content=\"2020-05-26T14:48:07+00:00\" \/>\n<meta name=\"twitter:card\" content=\"summary_large_image\" \/>\n<script type=\"application\/ld+json\" class=\"yoast-schema-graph\">{\"@context\":\"https:\/\/schema.org\",\"@graph\":[{\"@type\":\"WebPage\",\"@id\":\"https:\/\/www.posk.se\/allerum\/\",\"url\":\"https:\/\/www.posk.se\/allerum\/\",\"name\":\"Startsidan - Allerum\",\"isPartOf\":{\"@id\":\"https:\/\/www.posk.se\/allerum\/#website\"},\"datePublished\":\"2016-07-20T10:08:44+00:00\",\"dateModified\":\"2020-05-26T14:48:07+00:00\",\"breadcrumb\":{\"@id\":\"https:\/\/www.posk.se\/allerum\/#breadcrumb\"},\"inLanguage\":\"sv-SE\",\"potentialAction\":[{\"@type\":\"ReadAction\",\"target\":[\"https:\/\/www.posk.se\/allerum\/\"]}]},{\"@type\":\"BreadcrumbList\",\"@id\":\"https:\/\/www.posk.se\/allerum\/#breadcrumb\",\"itemListElement\":[{\"@type\":\"ListItem\",\"position\":1,\"name\":\"Hem\",\"item\":\"https:\/\/www.posk.se\/allerum\/\"},{\"@type\":\"ListItem\",\"position\":2,\"name\":\"Startsidan\"}]},{\"@type\":\"WebSite\",\"@id\":\"https:\/\/www.posk.se\/allerum\/#website\",\"url\":\"https:\/\/www.posk.se\/allerum\/\",\"name\":\"Allerum\",\"description\":\"POSK-grupp i Lunds stift\",\"potentialAction\":[{\"@type\":\"SearchAction\",\"target\":{\"@type\":\"EntryPoint\",\"urlTemplate\":\"https:\/\/www.posk.se\/allerum\/?s={search_term_string}\"},\"query-input\":{\"@type\":\"PropertyValueSpecification\",\"valueRequired\":true,\"valueName\":\"search_term_string\"}}],\"inLanguage\":\"sv-SE\"}]}<\/script>\n<!-- \/ Yoast SEO plugin. -->","yoast_head_json":{"title":"Startsidan - Allerum","robots":{"index":"index","follow":"follow","max-snippet":"max-snippet:-1","max-image-preview":"max-image-preview:large","max-video-preview":"max-video-preview:-1"},"canonical":"https:\/\/www.posk.se\/allerum\/","og_locale":"sv_SE","og_type":"article","og_title":"Startsidan - Allerum","og_description":"Fleninge f\u00f6rsamling ing\u00e5r numera i Allerums pastorat, d\u00e4r POSK finns representerat i kyrkofullm\u00e4ktige. Kontakt: Helena Tengstrand, \u00d6d\u00e5kra. Epost &nbsp;","og_url":"https:\/\/www.posk.se\/allerum\/","og_site_name":"Allerum","article_modified_time":"2020-05-26T14:48:07+00:00","twitter_card":"summary_large_image","schema":{"@context":"https:\/\/schema.org","@graph":[{"@type":"WebPage","@id":"https:\/\/www.posk.se\/allerum\/","url":"https:\/\/www.posk.se\/allerum\/","name":"Startsidan - Allerum","isPartOf":{"@id":"https:\/\/www.posk.se\/allerum\/#website"},"datePublished":"2016-07-20T10:08:44+00:00","dateModified":"2020-05-26T14:48:07+00:00","breadcrumb":{"@id":"https:\/\/www.posk.se\/allerum\/#breadcrumb"},"inLanguage":"sv-SE","potentialAction":[{"@type":"ReadAction","target":["https:\/\/www.posk.se\/allerum\/"]}]},{"@type":"BreadcrumbList","@id":"https:\/\/www.posk.se\/allerum\/#breadcrumb","itemListElement":[{"@type":"ListItem","position":1,"name":"Hem","item":"https:\/\/www.posk.se\/allerum\/"},{"@type":"ListItem","position":2,"name":"Startsidan"}]},{"@type":"WebSite","@id":"https:\/\/www.posk.se\/allerum\/#website","url":"https:\/\/www.posk.se\/allerum\/","name":"Allerum","description":"POSK-grupp i Lunds stift","potentialAction":[{"@type":"SearchAction","target":{"@type":"EntryPoint","urlTemplate":"https:\/\/www.posk.se\/allerum\/?s={search_term_string}"},"query-input":{"@type":"PropertyValueSpecification","valueRequired":true,"valueName":"search_term_string"}}],"inLanguage":"sv-SE"}]}},"_links":{"self":[{"href":"https:\/\/www.posk.se\/allerum\/wp-json\/wp\/v2\/pages\/20","targetHints":{"allow":["GET"]}}],"collection":[{"href":"https:\/\/www.posk.se\/allerum\/wp-json\/wp\/v2\/pages"}],"about":[{"href":"https:\/\/www.posk.se\/allerum\/wp-json\/wp\/v2\/types\/page"}],"author":[{"embeddable":true,"href":"https:\/\/www.posk.se\/allerum\/wp-json\/wp\/v2\/users\/1"}],"replies":[{"embeddable":true,"href":"https:\/\/www.posk.se\/allerum\/wp-json\/wp\/v2\/comments?post=20"}],"version-history":[{"count":10,"href":"https:\/\/www.posk.se\/allerum\/wp-json\/wp\/v2\/pages\/20\/revisions"}],"predecessor-version":[{"id":36,"href":"https:\/\/www.posk.se\/allerum\/wp-json\/wp\/v2\/pages\/20\/revisions\/36"}],"wp:attachment":[{"href":"https:\/\/www.posk.se\/allerum\/wp-json\/wp\/v2\/media?parent=20"}],"curies":[{"name":"wp","href":"https:\/\/api.w.org\/{rel}","templated":true}]}}